{"id":3938,"date":"2025-12-04T14:13:28","date_gmt":"2025-12-04T14:13:28","guid":{"rendered":"https:\/\/area42.tech\/publications-de-larea42\/"},"modified":"2026-04-15T10:34:45","modified_gmt":"2026-04-15T09:34:45","slug":"publications-de-larea42","status":"publish","type":"page","link":"https:\/\/area42.tech\/fr\/publications-de-larea42\/","title":{"rendered":"Publications de l&rsquo;AREA42"},"content":{"rendered":"<div class=\"gb-container gb-container-f2c5f36c\">\n<div class=\"gb-grid-wrapper gb-grid-wrapper-cfbb0016\">\n<div class=\"gb-grid-column gb-grid-column-4c6e73aa\"><div class=\"gb-container gb-container-4c6e73aa\">\n<div class=\"gb-container gb-container-4475b617\">\n\n<p class=\"eyebrow\">PERSPECTIVES<\/p>\n\n<\/div>\n\n\n<h1 class=\"wp-block-heading has-area-42-eggplant-color has-text-color\"><strong>Publications de l&rsquo;AREA42<\/strong><\/h1>\n\n\n\n<p class=\"has-area-42-eggplant-color has-text-color\">T\u00e9l\u00e9chargez nos publications gratuites riches en informations sur les paiements B2B et le commerce.<\/p>\n\n\n\n<p class=\"has-area-42-eggplant-color has-text-color\">Mini-guides ! Fiches d&rsquo;information ! Rapports ! Livres blancs !   <\/p>\n\n\n\n<div class=\"wp-block-buttons is-layout-flex wp-block-buttons-is-layout-flex\">\n<div class=\"wp-block-button\" id=\"cta-ROI\"><a class=\"wp-block-button__link has-base-3-color has-credendo-orange-background-color has-text-color has-background wp-element-button\" href=\"https:\/\/area42.tech\/fr\/nous-contacter\/\" style=\"border-radius:100px\"><strong>Nous contacter<\/strong><\/a><\/div>\n\n\n\n<div class=\"wp-block-button is-style-fill\"><a class=\"wp-block-button__link has-charcoal-color has-vintage-gold-background-color has-text-color has-background wp-element-button\" href=\"https:\/\/area42.tech\/fr\/parlez-a-un-expert\/\" style=\"border-radius:100px\"><strong>Parlez \u00e0 un expert<\/strong><\/a><\/div>\n<\/div>\n\n<\/div><\/div>\n\n<div class=\"gb-grid-column gb-grid-column-cf078157\"><div class=\"gb-container gb-container-cf078157 hide-on-mobile \">\n\n<figure class=\"wp-block-image size-full\"><img loading=\"lazy\" decoding=\"async\" width=\"633\" height=\"466\" src=\"https:\/\/area42.tech\/wp-content\/uploads\/2025\/12\/publication_main.png\" alt=\"\" class=\"wp-image-1610\" srcset=\"https:\/\/area42.tech\/wp-content\/uploads\/2025\/12\/publication_main.png 633w, https:\/\/area42.tech\/wp-content\/uploads\/2025\/12\/publication_main-300x221.png 300w\" sizes=\"auto, (max-width: 633px) 100vw, 633px\" \/><\/figure>\n\n<\/div><\/div>\n<\/div>\n<\/div><div class=\"gb-container gb-container-8d0d179a\">\n<div class=\"gb-container gb-container-6f2af85b\">\n\n<div class=\"gb-grid-wrapper gb-grid-wrapper-4df45e4d gb-query-loop-wrapper\"><\/div>\n\n<\/div>\n<\/div><div class=\"gb-container gb-container-1f08a383\">\n<div class=\"gb-container gb-container-2d220ddf\">\n<div class=\"gb-container gb-container-687a13ae\">\n<div class=\"gb-container gb-container-d1b33ce0\">\n\n<h2 class=\"wp-block-heading has-text-align-left\">Nous contacter<\/h2>\n\n\n\n<div class=\"gb-element-33af3dc2\">\n<div class=\"gb-element-c4d6a499\">\n<div>\n<figure class=\"wp-block-image size-full\"><img loading=\"lazy\" decoding=\"async\" width=\"329\" height=\"278\" src=\"https:\/\/area42.tech\/wp-content\/uploads\/2025\/11\/Wouter_contact.png\" alt=\"\" class=\"wp-image-245\" srcset=\"https:\/\/area42.tech\/wp-content\/uploads\/2025\/11\/Wouter_contact.png 329w, https:\/\/area42.tech\/wp-content\/uploads\/2025\/11\/Wouter_contact-300x253.png 300w\" sizes=\"auto, (max-width: 329px) 100vw, 329px\" \/><\/figure>\n<\/div>\n\n\n\n<div>\n<h3 class=\"wp-block-heading\">Bonjour, je suis Benoit!<\/h3>\n\n\n\n<p>Je serais ravi de discuter avec vous de la mani\u00e8re dont nous pouvons aider votre entreprise gr\u00e2ce \u00e0 nos solutions de fonds de roulement. Je me r\u00e9jouis de vous rencontrer et de r\u00e9pondre \u00e0 toutes vos questions concernant AREA42. <\/p>\n\n\n\n<div class=\"wp-block-buttons is-layout-flex wp-block-buttons-is-layout-flex\">\n<div class=\"wp-block-button\" id=\"cta-ROI\"><a class=\"wp-block-button__link has-base-3-color has-credendo-orange-background-color has-text-color has-background wp-element-button\" href=\"https:\/\/area42.tech\/fr\/nous-contacter\/\" style=\"border-radius:100px\"><strong>Nous contacter <\/strong><\/a><\/div>\n\n\n\n<div class=\"wp-block-button is-style-fill\"><a class=\"wp-block-button__link has-charcoal-color has-vintage-gold-background-color has-text-color has-background wp-element-button\" href=\"https:\/\/area42.tech\/fr\/parlez-a-un-expert\/\" style=\"border-radius:100px\"><strong>Parlez \u00e0 un expert<\/strong><\/a><\/div>\n<\/div>\n<\/div>\n<\/div>\n<\/div>\n\n<\/div>\n<\/div>\n<\/div>\n<\/div>","protected":false},"excerpt":{"rendered":"<p>Nous contacter Bonjour, je suis Benoit! Je serais ravi de discuter avec vous de la mani\u00e8re dont nous pouvons aider votre entreprise gr\u00e2ce \u00e0 nos solutions de fonds de roulement. Je me r\u00e9jouis de vous rencontrer et de r\u00e9pondre \u00e0 toutes vos questions concernant AREA42.<\/p>\n","protected":false},"author":3,"featured_media":3840,"parent":0,"menu_order":0,"comment_status":"closed","ping_status":"closed","template":"","meta":{"content-type":"","footnotes":""},"class_list":["post-3938","page","type-page","status-publish","has-post-thumbnail"],"_links":{"self":[{"href":"https:\/\/area42.tech\/fr\/wp-json\/wp\/v2\/pages\/3938","targetHints":{"allow":["GET"]}}],"collection":[{"href":"https:\/\/area42.tech\/fr\/wp-json\/wp\/v2\/pages"}],"about":[{"href":"https:\/\/area42.tech\/fr\/wp-json\/wp\/v2\/types\/page"}],"author":[{"embeddable":true,"href":"https:\/\/area42.tech\/fr\/wp-json\/wp\/v2\/users\/3"}],"replies":[{"embeddable":true,"href":"https:\/\/area42.tech\/fr\/wp-json\/wp\/v2\/comments?post=3938"}],"version-history":[{"count":2,"href":"https:\/\/area42.tech\/fr\/wp-json\/wp\/v2\/pages\/3938\/revisions"}],"predecessor-version":[{"id":3940,"href":"https:\/\/area42.tech\/fr\/wp-json\/wp\/v2\/pages\/3938\/revisions\/3940"}],"wp:featuredmedia":[{"embeddable":true,"href":"https:\/\/area42.tech\/fr\/wp-json\/wp\/v2\/media\/3840"}],"wp:attachment":[{"href":"https:\/\/area42.tech\/fr\/wp-json\/wp\/v2\/media?parent=3938"}],"curies":[{"name":"wp","href":"https:\/\/api.w.org\/{rel}","templated":true}]}}