{"id":3594,"date":"2025-12-19T08:20:51","date_gmt":"2025-12-19T08:20:51","guid":{"rendered":"https:\/\/area42.tech\/alternative-collection\/"},"modified":"2026-04-01T15:24:17","modified_gmt":"2026-04-01T14:24:17","slug":"alternative-collection","status":"publish","type":"page","link":"https:\/\/area42.tech\/fr\/alternative-collection\/","title":{"rendered":"collection alternative"},"content":{"rendered":"<div class=\"gb-container gb-container-12049e89 sticky-subnav\">\n<div class=\"gb-container gb-container-dbbeeb4e\">\n<div class=\"gb-container gb-container-5fd3dd33\">\n<div class=\"gb-container gb-container-9a8b63e7\">\n\n<figure class=\"wp-block-image size-full is-resized\"><a href=\"<!--[CDATA[https:\/\/area42.tech\/termstech-payment-terms-bnpl\/]]--&gt;\"><img decoding=\"async\" src=\"https:\/\/area42.tech\/wp-content\/uploads\/2025\/11\/FF-Mixed-colours-with-gold.svg\" alt=\"Logo TermsTech pour les conditions de paiement diff\u00e9r\u00e9 d'AREA42 et la solution B2B \u00ab Achetez maintenant, payez plus tard \u00bb (BNPL)\" class=\"wp-image-522\" style=\"width:auto;height:35px\"\/><\/a><\/figure>\n\n\n\n<div class=\"gb-element-ac0a8aa7 subnav-link\"><style>.wp-block-kadence-navigation1676-cpt-id{--kb-nav-dropdown-link-color:var(--base-3);--kb-nav-dropdown-link-color-hover:var(--credendo-orange);--kb-nav-dropdown-background:var(--credendo-eggplant);--kb-nav-dropdown-link-background-hover:var(--base-3);--kb-nav-dropdown-border-top-left-radius:5px;--kb-nav-dropdown-border-top-right-radius:5px;--kb-nav-dropdown-border-bottom-right-radius:5px;--kb-nav-dropdown-border-bottom-left-radius:5px;--kb-nav-dropdown-border-radius-top:5px;--kb-nav-dropdown-border-radius-right:5px;--kb-nav-dropdown-border-radius-bottom:5px;--kb-nav-dropdown-border-radius-left:5px;--kb-nav-dropdown-toggle-border-left:var(--kb-nav-link-border-left);--kb-nav-top-not-last-link-border-bottom:var(--kb-nav-link-border-bottom);}.header-desktop-transparent .wp-block-kadence-navigation1676-cpt-id{--kb-nav-dropdown-toggle-border-left:var(--kb-nav-link-border-left);--kb-nav-top-not-last-link-border-bottom:var(--kb-nav-link-border-bottom);}.item-is-stuck .wp-block-kadence-navigation1676-cpt-id{--kb-nav-dropdown-toggle-border-left:var(--kb-nav-link-border-left);--kb-nav-top-not-last-link-border-bottom:var(--kb-nav-link-border-bottom);}.wp-block-kadence-navigation1676-cpt-id{--kb-nav-top-link-color:var(--credendo-black);--kb-nav-top-link-color-hover:var(--credendo-orange);}.wp-block-kadence-navigation1676-cpt-id > .navigation > .menu-container > .menu > .wp-block-kadence-navigation-link > .kb-link-wrap{font-weight:bold;}.wp-block-kadence-navigation1676-cpt-id .sub-menu > .wp-block-kadence-navigation-link > .kb-link-wrap > .kb-nav-link-content{font-weight:bold;}@media all and (max-width: 1024px){.wp-block-kadence-navigation1676-cpt-id{--kb-nav-dropdown-toggle-border-left:var(--kb-nav-link-border-left);--kb-nav-top-not-last-link-border-bottom:var(--kb-nav-link-border-bottom);}}@media all and (max-width: 1024px){.header-tablet-transparent .wp-block-kadence-navigation1676-cpt-id{--kb-nav-dropdown-toggle-border-left:var(--kb-nav-link-border-left);--kb-nav-top-not-last-link-border-bottom:var(--kb-nav-link-border-bottom);}}@media all and (max-width: 1024px){.item-is-stuck .wp-block-kadence-navigation1676-cpt-id{--kb-nav-dropdown-toggle-border-left:var(--kb-nav-link-border-left);--kb-nav-top-not-last-link-border-bottom:var(--kb-nav-link-border-bottom);}}@media all and (max-width: 767px){.wp-block-kadence-navigation1676-cpt-id{--kb-nav-top-not-last-link-border-right:var(--kb-nav-link-border-right);}.header-mobile-transparent .wp-block-kadence-navigation1676-cpt-id{--kb-nav-top-not-last-link-border-right:var(--kb-nav-link-border-right);}.item-is-stuck .wp-block-kadence-navigation1676-cpt-id{--kb-nav-top-not-last-link-border-right:var(--kb-nav-link-border-right);}}<\/style><div class=\"wp-block-kadence-navigation1676-cpt-id kb-nav-desktop-horizontal-layout-standard kb-nav-tablet-horizontal-layout-standard kb-nav-mobile-horizontal-layout-standard navigation-desktop-layout-fill-stretch-false navigation-tablet-layout-fill-stretch-false navigation-mobile-layout-fill-stretch-false navigation-desktop-orientation-horizontal navigation-tablet-orientation-horizontal navigation-mobile-orientation-vertical wp-block-kadence-navigation\" data-scroll-spy=\"\"><nav class=\"navigation navigation-desktop-style-standard navigation-tablet-style-standard navigation-mobile-style-standard navigation-desktop-dropdown-animation-none navigation-tablet-dropdown-animation-none navigation-mobile-dropdown-animation-none navigation-desktop-collapse-sub-menus-true navigation-tablet-collapse-sub-menus-true navigation-mobile-collapse-sub-menus-true navigation-desktop-parent-toggles-menus-false navigation-tablet-parent-toggles-menus-false navigation-mobile-parent-toggles-menus-false navigation-desktop-parent-active-false navigation-tablet-parent-active-false navigation-mobile-parent-active-false\"><div class=\"menu-container\"><ul class=\"kb-navigation menu collapse-sub-nav-desktop-true collapse-sub-nav-tablet-true collapse-sub-nav-mobile-true\">\n<style>.kb-nav-link-1661_f40feb-15 > .kb-link-wrap.kb-link-wrap.kb-link-wrap.kb-link-wrap{--kb-nav-link-highlight-order:3;--kb-nav-link-highlight-icon-order:3;}.kb-nav-link-1661_f40feb-15 > .kb-link-wrap.kb-link-wrap.kb-link-wrap.kb-link-wrap{--kb-nav-link-media-max-width:px;}<\/style><li class=\"kb-nav-link-1661_f40feb-15 menu-item wp-block-kadence-navigation-link\"><div class=\"kb-link-wrap\"><a class=\"kb-nav-link-content\" href=\"https:\/\/area42.tech\/termstech-payment-terms-bnpl\/online-offline-solutions\/\">Solutions<\/a><\/div><\/li>\n\n<style>.kb-nav-link-1661_89b51e-8a > .kb-link-wrap.kb-link-wrap.kb-link-wrap.kb-link-wrap{--kb-nav-link-highlight-order:3;--kb-nav-link-highlight-icon-order:3;}.kb-nav-link-1661_89b51e-8a > .kb-link-wrap.kb-link-wrap.kb-link-wrap.kb-link-wrap{--kb-nav-link-media-max-width:px;}<\/style><li class=\"kb-nav-link-1661_89b51e-8a menu-item menu-item-has-children wp-block-kadence-navigation-link\"><div class=\"kb-link-wrap\"><a class=\"kb-nav-link-content\" href=\"https:\/\/area42.tech\/industry-use-case\/\">Industry use cases<\/a><button aria-label=\"Toggle child menu of Industry use cases\" class=\"kb-nav-dropdown-toggle-btn\" aria-expanded=\"false\"><svg aria-hidden=\"true\" class=\"kb-nav-arrow-svg\" fill=\"currentColor\" version=\"1.1\" xmlns=\"http:\/\/www.w3.org\/2000\/svg\" width=\"24\" height=\"24\" viewBox=\"0 0 24 24\"><path d=\"M5.293 9.707l6 6c0.391 0.391 1.024 0.391 1.414 0l6-6c0.391-0.391 0.391-1.024 0-1.414s-1.024-0.391-1.414 0l-5.293 5.293-5.293-5.293c-0.391-0.391-1.024-0.391-1.414 0s-0.391 1.024 0 1.414z\"><\/path><\/svg><\/button><\/div><ul class=\"sub-menu kb-nav-sub-menu\">\n<style>.kb-nav-link-sspgmtz4t > .kb-link-wrap.kb-link-wrap.kb-link-wrap.kb-link-wrap{--kb-nav-link-highlight-order:3;--kb-nav-link-highlight-icon-order:3;}.kb-nav-link-sspgmtz4t > .kb-link-wrap.kb-link-wrap.kb-link-wrap.kb-link-wrap{--kb-nav-link-media-max-width:px;}<\/style><li class=\"kb-nav-link-sspgmtz4t menu-item wp-block-kadence-navigation-link\"><div class=\"kb-link-wrap\"><a class=\"kb-nav-link-content\" href=\"https:\/\/area42.tech\/industry-use-case\/b2b-bnpl-agriculture\/\">BNPL for agriculture<\/a><\/div><\/li>\n\n<style>.kb-nav-link-1661_07b1cb-9d > .kb-link-wrap.kb-link-wrap.kb-link-wrap.kb-link-wrap{--kb-nav-link-highlight-order:3;--kb-nav-link-highlight-icon-order:3;}.kb-nav-link-1661_07b1cb-9d > .kb-link-wrap.kb-link-wrap.kb-link-wrap.kb-link-wrap{--kb-nav-link-media-max-width:px;}<\/style><li class=\"kb-nav-link-1661_07b1cb-9d menu-item wp-block-kadence-navigation-link\"><div class=\"kb-link-wrap\"><a class=\"kb-nav-link-content\" href=\"https:\/\/area42.tech\/industry-use-case\/b2b-bnpl-electronics\/\">BNPL for electronics<\/a><\/div><\/li>\n\n<style>.kb-nav-link-1661_7c4a04-ff > .kb-link-wrap.kb-link-wrap.kb-link-wrap.kb-link-wrap{--kb-nav-link-highlight-order:3;--kb-nav-link-highlight-icon-order:3;}.kb-nav-link-1661_7c4a04-ff > .kb-link-wrap.kb-link-wrap.kb-link-wrap.kb-link-wrap{--kb-nav-link-media-max-width:px;}<\/style><li class=\"kb-nav-link-1661_7c4a04-ff menu-item wp-block-kadence-navigation-link\"><div class=\"kb-link-wrap\"><a class=\"kb-nav-link-content\" href=\"https:\/\/area42.tech\/industry-use-case\/b2b-bnpl-events-hospitality\/\">BNPL for events and hospitality<\/a><\/div><\/li>\n\n<style>.kb-nav-link-1661_bc9baf-3d > .kb-link-wrap.kb-link-wrap.kb-link-wrap.kb-link-wrap{--kb-nav-link-highlight-order:3;--kb-nav-link-highlight-icon-order:3;}.kb-nav-link-1661_bc9baf-3d > .kb-link-wrap.kb-link-wrap.kb-link-wrap.kb-link-wrap{--kb-nav-link-media-max-width:px;}<\/style><li class=\"kb-nav-link-1661_bc9baf-3d menu-item wp-block-kadence-navigation-link\"><div class=\"kb-link-wrap\"><a class=\"kb-nav-link-content\" href=\"https:\/\/area42.tech\/industry-use-case\/b2b-bnpl-food-beverage\/\">BNPL for food and beverage<\/a><\/div><\/li>\n\n<style>.kb-nav-link-1661_6a8b1d-81 > .kb-link-wrap.kb-link-wrap.kb-link-wrap.kb-link-wrap{--kb-nav-link-highlight-order:3;--kb-nav-link-highlight-icon-order:3;}.kb-nav-link-1661_6a8b1d-81 > .kb-link-wrap.kb-link-wrap.kb-link-wrap.kb-link-wrap{--kb-nav-link-media-max-width:px;}<\/style><li class=\"kb-nav-link-1661_6a8b1d-81 menu-item wp-block-kadence-navigation-link\"><div class=\"kb-link-wrap\"><a class=\"kb-nav-link-content\" href=\"https:\/\/area42.tech\/industry-use-case\/b2b-bnpl-shipping-logistics\/\">BNPL for shipping and logistics<\/a><\/div><\/li>\n<\/ul><\/li>\n\n<style>.kb-nav-link-1661_f7612f-f5 > .kb-link-wrap.kb-link-wrap.kb-link-wrap.kb-link-wrap{--kb-nav-link-highlight-order:3;--kb-nav-link-highlight-icon-order:3;}.kb-nav-link-1661_f7612f-f5 > .kb-link-wrap.kb-link-wrap.kb-link-wrap.kb-link-wrap{--kb-nav-link-media-max-width:px;}<\/style><li class=\"kb-nav-link-1661_f7612f-f5 menu-item wp-block-kadence-navigation-link\"><div class=\"kb-link-wrap\"><a class=\"kb-nav-link-content\" href=\"https:\/\/area42.tech\/termstech-payment-terms-bnpl\/#faq\">FAQ<\/a><\/div><\/li>\n\n<style>.kb-nav-link-1661_42edfa-9d > .kb-link-wrap.kb-link-wrap.kb-link-wrap.kb-link-wrap{--kb-nav-link-highlight-order:3;--kb-nav-link-highlight-icon-order:3;}.kb-nav-link-1661_42edfa-9d > .kb-link-wrap.kb-link-wrap.kb-link-wrap.kb-link-wrap{--kb-nav-link-media-max-width:px;}<\/style><li class=\"kb-nav-link-1661_42edfa-9d menu-item wp-block-kadence-navigation-link\"><div class=\"kb-link-wrap\"><a class=\"kb-nav-link-content\" href=\"https:\/\/credendo-dev.outsystemsenterprise.com\/termstechdocumentation\/\" target=\"_blank\" rel=\"noopener\">Developers<\/a><\/div><\/li>\n\n<style>.kb-nav-link-1661_a058e6-dc > .kb-link-wrap.kb-link-wrap.kb-link-wrap.kb-link-wrap{--kb-nav-link-highlight-order:3;--kb-nav-link-highlight-icon-order:3;}.kb-nav-link-1661_a058e6-dc > .kb-link-wrap.kb-link-wrap.kb-link-wrap.kb-link-wrap{--kb-nav-link-media-max-width:px;}<\/style><li class=\"kb-nav-link-1661_a058e6-dc menu-item wp-block-kadence-navigation-link\"><div class=\"kb-link-wrap\"><a class=\"kb-nav-link-content\" href=\"https:\/\/area42.tech\/alternative-collection\/\">Alternatives<\/a><\/div><\/li>\n<\/ul><\/div><\/nav><\/div>\n\n\n<div class=\"wp-block-buttons is-layout-flex wp-block-buttons-is-layout-flex\">\n<div class=\"wp-block-button primarybut\"><a class=\"wp-block-button__link has-base-3-color has-credendo-orange-background-color has-text-color has-background wp-element-button\" href=\"https:\/\/area42.tech\/fr\/parlez-a-un-expert\/\" style=\"border-radius:100px\"><strong>Parlez \u00e0 un expert<\/strong><\/a><\/div>\n<\/div>\n<\/div>\n\n<\/div>\n<\/div>\n<\/div>\n<\/div>\n\n<div class=\"gb-container gb-container-f2c5f36c\">\n<div class=\"gb-grid-wrapper gb-grid-wrapper-cfbb0016\">\n<div class=\"gb-grid-column gb-grid-column-4c6e73aa\"><div class=\"gb-container gb-container-4c6e73aa\">\n<div class=\"gb-container gb-container-4475b617\">\n\n<p class=\"eyebrow\">PERSPECTIVES<\/p>\n\n<\/div>\n\n\n<h1 class=\"wp-block-heading has-area-42-eggplant-color has-text-color\"><strong>Solutions de paiement B2B alternatives \u00e0 TermsTech<\/strong><\/h1>\n\n\n\n<p class=\"has-area-42-eggplant-color has-text-color\">Nous comprenons qu&rsquo;il existe d&rsquo;autres options sur le march\u00e9. Examinons leurs avantages par rapport \u00e0 TermsTech. <\/p>\n\n\n\n<div class=\"wp-block-buttons is-layout-flex wp-block-buttons-is-layout-flex\">\n<div class=\"wp-block-button\" id=\"cta-ROI\"><a class=\"wp-block-button__link has-base-3-color has-credendo-orange-background-color has-text-color has-background wp-element-button\" href=\"https:\/\/area42.tech\/fr\/nous-contacter\/\" style=\"border-radius:100px\"><strong>Nous contacter<\/strong><\/a><\/div>\n\n\n\n<div class=\"wp-block-button is-style-fill\"><a class=\"wp-block-button__link has-charcoal-color has-vintage-gold-background-color has-text-color has-background wp-element-button\" href=\"https:\/\/area42.tech\/fr\/parlez-a-un-expert\/\" style=\"border-radius:100px\"><strong>Parlez \u00e0 un expert<\/strong><\/a><\/div>\n<\/div>\n\n<\/div><\/div>\n\n<div class=\"gb-grid-column gb-grid-column-cf078157\"><div class=\"gb-container gb-container-cf078157 hide-on-mobile \">\n\n<figure class=\"wp-block-image size-full\"><img loading=\"lazy\" decoding=\"async\" width=\"630\" height=\"450\" src=\"https:\/\/area42.tech\/wp-content\/uploads\/2025\/11\/blogarticletest.png\" alt=\"\" class=\"wp-image-444\" srcset=\"https:\/\/area42.tech\/wp-content\/uploads\/2025\/11\/blogarticletest.png 630w, https:\/\/area42.tech\/wp-content\/uploads\/2025\/11\/blogarticletest-300x214.png 300w\" sizes=\"auto, (max-width: 630px) 100vw, 630px\" \/><\/figure>\n\n<\/div><\/div>\n<\/div>\n<\/div>\n\n<div class=\"gb-container gb-container-8d0d179a\">\n<div class=\"gb-container gb-container-6f2af85b\">\n\n<div class=\"gb-grid-wrapper gb-grid-wrapper-4df45e4d gb-query-loop-wrapper\">\n<div class=\"gb-grid-column gb-grid-column-34a0affe gb-query-loop-item post-3589 post type-post status-publish format-standard has-post-thumbnail hentry category-alternative tag-b2b\"><div class=\"gb-container gb-container-34a0affe\">\n\n<img loading=\"lazy\" decoding=\"async\" width=\"800\" height=\"525\" data-media-id=\"3588\" class=\"gb-media-656da67f\" src=\"https:\/\/area42.tech\/wp-content\/uploads\/2025\/11\/hokodo-thumbnail-1.jpg\" alt=\"La meilleure alternative \u00e0 Hokodo en Europe pour les paiements B2B et le BNPL\" srcset=\"https:\/\/area42.tech\/wp-content\/uploads\/2025\/11\/hokodo-thumbnail-1.jpg 800w, https:\/\/area42.tech\/wp-content\/uploads\/2025\/11\/hokodo-thumbnail-1-300x197.jpg 300w, https:\/\/area42.tech\/wp-content\/uploads\/2025\/11\/hokodo-thumbnail-1-768x504.jpg 768w\" sizes=\"auto, (max-width: 800px) 100vw, 800px\" \/>\n\n\n\n<div class=\"gb-element-665cee16\"><div class=\"taxonomy-category catarticle wp-block-post-terms\"><a href=\"https:\/\/area42.tech\/fr\/category\/alternative\/\" rel=\"tag\">alternative<\/a><\/div>\n\n\n<h4 class=\"gb-text gb-text-98240a1f\"><a href=\"https:\/\/area42.tech\/fr\/alternative\/la-meilleure-alternative-a-hokodo-en-europe-pour-les-paiements-b2b-et-le-bnpl\/\">La meilleure alternative \u00e0 Hokodo en Europe pour les paiements B2B et le BNPL<\/a><\/h4>\n\n\n<div class=\"gb-container gb-container-09cf6c1a\">\n<div class=\"post-author wp-block-post-author\"><div class=\"wp-block-post-author__avatar\"><img alt='AREA42 icon' src='https:\/\/area42.tech\/wp-content\/uploads\/2025\/11\/cropped-A42-web-1-24x24.png' srcset='https:\/\/area42.tech\/wp-content\/uploads\/2025\/11\/cropped-A42-web-1-48x48.png 2x' class='avatar avatar-24 photo' height='24' width='24' \/><\/div><div class=\"wp-block-post-author__content\"><p class=\"wp-block-post-author__name\">AREA42<\/p><\/div><\/div>\n\n<div class=\"post-author wp-block-post-date\"><time datetime=\"2025-11-19T14:37:54+00:00\">19 novembre 2025<\/time><\/div>\n<\/div>\n\n\n<a class=\"gb-text gb-text-b93f6397\" href=\"https:\/\/area42.tech\/fr\/alternative\/la-meilleure-alternative-a-hokodo-en-europe-pour-les-paiements-b2b-et-le-bnpl\/\"><strong>Lire l&rsquo;article<\/strong><\/a>\n<\/div>\n\n<\/div><\/div>\n<\/div>\n\n<\/div>\n<\/div>\n\n<div class=\"gb-container gb-container-1f08a383\">\n<div class=\"gb-container gb-container-2d220ddf\">\n<div class=\"gb-container gb-container-687a13ae\">\n<div class=\"gb-container gb-container-d1b33ce0\">\n\n<h2 class=\"wp-block-heading has-text-align-left\">Nous contacter<\/h2>\n\n\n\n<div class=\"gb-element-33af3dc2\">\n<div class=\"gb-element-c4d6a499\">\n<div>\n<figure class=\"wp-block-image size-full\"><img decoding=\"async\" src=\"https:\/\/area42.tech\/wp-content\/uploads\/2025\/12\/Benoit.png\" alt=\"Benoit Langue, AREA42\" class=\"wp-image-3455\"\/><\/figure>\n<\/div>\n\n\n\n<div>\n<h3 class=\"wp-block-heading\">Bonjour, je suis Benoit!<\/h3>\n\n\n\n<p>Je serais ravi de discuter avec vous de la mani\u00e8re dont nous pouvons aider votre entreprise gr\u00e2ce \u00e0 nos solutions de fonds de roulement. Je me r\u00e9jouis de vous rencontrer et de r\u00e9pondre \u00e0 toutes vos questions concernant AREA42. <\/p>\n\n\n\n<div class=\"wp-block-buttons is-layout-flex wp-block-buttons-is-layout-flex\">\n<div class=\"wp-block-button\" id=\"cta-ROI\"><a class=\"wp-block-button__link has-base-3-color has-credendo-orange-background-color has-text-color has-background wp-element-button\" href=\"https:\/\/area42.tech\/fr\/nous-contacter\/\" style=\"border-radius:100px\"><strong>Nous contacter <\/strong><\/a><\/div>\n\n\n\n<div class=\"wp-block-button is-style-fill\"><a class=\"wp-block-button__link has-charcoal-color has-vintage-gold-background-color has-text-color has-background wp-element-button\" href=\"https:\/\/area42.tech\/fr\/parlez-a-un-expert\/\" style=\"border-radius:100px\"><strong>Parlez \u00e0 un expert<\/strong><\/a><\/div>\n<\/div>\n<\/div>\n<\/div>\n<\/div>\n\n<\/div>\n<\/div>\n<\/div>\n<\/div>","protected":false},"excerpt":{"rendered":"<p>Nous contacter Bonjour, je suis Benoit! Je serais ravi de discuter avec vous de la mani\u00e8re dont nous pouvons aider votre entreprise gr\u00e2ce \u00e0 nos solutions de fonds de roulement. Je me r\u00e9jouis de vous rencontrer et de r\u00e9pondre \u00e0 toutes vos questions concernant AREA42.<\/p>\n","protected":false},"author":3,"featured_media":3593,"parent":0,"menu_order":0,"comment_status":"closed","ping_status":"closed","template":"","meta":{"content-type":"","footnotes":""},"class_list":["post-3594","page","type-page","status-publish","has-post-thumbnail"],"_links":{"self":[{"href":"https:\/\/area42.tech\/fr\/wp-json\/wp\/v2\/pages\/3594","targetHints":{"allow":["GET"]}}],"collection":[{"href":"https:\/\/area42.tech\/fr\/wp-json\/wp\/v2\/pages"}],"about":[{"href":"https:\/\/area42.tech\/fr\/wp-json\/wp\/v2\/types\/page"}],"author":[{"embeddable":true,"href":"https:\/\/area42.tech\/fr\/wp-json\/wp\/v2\/users\/3"}],"replies":[{"embeddable":true,"href":"https:\/\/area42.tech\/fr\/wp-json\/wp\/v2\/comments?post=3594"}],"version-history":[{"count":13,"href":"https:\/\/area42.tech\/fr\/wp-json\/wp\/v2\/pages\/3594\/revisions"}],"predecessor-version":[{"id":3611,"href":"https:\/\/area42.tech\/fr\/wp-json\/wp\/v2\/pages\/3594\/revisions\/3611"}],"wp:featuredmedia":[{"embeddable":true,"href":"https:\/\/area42.tech\/fr\/wp-json\/wp\/v2\/media\/3593"}],"wp:attachment":[{"href":"https:\/\/area42.tech\/fr\/wp-json\/wp\/v2\/media?parent=3594"}],"curies":[{"name":"wp","href":"https:\/\/api.w.org\/{rel}","templated":true}]}}