{"id":3234,"date":"2025-12-10T16:22:08","date_gmt":"2025-12-10T16:22:08","guid":{"rendered":"https:\/\/area42.tech\/entretiens-avec-area42\/"},"modified":"2026-03-30T16:07:30","modified_gmt":"2026-03-30T15:07:30","slug":"entretiens-avec-area42","status":"publish","type":"page","link":"https:\/\/area42.tech\/fr\/entretiens-avec-area42\/","title":{"rendered":"Entretiens avec AREA42"},"content":{"rendered":"<div class=\"gb-container gb-container-f2c5f36c\">\n<div class=\"gb-grid-wrapper gb-grid-wrapper-cfbb0016\">\n<div class=\"gb-grid-column gb-grid-column-4c6e73aa\"><div class=\"gb-container gb-container-4c6e73aa\">\n<div class=\"gb-container gb-container-4475b617\">\n\n<p class=\"eyebrow\">PERSPECTIVES<\/p>\n\n<\/div>\n\n\n<h1 class=\"wp-block-heading has-area-42-eggplant-color has-text-color\"><strong>Entretiens<\/strong><\/h1>\n\n\n\n<p class=\"has-area-42-eggplant-color has-text-color\">Les experts d&rsquo;AREA42 partagent leurs connaissances et leur exp\u00e9rience dans une s\u00e9rie d&rsquo;entretiens. Comment proposons-nous des solutions de financement du commerce B2B ? Que se passe-t-il chez AREA42 ? En quoi nos solutions de fonds de roulement sont-elles si particuli\u00e8res ?   <\/p>\n\n\n\n<div class=\"wp-block-buttons is-layout-flex wp-block-buttons-is-layout-flex\">\n<div class=\"wp-block-button\" id=\"cta-ROI\"><a class=\"wp-block-button__link has-base-3-color has-credendo-orange-background-color has-text-color has-background wp-element-button\" href=\"https:\/\/area42.tech\/fr\/nous-contacter\/\" style=\"border-radius:100px\"><strong>Nous contacter<\/strong><\/a><\/div>\n\n\n\n<div class=\"wp-block-button is-style-fill\"><a class=\"wp-block-button__link has-charcoal-color has-vintage-gold-background-color has-text-color has-background wp-element-button\" href=\"https:\/\/area42.tech\/fr\/parlez-a-un-expert\/\" style=\"border-radius:100px\"><strong>Parlez \u00e0 un expert<\/strong><\/a><\/div>\n<\/div>\n\n<\/div><\/div>\n\n<div class=\"gb-grid-column gb-grid-column-cf078157\"><div class=\"gb-container gb-container-cf078157 hide-on-mobile \">\n\n<figure class=\"wp-block-image size-full\"><img loading=\"lazy\" decoding=\"async\" width=\"633\" height=\"466\" src=\"https:\/\/area42.tech\/wp-content\/uploads\/2025\/12\/Blogmain.png\" alt=\"\" class=\"wp-image-726\" srcset=\"https:\/\/area42.tech\/wp-content\/uploads\/2025\/12\/Blogmain.png 633w, https:\/\/area42.tech\/wp-content\/uploads\/2025\/12\/Blogmain-300x221.png 300w\" sizes=\"auto, (max-width: 633px) 100vw, 633px\" \/><\/figure>\n\n<\/div><\/div>\n<\/div>\n<\/div>\n\n<div class=\"gb-container gb-container-8d0d179a\">\n<div class=\"gb-container gb-container-6f2af85b\">\n\n<div class=\"gb-grid-wrapper gb-grid-wrapper-4df45e4d gb-query-loop-wrapper\">\n<div class=\"gb-grid-column gb-grid-column-34a0affe gb-query-loop-item post-3218 post type-post status-publish format-standard has-post-thumbnail hentry category-entretien tag-b2b\"><div class=\"gb-container gb-container-34a0affe\">\n\n<img loading=\"lazy\" decoding=\"async\" width=\"800\" height=\"525\" data-media-id=\"3217\" class=\"gb-media-656da67f\" src=\"https:\/\/area42.tech\/wp-content\/uploads\/2025\/12\/interviewWouter_thumbnail.png\" alt=\"Comment garantir le succ\u00e8s des ventes B2B\" srcset=\"https:\/\/area42.tech\/wp-content\/uploads\/2025\/12\/interviewWouter_thumbnail.png 800w, https:\/\/area42.tech\/wp-content\/uploads\/2025\/12\/interviewWouter_thumbnail-300x197.png 300w, https:\/\/area42.tech\/wp-content\/uploads\/2025\/12\/interviewWouter_thumbnail-768x504.png 768w\" sizes=\"auto, (max-width: 800px) 100vw, 800px\" \/>\n\n\n\n<div class=\"gb-element-665cee16\"><div class=\"taxonomy-category catarticle wp-block-post-terms\"><a href=\"https:\/\/area42.tech\/fr\/category\/entretien\/\" rel=\"tag\">entretien<\/a><\/div>\n\n\n<h4 class=\"gb-text gb-text-98240a1f\"><a href=\"https:\/\/area42.tech\/fr\/entretien\/comment-garantir-le-succes-des-ventes-b2b\/\">Comment garantir le succ\u00e8s des ventes B2B<\/a><\/h4>\n\n\n<div class=\"gb-container gb-container-09cf6c1a\">\n<div class=\"post-author wp-block-post-author\"><div class=\"wp-block-post-author__avatar\"><img alt='' src='https:\/\/secure.gravatar.com\/avatar\/f9d6d7acc5c9670347be2e8deeae33165838de6cf79c38f716dc456839739864?s=24&#038;d=mm&#038;r=g' srcset='https:\/\/secure.gravatar.com\/avatar\/f9d6d7acc5c9670347be2e8deeae33165838de6cf79c38f716dc456839739864?s=48&#038;d=mm&#038;r=g 2x' class='avatar avatar-24 photo' height='24' width='24' \/><\/div><div class=\"wp-block-post-author__content\"><p class=\"wp-block-post-author__name\">Gregory Gobel<\/p><\/div><\/div>\n\n<div class=\"post-author wp-block-post-date\"><time datetime=\"2025-12-02T18:10:49+00:00\">2 d\u00e9cembre 2025<\/time><\/div>\n<\/div>\n\n\n<a class=\"gb-text gb-text-b93f6397\" href=\"https:\/\/area42.tech\/fr\/entretien\/comment-garantir-le-succes-des-ventes-b2b\/\"><strong>Lire l&rsquo;article<\/strong><\/a>\n<\/div>\n\n<\/div><\/div>\n\n<div class=\"gb-grid-column gb-grid-column-34a0affe gb-query-loop-item post-3230 post type-post status-publish format-standard has-post-thumbnail hentry category-entretien tag-b2b\"><div class=\"gb-container gb-container-34a0affe\">\n\n<img loading=\"lazy\" decoding=\"async\" width=\"800\" height=\"525\" data-media-id=\"3226\" class=\"gb-media-656da67f\" src=\"https:\/\/area42.tech\/wp-content\/uploads\/2025\/12\/interviewRron_thumbnail.png\" alt=\"Le succ\u00e8s des clients est le moteur de la valeur ajout\u00e9e dans les solutions de financement B2B\" srcset=\"https:\/\/area42.tech\/wp-content\/uploads\/2025\/12\/interviewRron_thumbnail.png 800w, https:\/\/area42.tech\/wp-content\/uploads\/2025\/12\/interviewRron_thumbnail-300x197.png 300w, https:\/\/area42.tech\/wp-content\/uploads\/2025\/12\/interviewRron_thumbnail-768x504.png 768w\" sizes=\"auto, (max-width: 800px) 100vw, 800px\" \/>\n\n\n\n<div class=\"gb-element-665cee16\"><div class=\"taxonomy-category catarticle wp-block-post-terms\"><a href=\"https:\/\/area42.tech\/fr\/category\/entretien\/\" rel=\"tag\">entretien<\/a><\/div>\n\n\n<h4 class=\"gb-text gb-text-98240a1f\"><a href=\"https:\/\/area42.tech\/fr\/entretien\/le-succes-des-clients-est-le-moteur-de-la-valeur-ajoutee-dans-les-solutions-de-financement-b2b\/\">Le succ\u00e8s des clients est le moteur de la valeur ajout\u00e9e dans les solutions de financement B2B<\/a><\/h4>\n\n\n<div class=\"gb-container gb-container-09cf6c1a\">\n<div class=\"post-author wp-block-post-author\"><div class=\"wp-block-post-author__avatar\"><img alt='' src='https:\/\/secure.gravatar.com\/avatar\/f9d6d7acc5c9670347be2e8deeae33165838de6cf79c38f716dc456839739864?s=24&#038;d=mm&#038;r=g' srcset='https:\/\/secure.gravatar.com\/avatar\/f9d6d7acc5c9670347be2e8deeae33165838de6cf79c38f716dc456839739864?s=48&#038;d=mm&#038;r=g 2x' class='avatar avatar-24 photo' height='24' width='24' \/><\/div><div class=\"wp-block-post-author__content\"><p class=\"wp-block-post-author__name\">Gregory Gobel<\/p><\/div><\/div>\n\n<div class=\"post-author wp-block-post-date\"><time datetime=\"2025-12-02T18:09:52+00:00\">2 d\u00e9cembre 2025<\/time><\/div>\n<\/div>\n\n\n<a class=\"gb-text gb-text-b93f6397\" href=\"https:\/\/area42.tech\/fr\/entretien\/le-succes-des-clients-est-le-moteur-de-la-valeur-ajoutee-dans-les-solutions-de-financement-b2b\/\"><strong>Lire l&rsquo;article<\/strong><\/a>\n<\/div>\n\n<\/div><\/div>\n\n<div class=\"gb-grid-column gb-grid-column-34a0affe gb-query-loop-item post-3567 post type-post status-publish format-standard has-post-thumbnail hentry category-entretien tag-b2b\"><div class=\"gb-container gb-container-34a0affe\">\n\n<img loading=\"lazy\" decoding=\"async\" width=\"800\" height=\"525\" data-media-id=\"3539\" class=\"gb-media-656da67f\" src=\"https:\/\/area42.tech\/wp-content\/uploads\/2025\/04\/interviewLode_thumbnail.png\" alt=\"Du risque de cr\u00e9dit au financement du commerce : l\u2019\u00e9volution d\u2019AREA42\" srcset=\"https:\/\/area42.tech\/wp-content\/uploads\/2025\/04\/interviewLode_thumbnail.png 800w, https:\/\/area42.tech\/wp-content\/uploads\/2025\/04\/interviewLode_thumbnail-300x197.png 300w, https:\/\/area42.tech\/wp-content\/uploads\/2025\/04\/interviewLode_thumbnail-768x504.png 768w\" sizes=\"auto, (max-width: 800px) 100vw, 800px\" \/>\n\n\n\n<div class=\"gb-element-665cee16\"><div class=\"taxonomy-category catarticle wp-block-post-terms\"><a href=\"https:\/\/area42.tech\/fr\/category\/entretien\/\" rel=\"tag\">entretien<\/a><\/div>\n\n\n<h4 class=\"gb-text gb-text-98240a1f\"><a href=\"https:\/\/area42.tech\/fr\/entretien\/du-risque-de-credit-au-financement-du-commerce-levolution-darea42\/\">Du risque de cr\u00e9dit au financement du commerce : l&rsquo;\u00e9volution d&rsquo;AREA42<\/a><\/h4>\n\n\n<div class=\"gb-container gb-container-09cf6c1a\">\n<div class=\"post-author wp-block-post-author\"><div class=\"wp-block-post-author__avatar\"><img alt='AREA42 icon' src='https:\/\/area42.tech\/wp-content\/uploads\/2025\/11\/cropped-A42-web-1-24x24.png' srcset='https:\/\/area42.tech\/wp-content\/uploads\/2025\/11\/cropped-A42-web-1-48x48.png 2x' class='avatar avatar-24 photo' height='24' width='24' \/><\/div><div class=\"wp-block-post-author__content\"><p class=\"wp-block-post-author__name\">AREA42<\/p><\/div><\/div>\n\n<div class=\"post-author wp-block-post-date\"><time datetime=\"2025-04-07T11:34:35+01:00\">7 avril 2025<\/time><\/div>\n<\/div>\n\n\n<a class=\"gb-text gb-text-b93f6397\" href=\"https:\/\/area42.tech\/fr\/entretien\/du-risque-de-credit-au-financement-du-commerce-levolution-darea42\/\"><strong>Lire l&rsquo;article<\/strong><\/a>\n<\/div>\n\n<\/div><\/div>\n\n<div class=\"gb-grid-column gb-grid-column-34a0affe gb-query-loop-item post-3558 post type-post status-publish format-standard has-post-thumbnail hentry category-entretien tag-b2b\"><div class=\"gb-container gb-container-34a0affe\">\n\n<img loading=\"lazy\" decoding=\"async\" width=\"800\" height=\"525\" data-media-id=\"3539\" class=\"gb-media-656da67f\" src=\"https:\/\/area42.tech\/wp-content\/uploads\/2025\/04\/interviewLode_thumbnail.png\" alt=\"Fintech. D\u00e9fis. Tendances. Commerce. IA. Conformit\u00e9.\" srcset=\"https:\/\/area42.tech\/wp-content\/uploads\/2025\/04\/interviewLode_thumbnail.png 800w, https:\/\/area42.tech\/wp-content\/uploads\/2025\/04\/interviewLode_thumbnail-300x197.png 300w, https:\/\/area42.tech\/wp-content\/uploads\/2025\/04\/interviewLode_thumbnail-768x504.png 768w\" sizes=\"auto, (max-width: 800px) 100vw, 800px\" \/>\n\n\n\n<div class=\"gb-element-665cee16\"><div class=\"taxonomy-category catarticle wp-block-post-terms\"><a href=\"https:\/\/area42.tech\/fr\/category\/entretien\/\" rel=\"tag\">entretien<\/a><\/div>\n\n\n<h4 class=\"gb-text gb-text-98240a1f\"><a href=\"https:\/\/area42.tech\/fr\/entretien\/fintech-defis-tendances-commerce-ia-conformite\/\">Fintech. D\u00e9fis. Tendances. Commerce. IA. Conformit\u00e9.<\/a><\/h4>\n\n\n<div class=\"gb-container gb-container-09cf6c1a\">\n<div class=\"post-author wp-block-post-author\"><div class=\"wp-block-post-author__avatar\"><img alt='AREA42 icon' src='https:\/\/area42.tech\/wp-content\/uploads\/2025\/11\/cropped-A42-web-1-24x24.png' srcset='https:\/\/area42.tech\/wp-content\/uploads\/2025\/11\/cropped-A42-web-1-48x48.png 2x' class='avatar avatar-24 photo' height='24' width='24' \/><\/div><div class=\"wp-block-post-author__content\"><p class=\"wp-block-post-author__name\">AREA42<\/p><\/div><\/div>\n\n<div class=\"post-author wp-block-post-date\"><time datetime=\"2025-02-12T11:47:19+00:00\">12 f\u00e9vrier 2025<\/time><\/div>\n<\/div>\n\n\n<a class=\"gb-text gb-text-b93f6397\" href=\"https:\/\/area42.tech\/fr\/entretien\/fintech-defis-tendances-commerce-ia-conformite\/\"><strong>Lire l&rsquo;article<\/strong><\/a>\n<\/div>\n\n<\/div><\/div>\n\n<div class=\"gb-grid-column gb-grid-column-34a0affe gb-query-loop-item post-3540 post type-post status-publish format-standard has-post-thumbnail hentry category-entretien tag-b2b\"><div class=\"gb-container gb-container-34a0affe\">\n\n<img loading=\"lazy\" decoding=\"async\" width=\"800\" height=\"525\" data-media-id=\"3539\" class=\"gb-media-656da67f\" src=\"https:\/\/area42.tech\/wp-content\/uploads\/2025\/04\/interviewLode_thumbnail.png\" alt=\"Fini le c\u00f4t\u00e9 geek ! La cl\u00e9 audacieuse de l\u2019innovation dans le financement du commerce international\" srcset=\"https:\/\/area42.tech\/wp-content\/uploads\/2025\/04\/interviewLode_thumbnail.png 800w, https:\/\/area42.tech\/wp-content\/uploads\/2025\/04\/interviewLode_thumbnail-300x197.png 300w, https:\/\/area42.tech\/wp-content\/uploads\/2025\/04\/interviewLode_thumbnail-768x504.png 768w\" sizes=\"auto, (max-width: 800px) 100vw, 800px\" \/>\n\n\n\n<div class=\"gb-element-665cee16\"><div class=\"taxonomy-category catarticle wp-block-post-terms\"><a href=\"https:\/\/area42.tech\/fr\/category\/entretien\/\" rel=\"tag\">entretien<\/a><\/div>\n\n\n<h4 class=\"gb-text gb-text-98240a1f\"><a href=\"https:\/\/area42.tech\/fr\/entretien\/fini-le-cote-geek-la-cle-audacieuse-de-linnovation-dans-le-financement-du-commerce-international\/\">Fini le c\u00f4t\u00e9 geek ! La cl\u00e9 audacieuse de l&rsquo;innovation dans le financement du commerce international<\/a><\/h4>\n\n\n<div class=\"gb-container gb-container-09cf6c1a\">\n<div class=\"post-author wp-block-post-author\"><div class=\"wp-block-post-author__avatar\"><img alt='AREA42 icon' src='https:\/\/area42.tech\/wp-content\/uploads\/2025\/11\/cropped-A42-web-1-24x24.png' srcset='https:\/\/area42.tech\/wp-content\/uploads\/2025\/11\/cropped-A42-web-1-48x48.png 2x' class='avatar avatar-24 photo' height='24' width='24' \/><\/div><div class=\"wp-block-post-author__content\"><p class=\"wp-block-post-author__name\">AREA42<\/p><\/div><\/div>\n\n<div class=\"post-author wp-block-post-date\"><time datetime=\"2024-03-19T11:56:52+00:00\">19 mars 2024<\/time><\/div>\n<\/div>\n\n\n<a class=\"gb-text gb-text-b93f6397\" href=\"https:\/\/area42.tech\/fr\/entretien\/fini-le-cote-geek-la-cle-audacieuse-de-linnovation-dans-le-financement-du-commerce-international\/\"><strong>Lire l&rsquo;article<\/strong><\/a>\n<\/div>\n\n<\/div><\/div>\n<\/div>\n\n<\/div>\n<\/div>\n\n<div class=\"gb-container gb-container-1f08a383\">\n<div class=\"gb-container gb-container-2d220ddf\">\n<div class=\"gb-container gb-container-687a13ae\">\n<div class=\"gb-container gb-container-d1b33ce0\">\n\n<h2 class=\"wp-block-heading has-text-align-left\">Nous contacter<\/h2>\n\n\n\n<div class=\"gb-element-33af3dc2\">\n<div class=\"gb-element-c4d6a499\">\n<div>\n<figure class=\"wp-block-image size-full\"><img decoding=\"async\" src=\"https:\/\/area42.tech\/wp-content\/uploads\/2025\/12\/Benoit.png\" alt=\"Benoit Langue, AREA42\" class=\"wp-image-2986\"\/><\/figure>\n<\/div>\n\n\n\n<div>\n<h3 class=\"wp-block-heading\">Bonjour, je suis Benoit!<\/h3>\n\n\n\n<p>Je serais ravi de discuter avec vous de la mani\u00e8re dont nous pouvons aider votre entreprise gr\u00e2ce \u00e0 nos solutions de fonds de roulement. Je me r\u00e9jouis de vous rencontrer et de r\u00e9pondre \u00e0 toutes vos questions concernant AREA42. <\/p>\n\n\n\n<div class=\"wp-block-buttons is-layout-flex wp-block-buttons-is-layout-flex\">\n<div class=\"wp-block-button\" id=\"cta-ROI\"><a class=\"wp-block-button__link has-base-3-color has-credendo-orange-background-color has-text-color has-background wp-element-button\" href=\"https:\/\/area42.tech\/fr\/nous-contacter\/\" style=\"border-radius:100px\"><strong>Nous contacter <\/strong><\/a><\/div>\n\n\n\n<div class=\"wp-block-button is-style-fill\"><a class=\"wp-block-button__link has-charcoal-color has-vintage-gold-background-color has-text-color has-background wp-element-button\" href=\"https:\/\/area42.tech\/fr\/parlez-a-un-expert\/\" style=\"border-radius:100px\"><strong>Parlez \u00e0 un expert<\/strong><\/a><\/div>\n<\/div>\n<\/div>\n<\/div>\n<\/div>\n\n<\/div>\n<\/div>\n<\/div>\n<\/div>","protected":false},"excerpt":{"rendered":"<p>Nous contacter Bonjour, je suis Benoit! Je serais ravi de discuter avec vous de la mani\u00e8re dont nous pouvons aider votre entreprise gr\u00e2ce \u00e0 nos solutions de fonds de roulement. Je me r\u00e9jouis de vous rencontrer et de r\u00e9pondre \u00e0 toutes vos questions concernant AREA42.<\/p>\n","protected":false},"author":3,"featured_media":2859,"parent":0,"menu_order":0,"comment_status":"closed","ping_status":"closed","template":"","meta":{"content-type":"","footnotes":""},"class_list":["post-3234","page","type-page","status-publish","has-post-thumbnail"],"_links":{"self":[{"href":"https:\/\/area42.tech\/fr\/wp-json\/wp\/v2\/pages\/3234","targetHints":{"allow":["GET"]}}],"collection":[{"href":"https:\/\/area42.tech\/fr\/wp-json\/wp\/v2\/pages"}],"about":[{"href":"https:\/\/area42.tech\/fr\/wp-json\/wp\/v2\/types\/page"}],"author":[{"embeddable":true,"href":"https:\/\/area42.tech\/fr\/wp-json\/wp\/v2\/users\/3"}],"replies":[{"embeddable":true,"href":"https:\/\/area42.tech\/fr\/wp-json\/wp\/v2\/comments?post=3234"}],"version-history":[{"count":6,"href":"https:\/\/area42.tech\/fr\/wp-json\/wp\/v2\/pages\/3234\/revisions"}],"predecessor-version":[{"id":3240,"href":"https:\/\/area42.tech\/fr\/wp-json\/wp\/v2\/pages\/3234\/revisions\/3240"}],"wp:featuredmedia":[{"embeddable":true,"href":"https:\/\/area42.tech\/fr\/wp-json\/wp\/v2\/media\/2859"}],"wp:attachment":[{"href":"https:\/\/area42.tech\/fr\/wp-json\/wp\/v2\/media?parent=3234"}],"curies":[{"name":"wp","href":"https:\/\/api.w.org\/{rel}","templated":true}]}}