{"id":2894,"date":"2025-12-05T15:15:24","date_gmt":"2025-12-05T15:15:24","guid":{"rendered":"https:\/\/area42.tech\/evenement\/"},"modified":"2026-03-30T14:08:01","modified_gmt":"2026-03-30T13:08:01","slug":"evenement","status":"publish","type":"page","link":"https:\/\/area42.tech\/fr\/evenement\/","title":{"rendered":"\u00c9v\u00e9nements"},"content":{"rendered":"<div class=\"gb-container gb-container-f2c5f36c\">\n<div class=\"gb-grid-wrapper gb-grid-wrapper-cfbb0016\">\n<div class=\"gb-grid-column gb-grid-column-4c6e73aa\"><div class=\"gb-container gb-container-4c6e73aa\">\n<div class=\"gb-container gb-container-4475b617\">\n\n<p class=\"eyebrow\">PERSPECTIVES<\/p>\n\n<\/div>\n\n\n<h1 class=\"wp-block-heading has-area-42-eggplant-color has-text-color\"><strong>\u00c9v\u00e9nements avec AREA42<\/strong><\/h1>\n\n\n\n<p class=\"has-area-42-eggplant-color has-text-color\">AREA42 aime partager ses connaissances en mati\u00e8re de TradeTech et aider les entreprises \u00e0 r\u00e9pondre \u00e0 leurs besoins en fonds de roulement. Venez nous rencontrer lors d&rsquo;un \u00e9v\u00e9nement pr\u00e8s de chez vous ! <\/p>\n\n\n\n<div class=\"wp-block-buttons is-layout-flex wp-block-buttons-is-layout-flex\">\n<div class=\"wp-block-button\" id=\"cta-ROI\"><a class=\"wp-block-button__link has-base-3-color has-credendo-orange-background-color has-text-color has-background wp-element-button\" href=\"https:\/\/area42.tech\/fr\/nous-contacter\/\" style=\"border-radius:100px\"><strong>Nous contacter<\/strong><\/a><\/div>\n\n\n\n<div class=\"wp-block-button is-style-fill\"><a class=\"wp-block-button__link has-charcoal-color has-vintage-gold-background-color has-text-color has-background wp-element-button\" href=\"https:\/\/area42.tech\/fr\/parlez-a-un-expert\/\" style=\"border-radius:100px\"><strong>Parlez \u00e0 un expert<\/strong><\/a><\/div>\n<\/div>\n\n<\/div><\/div>\n\n<div class=\"gb-grid-column gb-grid-column-cf078157\"><div class=\"gb-container gb-container-cf078157 hide-on-mobile \">\n\n<figure class=\"wp-block-image size-full\"><img loading=\"lazy\" decoding=\"async\" width=\"633\" height=\"466\" src=\"https:\/\/area42.tech\/wp-content\/uploads\/2025\/12\/eventmain.png\" alt=\"\" class=\"wp-image-1614\" srcset=\"https:\/\/area42.tech\/wp-content\/uploads\/2025\/12\/eventmain.png 633w, https:\/\/area42.tech\/wp-content\/uploads\/2025\/12\/eventmain-300x221.png 300w\" sizes=\"auto, (max-width: 633px) 100vw, 633px\" \/><\/figure>\n\n<\/div><\/div>\n<\/div>\n<\/div>\n\n<div class=\"gb-container gb-container-8d0d179a\">\n<div class=\"gb-container gb-container-6f2af85b\">\n\n<div class=\"gb-grid-wrapper gb-grid-wrapper-4df45e4d gb-query-loop-wrapper\">\n<div class=\"gb-grid-column gb-grid-column-34a0affe gb-query-loop-item post-3129 post type-post status-publish format-standard has-post-thumbnail hentry category-evenement tag-b2b\"><div class=\"gb-container gb-container-34a0affe\">\n\n<img loading=\"lazy\" decoding=\"async\" width=\"800\" height=\"525\" data-media-id=\"3128\" class=\"gb-media-656da67f\" src=\"https:\/\/area42.tech\/wp-content\/uploads\/2026\/02\/CFO-DAY-2026.jpg\" alt=\"5 mai 2026 | CFO Day 2026 organis\u00e9 par House of Executives\" srcset=\"https:\/\/area42.tech\/wp-content\/uploads\/2026\/02\/CFO-DAY-2026.jpg 800w, https:\/\/area42.tech\/wp-content\/uploads\/2026\/02\/CFO-DAY-2026-300x197.jpg 300w, https:\/\/area42.tech\/wp-content\/uploads\/2026\/02\/CFO-DAY-2026-768x504.jpg 768w\" sizes=\"auto, (max-width: 800px) 100vw, 800px\" \/>\n\n\n\n<div class=\"gb-element-665cee16\"><div class=\"taxonomy-category catarticle wp-block-post-terms\"><a href=\"https:\/\/area42.tech\/fr\/category\/evenement\/\" rel=\"tag\">\u00c9v\u00e9nement<\/a><\/div>\n\n\n<h4 class=\"gb-text gb-text-98240a1f\"><a href=\"https:\/\/area42.tech\/fr\/evenement\/5-mai-2026-cfo-day-2026-house-of-executives\/\">5 mai 2026 | CFO Day 2026 organis\u00e9 par House of Executives<\/a><\/h4>\n\n\n<div class=\"gb-container gb-container-09cf6c1a\">\n<div class=\"post-author wp-block-post-author\"><div class=\"wp-block-post-author__avatar\"><img alt='' src='https:\/\/secure.gravatar.com\/avatar\/f9d6d7acc5c9670347be2e8deeae33165838de6cf79c38f716dc456839739864?s=24&#038;d=mm&#038;r=g' srcset='https:\/\/secure.gravatar.com\/avatar\/f9d6d7acc5c9670347be2e8deeae33165838de6cf79c38f716dc456839739864?s=48&#038;d=mm&#038;r=g 2x' class='avatar avatar-24 photo' height='24' width='24' \/><\/div><div class=\"wp-block-post-author__content\"><p class=\"wp-block-post-author__name\">Gregory Gobel<\/p><\/div><\/div>\n\n<div class=\"post-author wp-block-post-date\"><time datetime=\"2026-03-12T14:20:10+00:00\">12 mars 2026<\/time><\/div>\n<\/div>\n\n\n<a class=\"gb-text gb-text-b93f6397\" href=\"https:\/\/area42.tech\/fr\/evenement\/5-mai-2026-cfo-day-2026-house-of-executives\/\"><strong>Lire l&rsquo;article<\/strong><\/a>\n<\/div>\n\n<\/div><\/div>\n\n<div class=\"gb-grid-column gb-grid-column-34a0affe gb-query-loop-item post-3191 post type-post status-publish format-standard has-post-thumbnail hentry category-evenement tag-b2b\"><div class=\"gb-container gb-container-34a0affe\">\n\n<img loading=\"lazy\" decoding=\"async\" width=\"800\" height=\"525\" data-media-id=\"3190\" class=\"gb-media-656da67f\" src=\"https:\/\/area42.tech\/wp-content\/uploads\/2026\/02\/KEY-2026.jpg\" alt=\"4-6 mars 2026 | KEY Energy Transition Expo\" srcset=\"https:\/\/area42.tech\/wp-content\/uploads\/2026\/02\/KEY-2026.jpg 800w, https:\/\/area42.tech\/wp-content\/uploads\/2026\/02\/KEY-2026-300x197.jpg 300w, https:\/\/area42.tech\/wp-content\/uploads\/2026\/02\/KEY-2026-768x504.jpg 768w\" sizes=\"auto, (max-width: 800px) 100vw, 800px\" \/>\n\n\n\n<div class=\"gb-element-665cee16\"><div class=\"taxonomy-category catarticle wp-block-post-terms\"><a href=\"https:\/\/area42.tech\/fr\/category\/evenement\/\" rel=\"tag\">\u00c9v\u00e9nement<\/a><\/div>\n\n\n<h4 class=\"gb-text gb-text-98240a1f\"><a href=\"https:\/\/area42.tech\/fr\/evenement\/4-6-mars-2026-key-energy-transition-expo\/\">4-6 mars 2026 | KEY Energy Transition Expo<\/a><\/h4>\n\n\n<div class=\"gb-container gb-container-09cf6c1a\">\n<div class=\"post-author wp-block-post-author\"><div class=\"wp-block-post-author__avatar\"><img alt='AREA42 icon' src='https:\/\/area42.tech\/wp-content\/uploads\/2025\/11\/cropped-A42-web-1-24x24.png' srcset='https:\/\/area42.tech\/wp-content\/uploads\/2025\/11\/cropped-A42-web-1-48x48.png 2x' class='avatar avatar-24 photo' height='24' width='24' \/><\/div><div class=\"wp-block-post-author__content\"><p class=\"wp-block-post-author__name\">AREA42<\/p><\/div><\/div>\n\n<div class=\"post-author wp-block-post-date\"><time datetime=\"2026-02-25T15:53:32+00:00\">25 f\u00e9vrier 2026<\/time><\/div>\n<\/div>\n\n\n<a class=\"gb-text gb-text-b93f6397\" href=\"https:\/\/area42.tech\/fr\/evenement\/4-6-mars-2026-key-energy-transition-expo\/\"><strong>Lire l&rsquo;article<\/strong><\/a>\n<\/div>\n\n<\/div><\/div>\n\n<div class=\"gb-grid-column gb-grid-column-34a0affe gb-query-loop-item post-3197 post type-post status-publish format-standard has-post-thumbnail hentry category-evenement tag-b2b\"><div class=\"gb-container gb-container-34a0affe\">\n\n<img loading=\"lazy\" decoding=\"async\" width=\"800\" height=\"525\" data-media-id=\"3196\" class=\"gb-media-656da67f\" src=\"https:\/\/area42.tech\/wp-content\/uploads\/2025\/12\/ecommerce2025.png\" alt=\"17 f\u00e9vrier 2026 | E-commerce Berlin Expo 2026\" srcset=\"https:\/\/area42.tech\/wp-content\/uploads\/2025\/12\/ecommerce2025.png 800w, https:\/\/area42.tech\/wp-content\/uploads\/2025\/12\/ecommerce2025-300x197.png 300w, https:\/\/area42.tech\/wp-content\/uploads\/2025\/12\/ecommerce2025-768x504.png 768w\" sizes=\"auto, (max-width: 800px) 100vw, 800px\" \/>\n\n\n\n<div class=\"gb-element-665cee16\"><div class=\"taxonomy-category catarticle wp-block-post-terms\"><a href=\"https:\/\/area42.tech\/fr\/category\/evenement\/\" rel=\"tag\">\u00c9v\u00e9nement<\/a><\/div>\n\n\n<h4 class=\"gb-text gb-text-98240a1f\"><a href=\"https:\/\/area42.tech\/fr\/evenement\/17-fevrier-2026-e-commerce-berlin-expo-2026\/\">17 f\u00e9vrier 2026 | E-commerce Berlin Expo 2026<\/a><\/h4>\n\n\n<div class=\"gb-container gb-container-09cf6c1a\">\n<div class=\"post-author wp-block-post-author\"><div class=\"wp-block-post-author__avatar\"><img alt='AREA42 icon' src='https:\/\/area42.tech\/wp-content\/uploads\/2025\/11\/cropped-A42-web-1-24x24.png' srcset='https:\/\/area42.tech\/wp-content\/uploads\/2025\/11\/cropped-A42-web-1-48x48.png 2x' class='avatar avatar-24 photo' height='24' width='24' \/><\/div><div class=\"wp-block-post-author__content\"><p class=\"wp-block-post-author__name\">AREA42<\/p><\/div><\/div>\n\n<div class=\"post-author wp-block-post-date\"><time datetime=\"2025-12-02T13:04:37+00:00\">2 d\u00e9cembre 2025<\/time><\/div>\n<\/div>\n\n\n<a class=\"gb-text gb-text-b93f6397\" href=\"https:\/\/area42.tech\/fr\/evenement\/17-fevrier-2026-e-commerce-berlin-expo-2026\/\"><strong>Lire l&rsquo;article<\/strong><\/a>\n<\/div>\n\n<\/div><\/div>\n<\/div>\n\n<\/div>\n<\/div>\n\n<div class=\"gb-container gb-container-1f08a383\">\n<div class=\"gb-container gb-container-2d220ddf\">\n<div class=\"gb-container gb-container-687a13ae\">\n<div class=\"gb-container gb-container-d1b33ce0\">\n\n<h2 class=\"wp-block-heading has-text-align-left\">Nous contacter<\/h2>\n\n\n\n<div class=\"gb-element-33af3dc2\">\n<div class=\"gb-element-c4d6a499\">\n<div>\n<figure class=\"wp-block-image size-full\"><img decoding=\"async\" src=\"https:\/\/area42.tech\/wp-content\/uploads\/2025\/12\/Benoit.png\" alt=\"Benoit Langue, AREA42\" class=\"wp-image-2986\"\/><\/figure>\n<\/div>\n\n\n\n<div>\n<h3 class=\"wp-block-heading\">Bonjour, je suis Benoit!<\/h3>\n\n\n\n<p>Je serais ravi de discuter avec vous de la mani\u00e8re dont nous pouvons aider votre entreprise gr\u00e2ce \u00e0 nos solutions de fonds de roulement. Je me r\u00e9jouis de vous rencontrer et de r\u00e9pondre \u00e0 toutes vos questions concernant AREA42. <\/p>\n\n\n\n<div class=\"wp-block-buttons is-layout-flex wp-block-buttons-is-layout-flex\">\n<div class=\"wp-block-button\" id=\"cta-ROI\"><a class=\"wp-block-button__link has-base-3-color has-credendo-orange-background-color has-text-color has-background wp-element-button\" href=\"https:\/\/area42.tech\/fr\/nous-contacter\/\" style=\"border-radius:100px\"><strong>Nous contacter <\/strong><\/a><\/div>\n\n\n\n<div class=\"wp-block-button is-style-fill\"><a class=\"wp-block-button__link has-charcoal-color has-vintage-gold-background-color has-text-color has-background wp-element-button\" href=\"https:\/\/area42.tech\/fr\/parlez-a-un-expert\/\" style=\"border-radius:100px\"><strong>Parlez \u00e0 un expert<\/strong><\/a><\/div>\n<\/div>\n<\/div>\n<\/div>\n<\/div>\n\n<\/div>\n<\/div>\n<\/div>\n<\/div>","protected":false},"excerpt":{"rendered":"<p>Nous contacter Bonjour, je suis Benoit! Je serais ravi de discuter avec vous de la mani\u00e8re dont nous pouvons aider votre entreprise gr\u00e2ce \u00e0 nos solutions de fonds de roulement. Je me r\u00e9jouis de vous rencontrer et de r\u00e9pondre \u00e0 toutes vos questions concernant AREA42.<\/p>\n","protected":false},"author":3,"featured_media":2789,"parent":0,"menu_order":0,"comment_status":"closed","ping_status":"closed","template":"","meta":{"content-type":"","footnotes":""},"class_list":["post-2894","page","type-page","status-publish","has-post-thumbnail"],"_links":{"self":[{"href":"https:\/\/area42.tech\/fr\/wp-json\/wp\/v2\/pages\/2894","targetHints":{"allow":["GET"]}}],"collection":[{"href":"https:\/\/area42.tech\/fr\/wp-json\/wp\/v2\/pages"}],"about":[{"href":"https:\/\/area42.tech\/fr\/wp-json\/wp\/v2\/types\/page"}],"author":[{"embeddable":true,"href":"https:\/\/area42.tech\/fr\/wp-json\/wp\/v2\/users\/3"}],"replies":[{"embeddable":true,"href":"https:\/\/area42.tech\/fr\/wp-json\/wp\/v2\/comments?post=2894"}],"version-history":[{"count":11,"href":"https:\/\/area42.tech\/fr\/wp-json\/wp\/v2\/pages\/2894\/revisions"}],"predecessor-version":[{"id":3222,"href":"https:\/\/area42.tech\/fr\/wp-json\/wp\/v2\/pages\/2894\/revisions\/3222"}],"wp:featuredmedia":[{"embeddable":true,"href":"https:\/\/area42.tech\/fr\/wp-json\/wp\/v2\/media\/2789"}],"wp:attachment":[{"href":"https:\/\/area42.tech\/fr\/wp-json\/wp\/v2\/media?parent=2894"}],"curies":[{"name":"wp","href":"https:\/\/api.w.org\/{rel}","templated":true}]}}