{"id":2882,"date":"2025-12-09T13:22:57","date_gmt":"2025-12-09T13:22:57","guid":{"rendered":"https:\/\/area42.tech\/conditions-de-paiement-de-termstech-et-bnpl-b2b\/solutions-en-ligne-et-hors-ligne-de-termstech\/"},"modified":"2026-03-31T10:09:41","modified_gmt":"2026-03-31T09:09:41","slug":"solutions-en-ligne-et-hors-ligne-de-termstech","status":"publish","type":"page","link":"https:\/\/area42.tech\/fr\/conditions-de-paiement-de-termstech-et-bnpl-b2b\/solutions-en-ligne-et-hors-ligne-de-termstech\/","title":{"rendered":"Solutions en ligne et hors ligne de TermsTech"},"content":{"rendered":"<div class=\"gb-container gb-container-512c6f50 sticky-subnav\">\n<div class=\"gb-container gb-container-033ee372\">\n<div class=\"gb-container gb-container-2b9dc68c\">\n<div class=\"gb-container gb-container-23851862\">\n\n<figure class=\"wp-block-image size-full is-resized\"><a href=\"https:\/\/area42.tech\/fr\/conditions-de-paiement-de-termstech-et-bnpl-b2b\/\"><img decoding=\"async\" src=\"https:\/\/area42.tech\/wp-content\/uploads\/2025\/11\/FF-Mixed-colours-with-gold.svg\" alt=\"Logo TermsTech pour les conditions de paiement diff\u00e9r\u00e9 d'AREA42 et la solution B2B \u00ab Achetez maintenant, payez plus tard \u00bb (BNPL)\" class=\"wp-image-522\" style=\"width:auto;height:35px\"\/><\/a><\/figure>\n\n\n\n<div class=\"gb-element-388ee14c subnav-link\"><style>.wp-block-kadence-navigation3266-cpt-id{--kb-nav-dropdown-link-color:var(--base-3);--kb-nav-dropdown-link-color-hover:var(--credendo-orange);--kb-nav-dropdown-background:var(--credendo-eggplant);--kb-nav-dropdown-link-background-hover:var(--base-3);--kb-nav-dropdown-border-top-left-radius:5px;--kb-nav-dropdown-border-top-right-radius:5px;--kb-nav-dropdown-border-bottom-right-radius:5px;--kb-nav-dropdown-border-bottom-left-radius:5px;--kb-nav-dropdown-border-radius-top:5px;--kb-nav-dropdown-border-radius-right:5px;--kb-nav-dropdown-border-radius-bottom:5px;--kb-nav-dropdown-border-radius-left:5px;--kb-nav-dropdown-toggle-border-left:var(--kb-nav-link-border-left);--kb-nav-top-not-last-link-border-bottom:var(--kb-nav-link-border-bottom);}.header-desktop-transparent .wp-block-kadence-navigation3266-cpt-id{--kb-nav-dropdown-toggle-border-left:var(--kb-nav-link-border-left);--kb-nav-top-not-last-link-border-bottom:var(--kb-nav-link-border-bottom);}.item-is-stuck .wp-block-kadence-navigation3266-cpt-id{--kb-nav-dropdown-toggle-border-left:var(--kb-nav-link-border-left);--kb-nav-top-not-last-link-border-bottom:var(--kb-nav-link-border-bottom);}.wp-block-kadence-navigation3266-cpt-id{--kb-nav-top-link-color:var(--contrast);--kb-nav-top-link-color-hover:var(--credendo-orange);}.wp-block-kadence-navigation3266-cpt-id > .navigation > .menu-container > .menu > .wp-block-kadence-navigation-link > .kb-link-wrap{font-weight:bold;}.wp-block-kadence-navigation3266-cpt-id .sub-menu > .wp-block-kadence-navigation-link > .kb-link-wrap > .kb-nav-link-content{font-weight:bold;}@media all and (max-width: 1024px){.wp-block-kadence-navigation3266-cpt-id{--kb-nav-dropdown-toggle-border-left:var(--kb-nav-link-border-left);--kb-nav-top-not-last-link-border-bottom:var(--kb-nav-link-border-bottom);}}@media all and (max-width: 1024px){.header-tablet-transparent .wp-block-kadence-navigation3266-cpt-id{--kb-nav-dropdown-toggle-border-left:var(--kb-nav-link-border-left);--kb-nav-top-not-last-link-border-bottom:var(--kb-nav-link-border-bottom);}}@media all and (max-width: 1024px){.item-is-stuck .wp-block-kadence-navigation3266-cpt-id{--kb-nav-dropdown-toggle-border-left:var(--kb-nav-link-border-left);--kb-nav-top-not-last-link-border-bottom:var(--kb-nav-link-border-bottom);}}@media all and (max-width: 767px){.wp-block-kadence-navigation3266-cpt-id{--kb-nav-dropdown-toggle-border-left:var(--kb-nav-link-border-left);--kb-nav-top-not-last-link-border-bottom:var(--kb-nav-link-border-bottom);}.header-mobile-transparent .wp-block-kadence-navigation3266-cpt-id{--kb-nav-dropdown-toggle-border-left:var(--kb-nav-link-border-left);--kb-nav-top-not-last-link-border-bottom:var(--kb-nav-link-border-bottom);}.item-is-stuck .wp-block-kadence-navigation3266-cpt-id{--kb-nav-dropdown-toggle-border-left:var(--kb-nav-link-border-left);--kb-nav-top-not-last-link-border-bottom:var(--kb-nav-link-border-bottom);}}<\/style><div class=\"wp-block-kadence-navigation3266-cpt-id kb-nav-desktop-horizontal-layout-standard kb-nav-tablet-horizontal-layout-standard kb-nav-mobile-horizontal-layout-standard navigation-desktop-layout-fill-stretch-false navigation-tablet-layout-fill-stretch-false navigation-mobile-layout-fill-stretch-false navigation-desktop-orientation-horizontal navigation-tablet-orientation-horizontal navigation-mobile-orientation-horizontal wp-block-kadence-navigation\" data-scroll-spy=\"\"><nav class=\"navigation navigation-desktop-style-standard navigation-tablet-style-standard navigation-mobile-style-standard navigation-desktop-dropdown-animation-none navigation-tablet-dropdown-animation-none navigation-mobile-dropdown-animation-none navigation-desktop-collapse-sub-menus-true navigation-tablet-collapse-sub-menus-true navigation-mobile-collapse-sub-menus-true navigation-desktop-parent-toggles-menus-false navigation-tablet-parent-toggles-menus-false navigation-mobile-parent-toggles-menus-false navigation-desktop-parent-active-false navigation-tablet-parent-active-false navigation-mobile-parent-active-false\"><div class=\"menu-container\"><ul class=\"kb-navigation menu collapse-sub-nav-desktop-true collapse-sub-nav-tablet-true collapse-sub-nav-mobile-true\">\n<style>.kb-nav-link-2878_111e7e-f4 > .kb-link-wrap.kb-link-wrap.kb-link-wrap.kb-link-wrap{--kb-nav-link-highlight-order:3;--kb-nav-link-highlight-icon-order:3;}.kb-nav-link-2878_111e7e-f4 > .kb-link-wrap.kb-link-wrap.kb-link-wrap.kb-link-wrap{--kb-nav-link-media-max-width:px;}<\/style><li class=\"kb-nav-link-2878_111e7e-f4 menu-item wp-block-kadence-navigation-link\"><div class=\"kb-link-wrap\"><a class=\"kb-nav-link-content\" href=\"https:\/\/area42.tech\/fr\/conditions-de-paiement-de-termstech-et-bnpl-b2b\/solutions-en-ligne-et-hors-ligne-de-termstech\/\">Solutions<\/a><\/div><\/li>\n\n<style>.kb-nav-link-2878_20184e-df > .kb-link-wrap.kb-link-wrap.kb-link-wrap.kb-link-wrap{--kb-nav-link-highlight-order:3;--kb-nav-link-highlight-icon-order:3;}.kb-nav-link-2878_20184e-df > .kb-link-wrap.kb-link-wrap.kb-link-wrap.kb-link-wrap{--kb-nav-link-media-max-width:px;}<\/style><li class=\"kb-nav-link-2878_20184e-df menu-item menu-item-has-children wp-block-kadence-navigation-link\"><div class=\"kb-link-wrap\"><a class=\"kb-nav-link-content\" href=\"https:\/\/area42.tech\/fr\/cas-dutilisation-dans-lindustrie\/\">Cas d&rsquo;utilisation dans l&rsquo;industrie<\/a><button aria-label=\"Toggle child menu of Cas d&#039;utilisation dans l&#039;industrie\" class=\"kb-nav-dropdown-toggle-btn\" aria-expanded=\"false\"><svg aria-hidden=\"true\" class=\"kb-nav-arrow-svg\" fill=\"currentColor\" version=\"1.1\" xmlns=\"http:\/\/www.w3.org\/2000\/svg\" width=\"24\" height=\"24\" viewBox=\"0 0 24 24\"><path d=\"M5.293 9.707l6 6c0.391 0.391 1.024 0.391 1.414 0l6-6c0.391-0.391 0.391-1.024 0-1.414s-1.024-0.391-1.414 0l-5.293 5.293-5.293-5.293c-0.391-0.391-1.024-0.391-1.414 0s-0.391 1.024 0 1.414z\"><\/path><\/svg><\/button><\/div><ul class=\"sub-menu kb-nav-sub-menu\">\n<style>.kb-nav-link-2878_23bcee-7f > .kb-link-wrap.kb-link-wrap.kb-link-wrap.kb-link-wrap{--kb-nav-link-highlight-order:3;--kb-nav-link-highlight-icon-order:3;}.kb-nav-link-2878_23bcee-7f > .kb-link-wrap.kb-link-wrap.kb-link-wrap.kb-link-wrap{--kb-nav-link-media-max-width:px;}<\/style><li class=\"kb-nav-link-2878_23bcee-7f menu-item wp-block-kadence-navigation-link\"><div class=\"kb-link-wrap\"><a class=\"kb-nav-link-content\" href=\"https:\/\/area42.tech\/fr\/cas-dutilisation-industriel\/bnpl-pour-le-secteur-agricole\/\">BNPL pour l&rsquo;agriculture<\/a><\/div><\/li>\n\n<style>.kb-nav-link-2878_d846d3-93 > .kb-link-wrap.kb-link-wrap.kb-link-wrap.kb-link-wrap{--kb-nav-link-highlight-order:3;--kb-nav-link-highlight-icon-order:3;}.kb-nav-link-2878_d846d3-93 > .kb-link-wrap.kb-link-wrap.kb-link-wrap.kb-link-wrap{--kb-nav-link-media-max-width:px;}<\/style><li class=\"kb-nav-link-2878_d846d3-93 menu-item wp-block-kadence-navigation-link\"><div class=\"kb-link-wrap\"><a class=\"kb-nav-link-content\" href=\"https:\/\/area42.tech\/fr\/cas-dutilisation-industriel\/bnpl-pour-les-appareils-electroniques\/\">BNPL pour les appareils \u00e9lectroniques<\/a><\/div><\/li>\n\n<style>.kb-nav-link-2878_801a9d-99 > .kb-link-wrap.kb-link-wrap.kb-link-wrap.kb-link-wrap{--kb-nav-link-highlight-order:3;--kb-nav-link-highlight-icon-order:3;}.kb-nav-link-2878_801a9d-99 > .kb-link-wrap.kb-link-wrap.kb-link-wrap.kb-link-wrap{--kb-nav-link-media-max-width:px;}<\/style><li class=\"kb-nav-link-2878_801a9d-99 menu-item wp-block-kadence-navigation-link\"><div class=\"kb-link-wrap\"><a class=\"kb-nav-link-content\" href=\"https:\/\/area42.tech\/fr\/cas-dutilisation-industriel\/bnpl-pour-les-evenements-et-le-secteur-de-lhotellerie-restauration\/\">BNPL pour les \u00e9v\u00e9nements et l&rsquo;h\u00f4tellerie<\/a><\/div><\/li>\n\n<style>.kb-nav-link-2878_cfc2df-f5 > .kb-link-wrap.kb-link-wrap.kb-link-wrap.kb-link-wrap{--kb-nav-link-highlight-order:3;--kb-nav-link-highlight-icon-order:3;}.kb-nav-link-2878_cfc2df-f5 > .kb-link-wrap.kb-link-wrap.kb-link-wrap.kb-link-wrap{--kb-nav-link-media-max-width:px;}<\/style><li class=\"kb-nav-link-2878_cfc2df-f5 menu-item wp-block-kadence-navigation-link\"><div class=\"kb-link-wrap\"><a class=\"kb-nav-link-content\" href=\"https:\/\/area42.tech\/fr\/cas-dutilisation-industriel\/bnpl-pour-les-produits-alimentaires-et-les-boissons\/\">BNPL pour l&rsquo;alimentation et les boissons<\/a><\/div><\/li>\n\n<style>.kb-nav-link-2878_605c12-ec > .kb-link-wrap.kb-link-wrap.kb-link-wrap.kb-link-wrap{--kb-nav-link-highlight-order:3;--kb-nav-link-highlight-icon-order:3;}.kb-nav-link-2878_605c12-ec > .kb-link-wrap.kb-link-wrap.kb-link-wrap.kb-link-wrap{--kb-nav-link-media-max-width:px;}<\/style><li class=\"kb-nav-link-2878_605c12-ec menu-item wp-block-kadence-navigation-link\"><div class=\"kb-link-wrap\"><a class=\"kb-nav-link-content\" href=\"https:\/\/area42.tech\/fr\/cas-dutilisation-industriel\/bnpl-pour-le-transport-et-la-logistique\/\">BNPL pour le transport et la logistique<\/a><\/div><\/li>\n<\/ul><\/li>\n\n<style>.kb-nav-link-2878_cd5b42-6c > .kb-link-wrap.kb-link-wrap.kb-link-wrap.kb-link-wrap{--kb-nav-link-highlight-order:3;--kb-nav-link-highlight-icon-order:3;}.kb-nav-link-2878_cd5b42-6c > .kb-link-wrap.kb-link-wrap.kb-link-wrap.kb-link-wrap{--kb-nav-link-media-max-width:px;}<\/style><li class=\"kb-nav-link-2878_cd5b42-6c menu-item wp-block-kadence-navigation-link\"><div class=\"kb-link-wrap\"><a class=\"kb-nav-link-content\" href=\"https:\/\/area42.tech\/fr\/conditions-de-paiement-de-termstech-et-bnpl-b2b\/#faq\">FAQ<\/a><\/div><\/li>\n\n<style>.kb-nav-link-2878_0bdbd2-3e > .kb-link-wrap.kb-link-wrap.kb-link-wrap.kb-link-wrap{--kb-nav-link-highlight-order:3;--kb-nav-link-highlight-icon-order:3;}.kb-nav-link-2878_0bdbd2-3e > .kb-link-wrap.kb-link-wrap.kb-link-wrap.kb-link-wrap{--kb-nav-link-media-max-width:px;}<\/style><li class=\"kb-nav-link-2878_0bdbd2-3e menu-item wp-block-kadence-navigation-link\"><div class=\"kb-link-wrap\"><a class=\"kb-nav-link-content\" href=\"https:\/\/credendo-dev.outsystemsenterprise.com\/termstechdocumentation\/\" target=\"_blank\" rel=\"noopener\">D\u00e9veloppeurs<\/a><\/div><\/li>\n\n<style>.kb-nav-link-i670g4767 > .kb-link-wrap.kb-link-wrap.kb-link-wrap.kb-link-wrap{--kb-nav-link-highlight-order:3;--kb-nav-link-highlight-icon-order:3;}.kb-nav-link-i670g4767 > .kb-link-wrap.kb-link-wrap.kb-link-wrap.kb-link-wrap{--kb-nav-link-media-max-width:px;}<\/style><li class=\"kb-nav-link-i670g4767 menu-item wp-block-kadence-navigation-link\"><div class=\"kb-link-wrap\"><a class=\"kb-nav-link-content\" href=\"https:\/\/area42.tech\/alternative-collection\/\">Alternatives<\/a><\/div><\/li>\n<\/ul><\/div><\/nav><\/div>\n\n\n<div class=\"wp-block-buttons is-layout-flex wp-block-buttons-is-layout-flex\">\n<div class=\"wp-block-button primarybut\"><a class=\"wp-block-button__link has-base-3-color has-credendo-orange-background-color has-text-color has-background wp-element-button\" href=\"https:\/\/area42.tech\/fr\/parlez-a-un-expert\/\" style=\"border-radius:100px\"><strong>Parlez \u00e0 un expert<\/strong><\/a><\/div>\n<\/div>\n<\/div>\n\n<\/div>\n<\/div>\n<\/div>\n<\/div>\n\n<div class=\"gb-container gb-container-f2c5f36c\">\n<div class=\"gb-grid-wrapper gb-grid-wrapper-cfbb0016\">\n<div class=\"gb-grid-column gb-grid-column-4c6e73aa\"><div class=\"gb-container gb-container-4c6e73aa\">\n\n<h1 class=\"wp-block-heading has-area-42-eggplant-color has-text-color\"><strong>Solutions en ligne et hors ligne de TermsTech<\/strong><\/h1>\n\n\n\n<p class=\"has-area-42-eggplant-color has-text-color\">Nos briques technologiques s&rsquo;adaptent facilement aux besoins et aux sp\u00e9cificit\u00e9s de tous les commer\u00e7ants, quelle que soit leur taille ou leur secteur d&rsquo;activit\u00e9, depuis les solutions h\u00e9berg\u00e9es cl\u00e9s en main simples (par exemple pour les ventes hors ligne) jusqu&rsquo;aux solutions enti\u00e8rement int\u00e9gr\u00e9es (int\u00e9gr\u00e9es \u00e0 votre site de commerce \u00e9lectronique ou \u00e0 votre place de march\u00e9 en ligne).<\/p>\n\n\n\n<div class=\"gb-element-a2dfceaa\">\n<a class=\"gb-text gb-text-31971ab9 primaryb\" href=\"https:\/\/area42.tech\/fr\/nous-contacter\/\"><strong>Nous contacter<\/strong><\/a>\n\n\n\n<a class=\"gb-text gb-text-552cbf21 primaryb\" href=\"https:\/\/area42.tech\/fr\/parlez-a-un-expert\/\"><strong>Parlez \u00e0 un expert<\/strong><\/a>\n<\/div>\n\n<\/div><\/div>\n\n<div class=\"gb-grid-column gb-grid-column-cf078157\"><div class=\"gb-container gb-container-cf078157 hide-on-mobile \">\n\n<figure class=\"wp-block-image size-full\"><img loading=\"lazy\" decoding=\"async\" width=\"640\" height=\"466\" src=\"https:\/\/area42.tech\/wp-content\/uploads\/2025\/12\/TTsolutionsmain.png\" alt=\"\" class=\"wp-image-1710\" srcset=\"https:\/\/area42.tech\/wp-content\/uploads\/2025\/12\/TTsolutionsmain.png 640w, https:\/\/area42.tech\/wp-content\/uploads\/2025\/12\/TTsolutionsmain-300x218.png 300w\" sizes=\"auto, (max-width: 640px) 100vw, 640px\" \/><\/figure>\n\n<\/div><\/div>\n<\/div>\n<\/div>\n\n<div class=\"gb-container gb-container-12049e89\">\n<div class=\"gb-container gb-container-dbbeeb4e\">\n<div class=\"gb-container gb-container-5fd3dd33\">\n<div class=\"gb-grid-wrapper gb-grid-wrapper-b465c5be\">\n<div class=\"gb-grid-column gb-grid-column-19004d22\"><div class=\"gb-container gb-container-19004d22\">\n\n<h2 class=\"wp-block-heading has-area-42-eggplant-color has-text-color\"><strong>Que proposons-nous?<\/strong><\/h2>\n\n\n\n<h3 class=\"wp-block-heading\">Solution h\u00e9berg\u00e9e<\/h3>\n\n\n\n<p class=\"has-area-42-eggplant-color has-text-color\">Parfait pour les ventes multicanal. Qu\u2019ils passent une commande en magasin, par t\u00e9l\u00e9phone ou par courrier \u00e9lectronique, vos clients peuvent utiliser les conditions de paiement pour payer maintenant ou plus tard gr\u00e2ce \u00e0 notre solution h\u00e9berg\u00e9e. <\/p>\n\n\n\n<h3 class=\"wp-block-heading\">Solution embarqu\u00e9e<\/h3>\n\n\n\n<p class=\"has-area-42-eggplant-color has-text-color\">Con\u00e7u pour les plateformes de commerce \u00e9lectronique. Qu\u2019il s\u2019agisse de flux de travail complexes pour des plateformes multipartites ou d\u2019int\u00e9grations simples avec des exp\u00e9riences utilisateur optimales. <\/p>\n\n<\/div><\/div>\n\n<div class=\"gb-grid-column gb-grid-column-290e31ab\"><div class=\"gb-container gb-container-290e31ab hide-on-mobile \">\n\n<figure class=\"wp-block-image size-full\"><img loading=\"lazy\" decoding=\"async\" width=\"512\" height=\"533\" src=\"https:\/\/area42.tech\/wp-content\/uploads\/2025\/12\/weoffer.png\" alt=\"\" class=\"wp-image-1711\" srcset=\"https:\/\/area42.tech\/wp-content\/uploads\/2025\/12\/weoffer.png 512w, https:\/\/area42.tech\/wp-content\/uploads\/2025\/12\/weoffer-288x300.png 288w\" sizes=\"auto, (max-width: 512px) 100vw, 512px\" \/><\/figure>\n\n<\/div><\/div>\n<\/div>\n<\/div>\n\n<div class=\"gb-container gb-container-81beb266\">\n<div class=\"gb-grid-wrapper gb-grid-wrapper-9404a8d6\">\n<div class=\"gb-grid-column gb-grid-column-ed308d62\"><div class=\"gb-container gb-container-ed308d62 hide-on-mobile \">\n\n<figure class=\"wp-block-image size-full\"><img loading=\"lazy\" decoding=\"async\" width=\"512\" height=\"533\" src=\"https:\/\/area42.tech\/wp-content\/uploads\/2025\/12\/youuseit.png\" alt=\"\" class=\"wp-image-1712\" srcset=\"https:\/\/area42.tech\/wp-content\/uploads\/2025\/12\/youuseit.png 512w, https:\/\/area42.tech\/wp-content\/uploads\/2025\/12\/youuseit-288x300.png 288w\" sizes=\"auto, (max-width: 512px) 100vw, 512px\" \/><\/figure>\n\n<\/div><\/div>\n\n<div class=\"gb-grid-column gb-grid-column-85386bb7\"><div class=\"gb-container gb-container-85386bb7\">\n\n<h2 class=\"wp-block-heading has-area-42-eggplant-color has-text-color\"><strong>Comment l\u2019utiliserez-vous ?<\/strong><\/h2>\n\n\n\n<h3 class=\"wp-block-heading\">Solution h\u00e9berg\u00e9e<\/h3>\n\n\n\n<p class=\"has-area-42-eggplant-color has-text-color\">Notre passerelle de paiement h\u00e9berg\u00e9e redirige vos acheteurs vers une page de paiement s\u00e9curis\u00e9e que nous g\u00e9rons. Nous mettons en place la passerelle pour vous. Il vous suffit de fournir le lien de paiement ou de d\u00e9clencher un courrier \u00e9lectronique automatis\u00e9 \u00e0 vos utilisateurs au point de vente.  <\/p>\n\n\n\n<h3 class=\"wp-block-heading\">Solution embarqu\u00e9e<\/h3>\n\n\n\n<p class=\"has-area-42-eggplant-color has-text-color\">Notre passerelle de paiement sera int\u00e9gr\u00e9e \u00e0 votre commerce \u00e9lectronique ou \u00e0 votre place de march\u00e9 gr\u00e2ce \u00e0 nos API REST et \u00e0 nos webhooks. Nous avons d\u00e9lib\u00e9r\u00e9ment con\u00e7u nos API pour qu\u2019elles s\u2019int\u00e8grent parfaitement \u00e0 votre infrastructure existante. Si n\u00e9cessaire, nos d\u00e9veloppeurs vous assistent pour une adaptation parfaite.  <\/p>\n\n<\/div><\/div>\n<\/div>\n<\/div>\n\n<div class=\"gb-container gb-container-172329c5\">\n<div class=\"gb-grid-wrapper gb-grid-wrapper-9a3a0dbc\">\n<div class=\"gb-grid-column gb-grid-column-f5d49a66\"><div class=\"gb-container gb-container-f5d49a66\">\n\n<h2 class=\"wp-block-heading has-area-42-eggplant-color has-text-color\"><strong>Quelle solution est la meilleure pour vous ?<\/strong><\/h2>\n\n\n\n<h3 class=\"wp-block-heading\">Solution h\u00e9berg\u00e9e<\/h3>\n\n\n\n<p class=\"has-area-42-eggplant-color has-text-color\">Les PME qui traitent hors ligne ou qui souhaitent une p\u00e9riode d\u2019essai avant de passer \u00e0 une int\u00e9gration compl\u00e8te.<\/p>\n\n\n\n<h3 class=\"wp-block-heading\">Solution embarqu\u00e9e<\/h3>\n\n\n\n<p class=\"has-area-42-eggplant-color has-text-color\">Plates-formes de commerce \u00e9lectronique interentreprises, y compris les places de march\u00e9 et autres mod\u00e8les commerciaux multipartites.<\/p>\n\n<\/div><\/div>\n\n<div class=\"gb-grid-column gb-grid-column-d17b6e0a\"><div class=\"gb-container gb-container-d17b6e0a hide-on-mobile \">\n\n<figure class=\"wp-block-image size-full\"><img loading=\"lazy\" decoding=\"async\" width=\"512\" height=\"533\" src=\"https:\/\/area42.tech\/wp-content\/uploads\/2025\/12\/solutionforyou.png\" alt=\"\" class=\"wp-image-1713\" srcset=\"https:\/\/area42.tech\/wp-content\/uploads\/2025\/12\/solutionforyou.png 512w, https:\/\/area42.tech\/wp-content\/uploads\/2025\/12\/solutionforyou-288x300.png 288w\" sizes=\"auto, (max-width: 512px) 100vw, 512px\" \/><\/figure>\n\n<\/div><\/div>\n<\/div>\n<\/div>\n\n<div class=\"gb-container gb-container-58846df1\">\n<div class=\"gb-grid-wrapper gb-grid-wrapper-87d55d9a\">\n<div class=\"gb-grid-column gb-grid-column-9af8bfcf\"><div class=\"gb-container gb-container-9af8bfcf hide-on-mobile \">\n\n<figure class=\"wp-block-image size-full\"><img loading=\"lazy\" decoding=\"async\" width=\"512\" height=\"533\" src=\"https:\/\/area42.tech\/wp-content\/uploads\/2025\/12\/benefits.png\" alt=\"\" class=\"wp-image-1714\" srcset=\"https:\/\/area42.tech\/wp-content\/uploads\/2025\/12\/benefits.png 512w, https:\/\/area42.tech\/wp-content\/uploads\/2025\/12\/benefits-288x300.png 288w\" sizes=\"auto, (max-width: 512px) 100vw, 512px\" \/><\/figure>\n\n<\/div><\/div>\n\n<div class=\"gb-grid-column gb-grid-column-a97eb56b\"><div class=\"gb-container gb-container-a97eb56b\">\n\n<h2 class=\"wp-block-heading has-area-42-eggplant-color has-text-color\"><strong>Avantages<\/strong><\/h2>\n\n\n\n<h3 class=\"wp-block-heading\">Solution h\u00e9berg\u00e9e<\/h3>\n\n\n\n<p class=\"has-area-42-eggplant-color has-text-color\">Acc\u00e9dez rapidement \u00e0 des outils de paiement puissants sans aucune int\u00e9gration technique. Vous pouvez \u00eatre op\u00e9rationnel en quelques jours seulement. <\/p>\n\n\n\n<h3 class=\"wp-block-heading\">Solution embarqu\u00e9e<\/h3>\n\n\n\n<p class=\"has-area-42-eggplant-color has-text-color\">D\u00e9veloppez votre activit\u00e9 et am\u00e9liorez la conversion des ventes gr\u00e2ce \u00e0 nos flux de paiement con\u00e7us conjointement.<\/p>\n\n<\/div><\/div>\n<\/div>\n\n\n<div class=\"gb-element-a04b4f0a\">\n<a class=\"gb-text gb-text-44a28132 primaryb\" href=\"https:\/\/area42.tech\/fr\/parlez-a-un-expert\/\"><strong>Planifiez une r\u00e9union<\/strong><\/a>\n<\/div>\n\n<\/div>\n<\/div>\n<\/div>\n\n<div class=\"gb-container gb-container-1f08a383\">\n<div class=\"gb-container gb-container-2d220ddf\">\n<div class=\"gb-container gb-container-687a13ae\">\n<div class=\"gb-container gb-container-d1b33ce0\">\n\n<h2 class=\"wp-block-heading has-text-align-left\">Nous contacter<\/h2>\n\n\n\n<div class=\"gb-element-33af3dc2\">\n<div class=\"gb-element-c4d6a499\">\n<div>\n<figure class=\"wp-block-image size-full\"><img decoding=\"async\" src=\"https:\/\/area42.tech\/wp-content\/uploads\/2025\/12\/Benoit.png\" alt=\"Benoit Langue, AREA42\" class=\"wp-image-3336\"\/><\/figure>\n<\/div>\n\n\n\n<div>\n<h3 class=\"wp-block-heading\">Bonjour, je suis Benoit!<\/h3>\n\n\n\n<p>Je serais ravi de discuter avec vous de la mani\u00e8re dont nous pouvons aider votre entreprise gr\u00e2ce \u00e0 nos solutions de fonds de roulement. Je me r\u00e9jouis de vous rencontrer et de r\u00e9pondre \u00e0 toutes vos questions concernant AREA42. <\/p>\n\n\n\n<div class=\"gb-element-31319d0d\">\n<a class=\"gb-text gb-text-caa082f8 primaryb\" href=\"https:\/\/area42.tech\/fr\/nous-contacter\/\"><strong>Nous contacter<\/strong><\/a>\n\n\n\n<a class=\"gb-text gb-text-bc89b41d primaryb\" href=\"https:\/\/area42.tech\/fr\/parlez-a-un-expert\/\"><strong>Parlez \u00e0 un expert<\/strong><\/a>\n<\/div>\n<\/div>\n<\/div>\n<\/div>\n\n<\/div>\n<\/div>\n<\/div>\n<\/div>","protected":false},"excerpt":{"rendered":"<p>Planifiez une r\u00e9union Nous contacter Bonjour, je suis Benoit! Je serais ravi de discuter avec vous de la mani\u00e8re dont nous pouvons aider votre entreprise gr\u00e2ce \u00e0 nos solutions de fonds de roulement. Je me r\u00e9jouis de vous rencontrer et de r\u00e9pondre \u00e0 toutes vos questions concernant AREA42. Nous contacter Parlez \u00e0 un expert<\/p>\n","protected":false},"author":3,"featured_media":2828,"parent":2878,"menu_order":0,"comment_status":"closed","ping_status":"closed","template":"","meta":{"content-type":"","footnotes":""},"class_list":["post-2882","page","type-page","status-publish","has-post-thumbnail"],"_links":{"self":[{"href":"https:\/\/area42.tech\/fr\/wp-json\/wp\/v2\/pages\/2882","targetHints":{"allow":["GET"]}}],"collection":[{"href":"https:\/\/area42.tech\/fr\/wp-json\/wp\/v2\/pages"}],"about":[{"href":"https:\/\/area42.tech\/fr\/wp-json\/wp\/v2\/types\/page"}],"author":[{"embeddable":true,"href":"https:\/\/area42.tech\/fr\/wp-json\/wp\/v2\/users\/3"}],"replies":[{"embeddable":true,"href":"https:\/\/area42.tech\/fr\/wp-json\/wp\/v2\/comments?post=2882"}],"version-history":[{"count":5,"href":"https:\/\/area42.tech\/fr\/wp-json\/wp\/v2\/pages\/2882\/revisions"}],"predecessor-version":[{"id":3392,"href":"https:\/\/area42.tech\/fr\/wp-json\/wp\/v2\/pages\/2882\/revisions\/3392"}],"up":[{"embeddable":true,"href":"https:\/\/area42.tech\/fr\/wp-json\/wp\/v2\/pages\/2878"}],"wp:featuredmedia":[{"embeddable":true,"href":"https:\/\/area42.tech\/fr\/wp-json\/wp\/v2\/media\/2828"}],"wp:attachment":[{"href":"https:\/\/area42.tech\/fr\/wp-json\/wp\/v2\/media?parent=2882"}],"curies":[{"name":"wp","href":"https:\/\/api.w.org\/{rel}","templated":true}]}}