{"id":2872,"date":"2025-11-28T13:10:33","date_gmt":"2025-11-28T13:10:33","guid":{"rendered":"https:\/\/area42.tech\/parlez-a-un-expert\/"},"modified":"2026-03-24T14:20:36","modified_gmt":"2026-03-24T14:20:36","slug":"parlez-a-un-expert","status":"publish","type":"page","link":"https:\/\/area42.tech\/fr\/parlez-a-un-expert\/","title":{"rendered":"Parlez \u00e0 un expert"},"content":{"rendered":"<div class=\"gb-container gb-container-f2c5f36c\">\n<div class=\"gb-grid-wrapper gb-grid-wrapper-cfbb0016 book-meeting-grid\">\n<div class=\"gb-grid-column gb-grid-column-4c6e73aa\"><div class=\"gb-container gb-container-4c6e73aa book-meeting-section\">\n<div class=\"gb-container gb-container-4475b617\">\n\n<h1 class=\"wp-block-heading eyebrow\">PARLEZ \u00c0 UN EXPERT D\u2019AREA42<\/h1>\n\n<\/div>\n\n\n<h2 class=\"wp-block-heading has-area-42-eggplant-color has-text-color\"><strong>R\u00e9servez une r\u00e9union d\u00e8s aujourd\u2019hui<\/strong><\/h2>\n\n\n\n<p class=\"has-area-42-eggplant-color has-text-color\">Am\u00e9liorez votre tr\u00e9sorerie et renforcez votre position en fonds de roulement D\u00c8S QUE POSSIBLE !<\/p>\n\n<\/div><\/div>\n\n<div class=\"gb-grid-column gb-grid-column-cf078157\"><div class=\"gb-container gb-container-cf078157 book-meeting-card\">\n\n<div class=\"gb-element-4e421e86\">\n<!-- Start of Meetings Embed Script -->\n<div class=\"meetings-iframe-container\" data-src=\"https:\/\/meetings-eu1.hubspot.com\/blangue\/terms-talk-to-an-expert-website-fr?embed=true\"><\/div>\n<script type=\"text\/javascript\" src=\"https:\/\/static.hsappstatic.net\/MeetingsEmbed\/ex\/MeetingsEmbedCode.js\"><\/script>\n<!-- End of Meetings Embed Script -->\n<\/div>\n\n<\/div><\/div>\n<\/div>\n<\/div>\n\n<div class=\"gb-container gb-container-63788205\">\n<div class=\"gb-container gb-container-f2fc40b7\">\n<div class=\"gb-grid-wrapper gb-grid-wrapper-21feb1e6\">\n<div class=\"gb-grid-column gb-grid-column-99984dc6\"><div class=\"gb-container gb-container-99984dc6\">\n<div class=\"gb-container gb-container-3ce2c69e\">\n\n<img loading=\"lazy\" decoding=\"async\" width=\"329\" height=\"268\" class=\"gb-media-c77c9498\" alt=\"Benoit Langue, AREA42\" src=\"https:\/\/area42.tech\/wp-content\/uploads\/2025\/12\/Benoit.png\" title=\"Benoit\" srcset=\"https:\/\/area42.tech\/wp-content\/uploads\/2025\/12\/Benoit.png 329w, https:\/\/area42.tech\/wp-content\/uploads\/2025\/12\/Benoit-300x244.png 300w\" sizes=\"auto, (max-width: 329px) 100vw, 329px\" \/>\n\n\n\n<h3 class=\"wp-block-heading eyebrown has-area-42-eggplant-color has-text-color\" style=\"font-size:20px\"><strong><strong>BONJOUR,<\/strong><\/strong>JE SUIS<strong><strong> <mark style=\"background-color:rgba(0, 0, 0, 0)\" class=\"has-inline-color has-credendo-orange-color\">BENOIT<\/mark><\/strong><\/strong><\/h3>\n\n<\/div>\n\n\n<p class=\"has-area-42-eggplant-color has-text-color\">J\u2019aimerais discuter de la mani\u00e8re dont nous pouvons aider votre entreprise avec nos conditions de paiement B2B ou nos autres solutions.<\/p>\n\n\n\n<p class=\"has-area-42-eggplant-color has-text-color\">Lors de notre premier appel, nous examinerons : <\/p>\n\n\n\n<ul class=\"wp-block-list\">\n<li>votre flux de paiement et identifierons les points de friction ainsi que les solutions possibles. <\/li>\n\n\n\n<li>comment AREA42 peut optimiser votre flux de paiement, renforcer votre tr\u00e9sorerie et celle de vos clients, et att\u00e9nuer le risque li\u00e9 au recouvrement.<\/li>\n\n\n\n<li>vos questions sp\u00e9cifiques.<\/li>\n<\/ul>\n\n<\/div><\/div>\n\n<div class=\"gb-grid-column gb-grid-column-cf427c3b\"><div class=\"gb-container gb-container-cf427c3b hide-on-mobile \"><\/div><\/div>\n<\/div>\n<\/div>\n<\/div>\n\n<div class=\"gb-container gb-container-2c5eaa38\">\n<div class=\"gb-container gb-container-349ed718\">\n<div class=\"gb-container gb-container-2ae12ba0\">\n<div class=\"gb-container gb-container-b324656b\">\n\n<h3 class=\"gb-headline gb-headline-859c55cc gb-headline-text\">AREA42 <strong>is a trusted partner of ambitious players:<\/strong><\/h3>\n\n<\/div>\n\n\n<div class=\"logo-carousel\" aria-label=\"Partner logos carousel\" role=\"region\">\n  <div class=\"logo-wrapper\">\n    <div class=\"logo-track\">\n      <!-- Set A -->\n      <img decoding=\"async\" src=\"https:\/\/area42.tech\/wp-content\/uploads\/2025\/11\/A42credendo.svg\" alt=\"Credendo logo\" loading=\"eager\"\/>\n      <img decoding=\"async\" src=\"https:\/\/area42.tech\/wp-content\/uploads\/2025\/11\/A42GreenGO.svg\" alt=\"Green-Go logo\" loading=\"eager\"\/>\n      <img decoding=\"async\" src=\"https:\/\/area42.tech\/wp-content\/uploads\/2025\/11\/A42Portomundi.svg\" alt=\"Logo de Portomundi, client d'AREA42\" loading=\"eager\"\/>\n      <img decoding=\"async\" src=\"https:\/\/area42.tech\/wp-content\/uploads\/2025\/11\/A42Digiteal.svg\" alt=\"Digiteal logo\" loading=\"eager\"\/>\n      <img decoding=\"async\" src=\"https:\/\/area42.tech\/wp-content\/uploads\/2026\/01\/A42Humanoid.svg\" alt=\"Humanoid logo\" loading=\"eager\"\/>\n      <img decoding=\"async\" src=\"https:\/\/area42.tech\/wp-content\/uploads\/2026\/01\/A42DCAdistribution.svg\" alt=\"DCA Distribution logo\" loading=\"eager\"\/>\n      <img decoding=\"async\" src=\"https:\/\/area42.tech\/wp-content\/uploads\/2026\/02\/A42Booster4Business.svg\" alt=\"Booster4Business logo\" loading=\"eager\"\/>\n      <img decoding=\"async\" src=\"https:\/\/area42.tech\/wp-content\/uploads\/2026\/02\/A42Fresh.svg\" alt=\"Fresh logo\" loading=\"eager\"\/>\n\n      <!-- Set B (duplicate, same order) -->\n      <img decoding=\"async\" src=\"https:\/\/area42.tech\/wp-content\/uploads\/2025\/11\/A42credendo.svg\" alt=\"\" aria-hidden=\"true\" loading=\"lazy\"\/>\n      <img decoding=\"async\" src=\"https:\/\/area42.tech\/wp-content\/uploads\/2025\/11\/A42GreenGO.svg\" alt=\"\" aria-hidden=\"true\" loading=\"lazy\"\/>\n      <img decoding=\"async\" src=\"https:\/\/area42.tech\/wp-content\/uploads\/2025\/11\/A42Portomundi.svg\" alt=\"\" aria-hidden=\"true\" loading=\"lazy\"\/>\n      <img decoding=\"async\" src=\"https:\/\/area42.tech\/wp-content\/uploads\/2025\/11\/A42Digiteal.svg\" alt=\"\" aria-hidden=\"true\" loading=\"lazy\"\/>\n      <img decoding=\"async\" src=\"https:\/\/area42.tech\/wp-content\/uploads\/2026\/01\/A42Humanoid.svg\" alt=\"\" aria-hidden=\"true\" loading=\"lazy\"\/>\n      <img decoding=\"async\" src=\"https:\/\/area42.tech\/wp-content\/uploads\/2026\/01\/A42DCAdistribution.svg\" alt=\"\" aria-hidden=\"true\" loading=\"lazy\"\/>\n      <img decoding=\"async\" src=\"https:\/\/area42.tech\/wp-content\/uploads\/2026\/02\/A42Booster4Business.svg\" alt=\"\" aria-hidden=\"true\" loading=\"lazy\"\/>\n      <img decoding=\"async\" src=\"https:\/\/area42.tech\/wp-content\/uploads\/2026\/02\/A42Fresh.svg\" alt=\"\" aria-hidden=\"true\" loading=\"lazy\"\/>\n    <\/div>\n  <\/div>\n<\/div>\n\n<style>\n.logo-carousel{\n  width:100%;\n  overflow:hidden;\n  background:#fff;\n  padding:20px 0;\n  position:relative;\n}\n.logo-wrapper{\n  display:flex;\n  align-items:center;\n  overflow:hidden;\n  position:relative;\n}\n.logo-track{\n  --logo-w:180px;\n  --logo-h:44px;\n  --gap:40px;\n\n  \/* n\u00ba de logos en UN set (A) *\/\n  --n: 8;\n\n  --step: calc(var(--logo-w) + var(--gap));\n  display:flex;\n  align-items:center;\n  gap:var(--gap);\n  will-change:transform;\n\n  \/* velocidad *\/\n  animation: logo-snap 40s linear infinite;\n}\n.logo-track img{\n  width:var(--logo-w);\n  height:var(--logo-h);\n  object-fit:contain;\n  flex:0 0 auto;\n}\n\n\/* 8 pasos (1 por logo), con pausa en cada uno *\/\n@keyframes logo-snap{\n  0%    { transform: translateX(0); }\n\n  3%    { transform: translateX(calc(-1 * var(--step) * 1)); }\n  12.5% { transform: translateX(calc(-1 * var(--step) * 1)); }\n\n  15.5% { transform: translateX(calc(-1 * var(--step) * 2)); }\n  25%   { transform: translateX(calc(-1 * var(--step) * 2)); }\n\n  28%   { transform: translateX(calc(-1 * var(--step) * 3)); }\n  37.5% { transform: translateX(calc(-1 * var(--step) * 3)); }\n\n  40.5% { transform: translateX(calc(-1 * var(--step) * 4)); }\n  50%   { transform: translateX(calc(-1 * var(--step) * 4)); }\n\n  53%   { transform: translateX(calc(-1 * var(--step) * 5)); }\n  62.5% { transform: translateX(calc(-1 * var(--step) * 5)); }\n\n  65.5% { transform: translateX(calc(-1 * var(--step) * 6)); }\n  75%   { transform: translateX(calc(-1 * var(--step) * 6)); }\n\n  78%   { transform: translateX(calc(-1 * var(--step) * 7)); }\n  87.5% { transform: translateX(calc(-1 * var(--step) * 7)); }\n\n  90.5% { transform: translateX(calc(-1 * var(--step) * 8)); }\n  100%  { transform: translateX(calc(-1 * var(--step) * 8)); }\n}\n\n@media (prefers-reduced-motion: reduce){\n  .logo-track{ animation:none; }\n}\n<\/style>\n\n<\/div>\n<\/div>\n\n<div class=\"gb-container gb-container-f7f5d5da\">\n<div class=\"gb-container gb-container-652f6d17\">\n<div class=\"gb-container gb-container-57aad49e\">\n<div class=\"gb-container gb-container-b4ceb9aa\">\n\n<h2 class=\"wp-block-heading has-text-align-left\">Pourquoi les clients appr\u00e9cient les solutions AREA42<\/h2>\n\n<\/div>\n<\/div>\n\n\n<div class=\"gb-element-32c61c01\">\n<div class=\"gb-element-817b8514\">\n<div class=\"gb-element-d3a1cb8a\">\n<figure class=\"wp-block-image size-full\"><img loading=\"lazy\" decoding=\"async\" width=\"373\" height=\"268\" src=\"https:\/\/area42.tech\/wp-content\/uploads\/2025\/11\/Koen-Vanhentenrijk.png\" alt=\"\" class=\"wp-image-327\" srcset=\"https:\/\/area42.tech\/wp-content\/uploads\/2025\/11\/Koen-Vanhentenrijk.png 373w, https:\/\/area42.tech\/wp-content\/uploads\/2025\/11\/Koen-Vanhentenrijk-300x216.png 300w\" sizes=\"auto, (max-width: 373px) 100vw, 373px\" \/><\/figure>\n\n\n\n<p class=\"has-credendo-black-color has-text-color has-link-color wp-elements-3349fa9d794ca0b8e91cb7b32d61545e\">TermsTech permet \u00e0 Portomundi d\u2019offrir \u00e0 nos utilisateurs une exp\u00e9rience de recharge int\u00e9ressante et plus flexible. Ils fournissent les fonds, donnent \u00e0 nos utilisateurs plus de temps pour payer et ont relev\u00e9 le niveau du support et du succ\u00e8s utilisateur. La coop\u00e9ration avec Terms.Tech a d\u00e9finitivement conduit \u00e0 une efficacit\u00e9 administrative accrue pour notre communaut\u00e9 d\u2019utilisateurs !  <\/p>\n\n\n\n<div class=\"buttoncards\">\n<div class=\"gb-element-7b667330 textcenter-aligned\">\n<h4 class=\"wp-block-heading\">Koen Vanhentenrijk<\/h4>\n\n\n\n<figure class=\"wp-block-image size-full\"><img decoding=\"async\" src=\"https:\/\/area42.tech\/wp-content\/uploads\/2025\/11\/A42Portomundi.svg\" alt=\"\" class=\"wp-image-291\"\/><\/figure>\n<\/div>\n\n\n\n<p class=\"has-credendo-orange-color has-text-color has-link-color wp-elements-1ff38d9d7e7611eba8d9462f26498114\">D\u00e9veloppement des affaires chez Portomundi <\/p>\n<\/div>\n<\/div>\n\n\n\n<div class=\"gb-element-a80fd416\">\n<figure class=\"wp-block-image size-full\"><img loading=\"lazy\" decoding=\"async\" width=\"373\" height=\"268\" src=\"https:\/\/area42.tech\/wp-content\/uploads\/2025\/11\/Donato-di-znzo.png\" alt=\"\" class=\"wp-image-326\" srcset=\"https:\/\/area42.tech\/wp-content\/uploads\/2025\/11\/Donato-di-znzo.png 373w, https:\/\/area42.tech\/wp-content\/uploads\/2025\/11\/Donato-di-znzo-300x216.png 300w\" sizes=\"auto, (max-width: 373px) 100vw, 373px\" \/><\/figure>\n\n\n\n<p class=\"has-credendo-black-color has-text-color has-link-color wp-elements-0b822652e30b5ff0649be46d06ab4e91\">TermsTech nous permet d\u2019offrir des conditions de paiement flexibles \u00e0 nos clients tout en en attirant de nouveaux. La gestion des risques et la prise de d\u00e9cision sont robustes, ce qui se traduit par des taux d\u2019approbation tr\u00e8s \u00e9lev\u00e9s qui garantissent une augmentation des ventes.<\/p>\n\n\n\n<div class=\"buttoncards\">\n<div class=\"gb-element-f2c886b5 textcenter-aligned\">\n<h4 class=\"wp-block-heading\">Donato Di Zenzo<\/h4>\n\n\n\n<figure class=\"wp-block-image size-full\"><img decoding=\"async\" src=\"https:\/\/area42.tech\/wp-content\/uploads\/2025\/11\/A42GreenGO.svg\" alt=\"\" class=\"wp-image-290\"\/><\/figure>\n<\/div>\n\n\n\n<p class=\"has-credendo-orange-color has-text-color has-link-color wp-elements-b2876f0a9b15e3c37d8ede795b45bb9d\">Fondateur de Green-Go<\/p>\n<\/div>\n<\/div>\n<\/div>\n<\/div>\n\n<\/div>\n<\/div>\n<\/div>","protected":false},"excerpt":{"rendered":"<p>AREA42 is a trusted partner of ambitious players: Pourquoi les clients appr\u00e9cient les solutions AREA42 TermsTech permet \u00e0 Portomundi d\u2019offrir \u00e0 nos utilisateurs une exp\u00e9rience de recharge int\u00e9ressante et plus flexible. Ils fournissent les fonds, donnent \u00e0 nos utilisateurs plus de temps pour payer et ont relev\u00e9 le niveau du support et du succ\u00e8s utilisateur. &#8230; <a title=\"Parlez \u00e0 un expert\" class=\"read-more\" href=\"https:\/\/area42.tech\/fr\/parlez-a-un-expert\/\" aria-label=\"Read more about Parlez \u00e0 un expert\">Read more<\/a><\/p>\n","protected":false},"author":3,"featured_media":2822,"parent":0,"menu_order":0,"comment_status":"closed","ping_status":"closed","template":"","meta":{"content-type":"","footnotes":""},"class_list":["post-2872","page","type-page","status-publish","has-post-thumbnail"],"_links":{"self":[{"href":"https:\/\/area42.tech\/fr\/wp-json\/wp\/v2\/pages\/2872","targetHints":{"allow":["GET"]}}],"collection":[{"href":"https:\/\/area42.tech\/fr\/wp-json\/wp\/v2\/pages"}],"about":[{"href":"https:\/\/area42.tech\/fr\/wp-json\/wp\/v2\/types\/page"}],"author":[{"embeddable":true,"href":"https:\/\/area42.tech\/fr\/wp-json\/wp\/v2\/users\/3"}],"replies":[{"embeddable":true,"href":"https:\/\/area42.tech\/fr\/wp-json\/wp\/v2\/comments?post=2872"}],"version-history":[{"count":6,"href":"https:\/\/area42.tech\/fr\/wp-json\/wp\/v2\/pages\/2872\/revisions"}],"predecessor-version":[{"id":2991,"href":"https:\/\/area42.tech\/fr\/wp-json\/wp\/v2\/pages\/2872\/revisions\/2991"}],"wp:featuredmedia":[{"embeddable":true,"href":"https:\/\/area42.tech\/fr\/wp-json\/wp\/v2\/media\/2822"}],"wp:attachment":[{"href":"https:\/\/area42.tech\/fr\/wp-json\/wp\/v2\/media?parent=2872"}],"curies":[{"name":"wp","href":"https:\/\/api.w.org\/{rel}","templated":true}]}}