{"id":2869,"date":"2025-12-12T09:52:22","date_gmt":"2025-12-12T09:52:22","guid":{"rendered":"https:\/\/area42.tech\/financement-de-factures-facturflow\/"},"modified":"2026-03-31T12:20:07","modified_gmt":"2026-03-31T11:20:07","slug":"financement-de-factures-facturflow","status":"publish","type":"page","link":"https:\/\/area42.tech\/fr\/financement-de-factures-facturflow\/","title":{"rendered":"Financement de factures FacturFlow"},"content":{"rendered":"<div class=\"gb-container gb-container-96a2ec5f sticky-subnav\">\n<div class=\"gb-container gb-container-f2d492c8\">\n<div class=\"gb-container gb-container-4d5a9186\">\n<div class=\"gb-container gb-container-9a8b63e7\">\n\n<figure class=\"wp-block-image size-full is-resized\"><img decoding=\"async\" src=\"https:\/\/area42.tech\/wp-content\/uploads\/2026\/01\/FF-Mixed-colours-with-gold.svg\" alt=\"\" class=\"wp-image-2348\" style=\"width:auto;height:32px\"\/><\/figure>\n\n\n\n<div class=\"gb-element-ac0a8aa7 subnav-link\">\n<p class=\"subnav-links\"><strong><a href=\"#solution\" data-type=\"internal\" data-id=\"#solution\">Comment \u00e7a marche<\/a><\/strong><\/p>\n\n\n\n<p class=\"subnav-links\"><strong><a href=\"#why\" data-type=\"internal\" data-id=\"#process\">Pourquoi FacturFlow ?<\/a><\/strong><\/p>\n\n\n\n<a class=\"gb-text gb-text-9fe30cce primaryb\" href=\"https:\/\/area42.tech\/fr\/parlez-a-un-expert\/\"><strong>Parlez \u00e0 un expert<\/strong><\/a>\n<\/div>\n\n<\/div>\n<\/div>\n<\/div>\n<\/div>\n\n<div class=\"gb-container gb-container-f2c5f36c\">\n<div class=\"gb-grid-wrapper gb-grid-wrapper-cfbb0016\">\n<div class=\"gb-grid-column gb-grid-column-4c6e73aa\"><div class=\"gb-container gb-container-4c6e73aa\">\n<div class=\"gb-container gb-container-4475b617\">\n\n<p class=\"eyebrow\">FINANCEMENT DE FACTURES<\/p>\n\n<\/div>\n\n\n<h1 class=\"wp-block-heading has-area-42-eggplant-color has-text-color\"><strong>Financez vos factures sans affacturage<\/strong><\/h1>\n\n\n\n<p class=\"has-area-42-eggplant-color has-text-color\">FacturFlow offre un financement rapide et fluide des factures auquel vous pouvez faire confiance. Vos acheteurs exigent des d\u00e9lais de paiement longs et nous leur proposons des options de financement \u00e0 court terme. FacturFlow propose un financement des factures bas\u00e9 sur les transactions.  <\/p>\n\n\n\n<div class=\"gb-element-a2dfceaa\">\n<a class=\"gb-text gb-text-31971ab9 primaryb\" href=\"https:\/\/area42.tech\/fr\/parlez-a-un-expert\/\"><strong>Parlez \u00e0 un expert<\/strong><\/a>\n\n\n\n<a class=\"gb-text gb-text-552cbf21 primaryb\" href=\"https:\/\/area42.tech\/fr\/financement-de-factures-facturflow\/#findoutmore\"><strong>En savoir plus<\/strong><\/a>\n<\/div>\n\n<\/div><\/div>\n\n<div class=\"gb-grid-column gb-grid-column-cf078157\"><div class=\"gb-container gb-container-cf078157 hide-on-mobile \">\n\n<figure class=\"wp-block-image size-full\"><img loading=\"lazy\" decoding=\"async\" width=\"781\" height=\"548\" src=\"https:\/\/area42.tech\/wp-content\/uploads\/2025\/12\/facturflowmain.png\" alt=\"\" class=\"wp-image-2008\" srcset=\"https:\/\/area42.tech\/wp-content\/uploads\/2025\/12\/facturflowmain.png 781w, https:\/\/area42.tech\/wp-content\/uploads\/2025\/12\/facturflowmain-300x210.png 300w, https:\/\/area42.tech\/wp-content\/uploads\/2025\/12\/facturflowmain-768x539.png 768w\" sizes=\"auto, (max-width: 781px) 100vw, 781px\" \/><\/figure>\n\n<\/div><\/div>\n<\/div>\n<\/div>\n\n<div class=\"gb-container gb-container-8c992fb3\">\n<div class=\"gb-grid-wrapper gb-grid-wrapper-0c01e355 book-meeting-grid\">\n<div class=\"gb-grid-column gb-grid-column-7b5715c0\"><div class=\"gb-container gb-container-7b5715c0\">\n\n<h2 class=\"wp-block-heading has-area-42-eggplant-color has-text-color\"><strong>FacturFlow est id\u00e9al pour\u2026<\/strong><\/h2>\n\n<\/div><\/div>\n\n<div class=\"gb-grid-column gb-grid-column-f77a8a76\"><div class=\"gb-container gb-container-f77a8a76 hide-on-mobile \"><\/div><\/div>\n<\/div>\n<\/div>\n\n<div class=\"gb-container gb-container-eb40f4b0\">\n<div class=\"gb-container gb-container-a7f5d401\">\n<div class=\"gb-container gb-container-a5d9ee14\">\n\n<div class=\"gb-element-0061c910\">\n<div class=\"gb-element-74c170e2\">\n<div class=\"gb-element-432fde4f\">\n<figure class=\"wp-block-image size-full is-resized cardtitleimage\"><img decoding=\"async\" src=\"https:\/\/area42.tech\/wp-content\/uploads\/2025\/12\/icon_clock.svg\" alt=\"Ic\u00f4ne d'horloge AREA42\" class=\"wp-image-1166\" style=\"width:auto;height:68px\"\/><\/figure>\n\n\n\n<h3 class=\"wp-block-heading has-text-align-left\">Les vendeurs contraints \u00e0 des d\u00e9lais de paiement longs<\/h3>\n\n\n\n<p>Les vendeurs ayant des besoins en fonds de roulement qui travaillent avec de gros acheteurs exigeant des d\u00e9lais de paiement longs<\/p>\n<\/div>\n\n\n\n<div class=\"gb-element-897768c4\">\n<figure class=\"wp-block-image size-full is-resized cardtitleimage\"><img decoding=\"async\" src=\"https:\/\/area42.tech\/wp-content\/uploads\/2025\/12\/icon_raise.svg\" alt=\"Ic\u00f4ne d'augmentation du graphique AREA42\" class=\"wp-image-1171\" style=\"width:auto;height:68px\"\/><\/figure>\n\n\n\n<h3 class=\"wp-block-heading has-text-align-left\">Les ERP\u2026<\/h3>\n\n\n\n<p>\u2026qui souhaitent int\u00e9grer des services de financement de factures \u00e0 court terme<\/p>\n<\/div>\n<\/div>\n\n\n\n<a class=\"gb-text gb-text-16d618b2 primaryb\" href=\"https:\/\/area42.tech\/fr\/parlez-a-un-expert\/\"><strong>Planifiez une r\u00e9union<\/strong><\/a>\n<\/div>\n\n<\/div>\n<\/div>\n<\/div>\n\n<div class=\"gb-container gb-container-67cb623a\">\n<div class=\"gb-grid-wrapper gb-grid-wrapper-7c2bc925 book-meeting-grid\">\n<div class=\"gb-grid-column gb-grid-column-cfb46e80\"><div class=\"gb-container gb-container-cfb46e80\" id=\"findoutmore\">\n\n<h2 class=\"wp-block-heading has-area-42-eggplant-color has-text-color\"><strong>Acc\u00e9l\u00e9rez le paiement de vos factures<\/strong><\/h2>\n\n\n\n<p>Voici comment proc\u00e9der avec la solution unique de financement des factures de FacturFlow :<\/p>\n\n<\/div><\/div>\n\n<div class=\"gb-grid-column gb-grid-column-816f48ba\"><div class=\"gb-container gb-container-816f48ba hide-on-mobile \"><\/div><\/div>\n<\/div>\n<\/div>\n\n<div class=\"gb-container gb-container-1c667582 hide-on-mobile hide-on-tablet\">\n<div class=\"gb-container gb-container-34b3fab9\">\n<div class=\"gb-grid-wrapper gb-grid-wrapper-3e84d301\">\n<div class=\"gb-grid-column gb-grid-column-7c822bec\"><div class=\"gb-container gb-container-7c822bec\">\n<div class=\"gb-container gb-container-1233934d\"><\/div>\n<\/div><\/div>\n\n<div class=\"gb-grid-column gb-grid-column-49e8d04f\"><div class=\"gb-container gb-container-49e8d04f\">\n<div class=\"gb-container gb-container-bcaced60\"><\/div>\n<\/div><\/div>\n\n<div class=\"gb-grid-column gb-grid-column-a1f003a3\"><div class=\"gb-container gb-container-a1f003a3\">\n<div class=\"gb-container gb-container-6124e4b1\">\n<div class=\"gb-container gb-container-12897c99\"><\/div>\n<\/div>\n<\/div><\/div>\n<\/div>\n\n<div class=\"gb-grid-wrapper gb-grid-wrapper-e4add7b4\">\n<div class=\"gb-grid-column gb-grid-column-accc2028\"><div class=\"gb-container gb-container-accc2028\">\n<div class=\"gb-container gb-container-b581b9a0\">\n\n<div class=\"gb-element-2e17561a\">\n<figure class=\"wp-block-image size-full is-resized cardtitleimagetimeline\"><img decoding=\"async\" src=\"https:\/\/area42.tech\/wp-content\/uploads\/2025\/12\/contract.svg\" alt=\"\" class=\"wp-image-1635\" style=\"width:auto;height:136px\"\/><\/figure>\n\n\n\n<h3 class=\"wp-block-heading has-contrast-color has-text-color\">Pr\u00e9-approbation<\/h3>\n\n\n\n<p>Gr\u00e2ce \u00e0 la pr\u00e9-approbation de votre transaction par FacturFlow, vous pouvez conclure un accord avec un acheteur, quelles que soient les conditions de paiement qu&rsquo;il demande.<\/p>\n<\/div>\n\n<\/div>\n<\/div><\/div>\n\n<div class=\"gb-grid-column gb-grid-column-f8739140\"><div class=\"gb-container gb-container-f8739140\">\n<div class=\"gb-container gb-container-827147aa\">\n<div class=\"gb-container gb-container-caea601d\">\n\n<p class=\"has-credendo-black-color has-text-color has-link-color wp-elements-510d83d0e8b5a46b0aa3f304c4ccd4df\" style=\"font-size:24px\"><strong>1<\/strong><\/p>\n\n<\/div>\n<\/div>\n<\/div><\/div>\n\n<div class=\"gb-grid-column gb-grid-column-4fe3ff6f\"><div class=\"gb-container gb-container-4fe3ff6f\">\n<div class=\"gb-container gb-container-9149719b\">\n\n<div class=\"gb-element-7370866f\"><\/div>\n\n<\/div>\n<\/div><\/div>\n<\/div>\n\n<div class=\"gb-grid-wrapper gb-grid-wrapper-46c0d0b7\">\n<div class=\"gb-grid-column gb-grid-column-9e338caa\"><div class=\"gb-container gb-container-9e338caa\">\n<div class=\"gb-container gb-container-d16e6b3d\">\n\n<div class=\"gb-element-d3f89552\"><\/div>\n\n<\/div>\n<\/div><\/div>\n\n<div class=\"gb-grid-column gb-grid-column-a4997e06\"><div class=\"gb-container gb-container-a4997e06\">\n<div class=\"gb-container gb-container-c6a93db3\">\n<div class=\"gb-container gb-container-b169687f\">\n\n<p class=\"has-credendo-black-color has-text-color has-link-color wp-elements-dfb7968fe68ec35be90a83a43fefc78e\" style=\"font-size:24px\"><strong>2<\/strong><\/p>\n\n<\/div>\n<\/div>\n<\/div><\/div>\n\n<div class=\"gb-grid-column gb-grid-column-f4ef0ecb\"><div class=\"gb-container gb-container-f4ef0ecb\">\n<div class=\"gb-container gb-container-5b85291f\">\n\n<div class=\"gb-element-61b03e65\">\n<figure class=\"wp-block-image size-full is-resized cardtitleimagetimeline\"><img decoding=\"async\" src=\"https:\/\/area42.tech\/wp-content\/uploads\/2025\/12\/icon_Supplier.svg\" alt=\"Ic\u00f4ne du bateau AREA42\" class=\"wp-image-1174\" style=\"width:auto;height:136px\"\/><\/figure>\n\n\n\n<h3 class=\"wp-block-heading has-contrast-color has-text-color\">Livraison<\/h3>\n\n\n\n<p>Vous livrez les marchandises\/services \u00e0 votre acheteur et \u00e9mettez votre facture.<\/p>\n<\/div>\n\n<\/div>\n<\/div><\/div>\n<\/div>\n\n<div class=\"gb-grid-wrapper gb-grid-wrapper-933ba03b\">\n<div class=\"gb-grid-column gb-grid-column-33e9f2a7\"><div class=\"gb-container gb-container-33e9f2a7\">\n<div class=\"gb-container gb-container-efddd1d5\">\n\n<div class=\"gb-element-b2311193\">\n<figure class=\"wp-block-image size-full is-resized cardtitleimagetimeline\"><img decoding=\"async\" src=\"https:\/\/area42.tech\/wp-content\/uploads\/2025\/12\/icon_dollar.svg\" alt=\"Ic\u00f4ne de caisse AREA42\" class=\"wp-image-1177\" style=\"width:auto;height:136px\"\/><\/figure>\n\n\n\n<h3 class=\"wp-block-heading has-contrast-color has-text-color\">Paiement \u00e0 la livraison<\/h3>\n\n\n\n<p>Sur preuve de livraison, FacturFlow vous verse imm\u00e9diatement 90 % du montant de la facture !<\/p>\n<\/div>\n\n<\/div>\n<\/div><\/div>\n\n<div class=\"gb-grid-column gb-grid-column-094c91a9\"><div class=\"gb-container gb-container-094c91a9\">\n<div class=\"gb-container gb-container-9a8ad765\">\n<div class=\"gb-container gb-container-cac60002\">\n\n<p class=\"has-credendo-black-color has-text-color has-link-color wp-elements-de47b7a9bbd801102d39d4fad8427c3d\" style=\"font-size:24px\"><strong>3<\/strong><\/p>\n\n<\/div>\n<\/div>\n<\/div><\/div>\n\n<div class=\"gb-grid-column gb-grid-column-ee305ca9\"><div class=\"gb-container gb-container-ee305ca9\">\n<div class=\"gb-container gb-container-ee784cab\">\n\n<div class=\"gb-element-8ce0db21\"><\/div>\n\n<\/div>\n<\/div><\/div>\n<\/div>\n\n<div class=\"gb-grid-wrapper gb-grid-wrapper-f976076a\">\n<div class=\"gb-grid-column gb-grid-column-2e8eed99\"><div class=\"gb-container gb-container-2e8eed99\">\n<div class=\"gb-container gb-container-0097989b\">\n\n<div class=\"gb-element-6b46a267\"><\/div>\n\n<\/div>\n<\/div><\/div>\n\n<div class=\"gb-grid-column gb-grid-column-81b3a1da\"><div class=\"gb-container gb-container-81b3a1da\">\n<div class=\"gb-container gb-container-8a0bcbdf\">\n<div class=\"gb-container gb-container-d6ed9aaf\">\n\n<p class=\"has-credendo-black-color has-text-color has-link-color wp-elements-4910803fa563ba90054aabf3bba5640f\" style=\"font-size:24px\"><strong>4<\/strong><\/p>\n\n<\/div>\n<\/div>\n<\/div><\/div>\n\n<div class=\"gb-grid-column gb-grid-column-a0114423\"><div class=\"gb-container gb-container-a0114423\">\n<div class=\"gb-container gb-container-16b11d3c\">\n\n<div class=\"gb-element-e924bf94\">\n<figure class=\"wp-block-image size-full is-resized cardtitleimagetimeline\"><img decoding=\"async\" src=\"https:\/\/area42.tech\/wp-content\/uploads\/2025\/12\/Companies.svg\" alt=\"Ic\u00f4ne en forme de cygne d'AREA42\" class=\"wp-image-698\" style=\"width:auto;height:136px\"\/><\/figure>\n\n\n\n<h3 class=\"wp-block-heading has-contrast-color has-text-color\">L&rsquo;acheteur paie<\/h3>\n\n\n\n<p>\u00c0 la date d&rsquo;\u00e9ch\u00e9ance, FacturFlow re\u00e7oit le paiement directement de votre acheteur, d\u00e9duit ses frais et vous transf\u00e8re la valeur restante. Le cycle de cr\u00e9dit est cl\u00f4tur\u00e9. Financons une autre transaction !  <\/p>\n<\/div>\n\n<\/div>\n<\/div><\/div>\n<\/div>\n\n<div class=\"gb-grid-wrapper gb-grid-wrapper-ab7b740e\">\n<div class=\"gb-grid-column gb-grid-column-4016cd7b\"><div class=\"gb-container gb-container-4016cd7b\">\n<div class=\"gb-container gb-container-4c7d2336\"><\/div>\n<\/div><\/div>\n\n<div class=\"gb-grid-column gb-grid-column-a5cc1de3\"><div class=\"gb-container gb-container-a5cc1de3\">\n<div class=\"gb-container gb-container-25185426\"><\/div>\n<\/div><\/div>\n\n<div class=\"gb-grid-column gb-grid-column-7e58d4cb\"><div class=\"gb-container gb-container-7e58d4cb\">\n<div class=\"gb-container gb-container-714d0607\">\n<div class=\"gb-container gb-container-048fc082\"><\/div>\n<\/div>\n<\/div><\/div>\n<\/div>\n<\/div>\n<\/div>\n\n<div class=\"gb-container gb-container-e45297e7 hide-on-desktop\">\n<div class=\"gb-container gb-container-c4413bb9\">\n<div class=\"gb-grid-wrapper gb-grid-wrapper-2e1c2f00\">\n<div class=\"gb-grid-column gb-grid-column-ec37adb4\"><div class=\"gb-container gb-container-ec37adb4\">\n<div class=\"gb-container gb-container-437721f9\"><\/div>\n<\/div><\/div>\n\n<div class=\"gb-grid-column gb-grid-column-42e31464\"><div class=\"gb-container gb-container-42e31464\">\n<div class=\"gb-container gb-container-d67e0e7e\">\n<div class=\"gb-container gb-container-c9050555\"><\/div>\n<\/div>\n<\/div><\/div>\n<\/div>\n\n<div class=\"gb-grid-wrapper gb-grid-wrapper-ff2d46fa\">\n<div class=\"gb-grid-column gb-grid-column-5c3637be\"><div class=\"gb-container gb-container-5c3637be\">\n<div class=\"gb-container gb-container-6b22ff8a\">\n<div class=\"gb-container gb-container-c59d975b\">\n\n<p class=\"has-credendo-black-color has-text-color has-link-color wp-elements-510d83d0e8b5a46b0aa3f304c4ccd4df\" style=\"font-size:24px\"><strong>1<\/strong><\/p>\n\n<\/div>\n<\/div>\n<\/div><\/div>\n\n<div class=\"gb-grid-column gb-grid-column-80005093\"><div class=\"gb-container gb-container-80005093\">\n<div class=\"gb-container gb-container-7f684cff\">\n\n<div class=\"gb-element-3b1231b9\">\n<figure class=\"wp-block-image size-full\"><img decoding=\"async\" src=\"https:\/\/area42.tech\/wp-content\/uploads\/2025\/12\/contract.svg\" alt=\"\" class=\"wp-image-1635\" style=\"object-fit:cover\"\/><\/figure>\n\n\n\n<h3 class=\"wp-block-heading has-contrast-color has-text-color\">Pr\u00e9-approbation<\/h3>\n\n\n\n<p>Gr\u00e2ce \u00e0 la pr\u00e9-approbation de votre transaction par FacturFlow, vous pouvez conclure un accord avec un acheteur, quelles que soient les conditions de paiement qu&rsquo;il demande.<\/p>\n<\/div>\n\n<\/div>\n<\/div><\/div>\n<\/div>\n\n<div class=\"gb-grid-wrapper gb-grid-wrapper-6af5aa51\">\n<div class=\"gb-grid-column gb-grid-column-e28f9257\"><div class=\"gb-container gb-container-e28f9257\">\n<div class=\"gb-container gb-container-c69b9d14\">\n<div class=\"gb-container gb-container-66de588f\">\n\n<p class=\"has-credendo-black-color has-text-color has-link-color wp-elements-dfb7968fe68ec35be90a83a43fefc78e\" style=\"font-size:24px\"><strong>2<\/strong><\/p>\n\n<\/div>\n<\/div>\n<\/div><\/div>\n\n<div class=\"gb-grid-column gb-grid-column-0b79a44f\"><div class=\"gb-container gb-container-0b79a44f\">\n<div class=\"gb-container gb-container-8e675726\">\n\n<div class=\"gb-element-b8132c1d\">\n<figure class=\"wp-block-image size-full\"><img decoding=\"async\" src=\"https:\/\/area42.tech\/wp-content\/uploads\/2025\/12\/icon_Supplier.svg\" alt=\"Ic\u00f4ne du bateau AREA42\" class=\"wp-image-1174\" style=\"object-fit:cover\"\/><\/figure>\n\n\n\n<h3 class=\"wp-block-heading has-contrast-color has-text-color\">Livraison<\/h3>\n\n\n\n<p>Vous livrez les marchandises\/services \u00e0 votre acheteur et \u00e9mettez votre facture.<\/p>\n<\/div>\n\n<\/div>\n<\/div><\/div>\n<\/div>\n\n<div class=\"gb-grid-wrapper gb-grid-wrapper-78532330\">\n<div class=\"gb-grid-column gb-grid-column-862371fd\"><div class=\"gb-container gb-container-862371fd\">\n<div class=\"gb-container gb-container-171755ca\">\n<div class=\"gb-container gb-container-72e34580\">\n\n<p class=\"has-credendo-black-color has-text-color has-link-color wp-elements-de47b7a9bbd801102d39d4fad8427c3d\" style=\"font-size:24px\"><strong>3<\/strong><\/p>\n\n<\/div>\n<\/div>\n<\/div><\/div>\n\n<div class=\"gb-grid-column gb-grid-column-6c1515cc\"><div class=\"gb-container gb-container-6c1515cc\">\n<div class=\"gb-container gb-container-0876bdb9\">\n\n<div class=\"gb-element-865898fe\">\n<figure class=\"wp-block-image size-full\"><img decoding=\"async\" src=\"https:\/\/area42.tech\/wp-content\/uploads\/2025\/12\/icon_dollar.svg\" alt=\"Ic\u00f4ne de caisse AREA42\" class=\"wp-image-1177\" style=\"object-fit:cover\"\/><\/figure>\n\n\n\n<h3 class=\"wp-block-heading has-contrast-color has-text-color\">Paiement \u00e0 la livraison<\/h3>\n\n\n\n<p>Sur preuve de livraison, FacturFlow vous verse imm\u00e9diatement 90 % du montant de la facture !<\/p>\n<\/div>\n\n<\/div>\n<\/div><\/div>\n<\/div>\n\n<div class=\"gb-grid-wrapper gb-grid-wrapper-07bb8ab9\">\n<div class=\"gb-grid-column gb-grid-column-27b52fb8\"><div class=\"gb-container gb-container-27b52fb8\">\n<div class=\"gb-container gb-container-729cd0c1\">\n<div class=\"gb-container gb-container-583b60b0\">\n\n<p class=\"has-credendo-black-color has-text-color has-link-color wp-elements-4910803fa563ba90054aabf3bba5640f\" style=\"font-size:24px\"><strong>4<\/strong><\/p>\n\n<\/div>\n<\/div>\n<\/div><\/div>\n\n<div class=\"gb-grid-column gb-grid-column-914f3a42\"><div class=\"gb-container gb-container-914f3a42\">\n<div class=\"gb-container gb-container-3ee5f1c0\">\n\n<div class=\"gb-element-ed3c698d\">\n<figure class=\"wp-block-image size-full\"><img decoding=\"async\" src=\"https:\/\/area42.tech\/wp-content\/uploads\/2025\/12\/icon_free.svg\" alt=\"Ic\u00f4ne d'oiseau AREA42\" class=\"wp-image-1175\" style=\"object-fit:cover\"\/><\/figure>\n\n\n\n<h3 class=\"wp-block-heading has-contrast-color has-text-color\">L&rsquo;acheteur paie<\/h3>\n\n\n\n<p>\u00c0 la date d&rsquo;\u00e9ch\u00e9ance, FacturFlow re\u00e7oit le paiement directement de votre acheteur, d\u00e9duit ses frais et vous transf\u00e8re la valeur restante. Le cycle de cr\u00e9dit est cl\u00f4tur\u00e9. Financons une autre transaction !  <\/p>\n<\/div>\n\n<\/div>\n<\/div><\/div>\n<\/div>\n\n<div class=\"gb-grid-wrapper gb-grid-wrapper-f12d066e\">\n<div class=\"gb-grid-column gb-grid-column-b757ec43\"><div class=\"gb-container gb-container-b757ec43\">\n<div class=\"gb-container gb-container-cea1e2a1\"><\/div>\n<\/div><\/div>\n\n<div class=\"gb-grid-column gb-grid-column-abebe0d1\"><div class=\"gb-container gb-container-abebe0d1\">\n<div class=\"gb-container gb-container-6d2d5779\">\n<div class=\"gb-container gb-container-f2001d48\"><\/div>\n<\/div>\n<\/div><\/div>\n<\/div>\n<\/div>\n<\/div>\n\n<div class=\"gb-container gb-container-324a77a0\">\n<div class=\"gb-container gb-container-00a0f03e\">\n<div class=\"gb-container gb-container-ec367d79\">\n<div class=\"gb-container gb-container-adefba55\" id=\"why\">\n\n<h2 class=\"wp-block-heading\">Pourquoi choisir FacturFlow ?<\/h2>\n\n<\/div>\n\n\n<div class=\"gb-element-67e1b246\">\n<div class=\"gb-element-d1eba492\">\n<div class=\"gb-element-d90a043e\">\n<figure class=\"wp-block-image size-full is-resized cardtitleimage\"><img decoding=\"async\" src=\"https:\/\/area42.tech\/wp-content\/uploads\/2025\/12\/icon_suppliers.svg\" alt=\"\" class=\"wp-image-2022\" style=\"width:auto;height:68px\"\/><\/figure>\n\n\n\n<h3 class=\"wp-block-heading has-text-align-left\">Vendez plus ! Inqui\u00e9tez-vous moins ! <\/h3>\n\n\n\n<p>FacturFlow r\u00e9pond \u00e0 vos besoins en fonds de roulement lorsque vous vendez \u00e0 un acheteur qui exige des d\u00e9lais de paiement longs.<\/p>\n<\/div>\n\n\n\n<div class=\"gb-element-f57bf101\">\n<figure class=\"wp-block-image size-full is-resized cardtitleimage\"><img decoding=\"async\" src=\"https:\/\/area42.tech\/wp-content\/uploads\/2025\/12\/icon_bank.svg\" alt=\"\" class=\"wp-image-2021\" style=\"width:auto;height:68px\"\/><\/figure>\n\n\n\n<h3 class=\"wp-block-heading has-text-align-left\">Finance int\u00e9gr\u00e9e<\/h3>\n\n\n\n<p>FacturFlow s&rsquo;int\u00e8gre aux logiciels (par exemple, les ERP) afin d&rsquo;offrir aux vendeurs une exp\u00e9rience de financement fluide.<\/p>\n<\/div>\n\n\n\n<div class=\"gb-element-27aad050\">\n<figure class=\"wp-block-image size-full is-resized cardtitleimage\"><img decoding=\"async\" src=\"https:\/\/area42.tech\/wp-content\/uploads\/2025\/12\/Pan-European-reach.svg\" alt=\"\" class=\"wp-image-2020\" style=\"width:auto;height:68px\"\/><\/figure>\n\n\n\n<h3 class=\"wp-block-heading has-text-align-left\">Couverture paneurop\u00e9enne<\/h3>\n\n\n\n<p>Vous exportez vers d&rsquo;autres pays de l&rsquo;UE, de l&rsquo;EEE ou m\u00eame vers la Suisse ? Vous pouvez financer vos factures avec FacturFlow. <\/p>\n<\/div>\n\n\n\n<div class=\"gb-element-c2b1773b\">\n<figure class=\"wp-block-image size-full is-resized cardtitleimage\"><img decoding=\"async\" src=\"https:\/\/area42.tech\/wp-content\/uploads\/2025\/12\/icon_free.svg\" alt=\"Ic\u00f4ne d'oiseau AREA42\" class=\"wp-image-1175\" style=\"width:auto;height:68px\"\/><\/figure>\n\n\n\n<h3 class=\"wp-block-heading has-text-align-left\">Num\u00e9riser et att\u00e9nuer les risques<\/h3>\n\n\n\n<p>FacturFlow offre une exp\u00e9rience de paiement num\u00e9rique unique et r\u00e9duit consid\u00e9rablement les risques de fraude et de non-paiement.<\/p>\n<\/div>\n<\/div>\n\n\n\n<a class=\"gb-text gb-text-b6371987 primaryb\" href=\"https:\/\/area42.tech\/fr\/parlez-a-un-expert\/\"><strong>Planifiez une r\u00e9union<\/strong><\/a>\n<\/div>\n\n<\/div>\n<\/div>\n<\/div>\n\n<div class=\"gb-container gb-container-1f08a383\">\n<div class=\"gb-container gb-container-2d220ddf\">\n<div class=\"gb-container gb-container-687a13ae\">\n<div class=\"gb-container gb-container-d1b33ce0\">\n\n<h2 class=\"wp-block-heading has-text-align-left\">Nous contacter<\/h2>\n\n\n\n<div class=\"gb-element-33af3dc2\">\n<div class=\"gb-element-c4d6a499\">\n<div>\n<figure class=\"wp-block-image size-full\"><img decoding=\"async\" src=\"https:\/\/area42.tech\/wp-content\/uploads\/2025\/12\/Benoit.png\" alt=\"Benoit Langue, AREA42\" class=\"wp-image-2986\"\/><\/figure>\n<\/div>\n\n\n\n<div>\n<h3 class=\"wp-block-heading\">Bonjour, je suis Benoit!<\/h3>\n\n\n\n<p>Je serais ravi de discuter avec vous de la mani\u00e8re dont nous pouvons aider votre entreprise gr\u00e2ce \u00e0 nos solutions de fonds de roulement. Je me r\u00e9jouis de vous rencontrer et de r\u00e9pondre \u00e0 toutes vos questions concernant AREA42. <\/p>\n\n\n\n<div class=\"gb-element-31319d0d\">\n<a class=\"gb-text gb-text-caa082f8 primaryb\" href=\"https:\/\/area42.tech\/fr\/nous-contacter\/\"><strong>Nous contacter<\/strong><\/a>\n\n\n\n<a class=\"gb-text gb-text-bc89b41d primaryb\" href=\"https:\/\/area42.tech\/fr\/parlez-a-un-expert\/\"><strong>Parlez \u00e0 un expert<\/strong><\/a>\n<\/div>\n<\/div>\n<\/div>\n<\/div>\n\n<\/div>\n<\/div>\n<\/div>\n<\/div>","protected":false},"excerpt":{"rendered":"<p>Comment \u00e7a marche Pourquoi FacturFlow ? Parlez \u00e0 un expert Les vendeurs contraints \u00e0 des d\u00e9lais de paiement longs Les vendeurs ayant des besoins en fonds de roulement qui travaillent avec de gros acheteurs exigeant des d\u00e9lais de paiement longs Les ERP\u2026 \u2026qui souhaitent int\u00e9grer des services de financement de factures \u00e0 court terme Planifiez &#8230; <a title=\"Financement de factures FacturFlow\" class=\"read-more\" href=\"https:\/\/area42.tech\/fr\/financement-de-factures-facturflow\/\" aria-label=\"Read more about Financement de factures FacturFlow\">Read more<\/a><\/p>\n","protected":false},"author":3,"featured_media":2818,"parent":0,"menu_order":0,"comment_status":"closed","ping_status":"closed","template":"","meta":{"content-type":"","footnotes":""},"class_list":["post-2869","page","type-page","status-publish","has-post-thumbnail"],"_links":{"self":[{"href":"https:\/\/area42.tech\/fr\/wp-json\/wp\/v2\/pages\/2869","targetHints":{"allow":["GET"]}}],"collection":[{"href":"https:\/\/area42.tech\/fr\/wp-json\/wp\/v2\/pages"}],"about":[{"href":"https:\/\/area42.tech\/fr\/wp-json\/wp\/v2\/types\/page"}],"author":[{"embeddable":true,"href":"https:\/\/area42.tech\/fr\/wp-json\/wp\/v2\/users\/3"}],"replies":[{"embeddable":true,"href":"https:\/\/area42.tech\/fr\/wp-json\/wp\/v2\/comments?post=2869"}],"version-history":[{"count":6,"href":"https:\/\/area42.tech\/fr\/wp-json\/wp\/v2\/pages\/2869\/revisions"}],"predecessor-version":[{"id":3517,"href":"https:\/\/area42.tech\/fr\/wp-json\/wp\/v2\/pages\/2869\/revisions\/3517"}],"wp:featuredmedia":[{"embeddable":true,"href":"https:\/\/area42.tech\/fr\/wp-json\/wp\/v2\/media\/2818"}],"wp:attachment":[{"href":"https:\/\/area42.tech\/fr\/wp-json\/wp\/v2\/media?parent=2869"}],"curies":[{"name":"wp","href":"https:\/\/api.w.org\/{rel}","templated":true}]}}