{"id":3768,"date":"2025-12-09T13:22:57","date_gmt":"2025-12-09T13:22:57","guid":{"rendered":"https:\/\/area42.tech\/soluciones-online-y-offline-de-termstech\/"},"modified":"2026-04-15T13:44:51","modified_gmt":"2026-04-15T12:44:51","slug":"soluciones-online-y-offline-de-termstech","status":"publish","type":"page","link":"https:\/\/area42.tech\/es\/termstech-condiciones-de-pago-y-bnpl-b2b\/soluciones-online-y-offline-de-termstech\/","title":{"rendered":"Soluciones online y offline de TermsTech"},"content":{"rendered":"<div class=\"gb-container gb-container-512c6f50 sticky-subnav\">\n<div class=\"gb-container gb-container-033ee372\">\n<div class=\"gb-container gb-container-2b9dc68c\">\n<div class=\"gb-container gb-container-23851862\">\n\n<figure class=\"wp-block-image size-full is-resized\"><a href=\"https:\/\/area42.tech\/es\/termstech-condiciones-de-pago-y-bnpl-b2b\/\"><img decoding=\"async\" src=\"https:\/\/area42.tech\/wp-content\/uploads\/2025\/11\/FF-Mixed-colours-with-gold.svg\" alt=\"Logotipo de TermsTech para las condiciones de pago aplazado de AREA42 y su soluci\u00f3n B2B \u00abCompra ahora, paga despu\u00e9s\u00bb (BNPL)\" class=\"wp-image-522\" style=\"width:auto;height:35px\"\/><\/a><\/figure>\n\n\n\n<div class=\"gb-element-388ee14c subnav-link\"><style>.wp-block-kadence-navigation4005-cpt-id{--kb-nav-dropdown-link-color:var(--base-3);--kb-nav-dropdown-link-color-hover:var(--credendo-orange);--kb-nav-dropdown-background:var(--credendo-eggplant);--kb-nav-dropdown-link-background-hover:var(--base-3);--kb-nav-dropdown-border-top-left-radius:5px;--kb-nav-dropdown-border-top-right-radius:5px;--kb-nav-dropdown-border-bottom-right-radius:5px;--kb-nav-dropdown-border-bottom-left-radius:5px;--kb-nav-dropdown-border-radius-top:5px;--kb-nav-dropdown-border-radius-right:5px;--kb-nav-dropdown-border-radius-bottom:5px;--kb-nav-dropdown-border-radius-left:5px;--kb-nav-dropdown-toggle-border-left:var(--kb-nav-link-border-left);--kb-nav-top-not-last-link-border-bottom:var(--kb-nav-link-border-bottom);}.header-desktop-transparent .wp-block-kadence-navigation4005-cpt-id{--kb-nav-dropdown-toggle-border-left:var(--kb-nav-link-border-left);--kb-nav-top-not-last-link-border-bottom:var(--kb-nav-link-border-bottom);}.item-is-stuck .wp-block-kadence-navigation4005-cpt-id{--kb-nav-dropdown-toggle-border-left:var(--kb-nav-link-border-left);--kb-nav-top-not-last-link-border-bottom:var(--kb-nav-link-border-bottom);}.wp-block-kadence-navigation4005-cpt-id{--kb-nav-top-link-color:var(--credendo-black);--kb-nav-top-link-color-hover:var(--credendo-orange);}.wp-block-kadence-navigation4005-cpt-id > .navigation > .menu-container > .menu > .wp-block-kadence-navigation-link > .kb-link-wrap{font-weight:bold;}.wp-block-kadence-navigation4005-cpt-id .sub-menu > .wp-block-kadence-navigation-link > .kb-link-wrap > .kb-nav-link-content{font-weight:bold;}@media all and (max-width: 1024px){.wp-block-kadence-navigation4005-cpt-id{--kb-nav-dropdown-toggle-border-left:var(--kb-nav-link-border-left);--kb-nav-top-not-last-link-border-bottom:var(--kb-nav-link-border-bottom);}}@media all and (max-width: 1024px){.header-tablet-transparent .wp-block-kadence-navigation4005-cpt-id{--kb-nav-dropdown-toggle-border-left:var(--kb-nav-link-border-left);--kb-nav-top-not-last-link-border-bottom:var(--kb-nav-link-border-bottom);}}@media all and (max-width: 1024px){.item-is-stuck .wp-block-kadence-navigation4005-cpt-id{--kb-nav-dropdown-toggle-border-left:var(--kb-nav-link-border-left);--kb-nav-top-not-last-link-border-bottom:var(--kb-nav-link-border-bottom);}}@media all and (max-width: 767px){.wp-block-kadence-navigation4005-cpt-id{--kb-nav-dropdown-toggle-border-left:var(--kb-nav-link-border-left);--kb-nav-top-not-last-link-border-bottom:var(--kb-nav-link-border-bottom);}.header-mobile-transparent .wp-block-kadence-navigation4005-cpt-id{--kb-nav-dropdown-toggle-border-left:var(--kb-nav-link-border-left);--kb-nav-top-not-last-link-border-bottom:var(--kb-nav-link-border-bottom);}.item-is-stuck .wp-block-kadence-navigation4005-cpt-id{--kb-nav-dropdown-toggle-border-left:var(--kb-nav-link-border-left);--kb-nav-top-not-last-link-border-bottom:var(--kb-nav-link-border-bottom);}}<\/style><div class=\"wp-block-kadence-navigation4005-cpt-id kb-nav-desktop-horizontal-layout-standard kb-nav-tablet-horizontal-layout-standard kb-nav-mobile-horizontal-layout-standard navigation-desktop-layout-fill-stretch-false navigation-tablet-layout-fill-stretch-false navigation-mobile-layout-fill-stretch-false navigation-desktop-orientation-horizontal navigation-tablet-orientation-horizontal navigation-mobile-orientation-horizontal wp-block-kadence-navigation\" data-scroll-spy=\"\"><nav class=\"navigation navigation-desktop-style-standard navigation-tablet-style-standard navigation-mobile-style-standard navigation-desktop-dropdown-animation-none navigation-tablet-dropdown-animation-none navigation-mobile-dropdown-animation-none navigation-desktop-collapse-sub-menus-true navigation-tablet-collapse-sub-menus-true navigation-mobile-collapse-sub-menus-true navigation-desktop-parent-toggles-menus-false navigation-tablet-parent-toggles-menus-false navigation-mobile-parent-toggles-menus-false navigation-desktop-parent-active-false navigation-tablet-parent-active-false navigation-mobile-parent-active-false\"><div class=\"menu-container\"><ul class=\"kb-navigation menu collapse-sub-nav-desktop-true collapse-sub-nav-tablet-true collapse-sub-nav-mobile-true\">\n<style>.kb-nav-link-3779_5361ef-3b > .kb-link-wrap.kb-link-wrap.kb-link-wrap.kb-link-wrap{--kb-nav-link-highlight-order:3;--kb-nav-link-highlight-icon-order:3;}.kb-nav-link-3779_5361ef-3b > .kb-link-wrap.kb-link-wrap.kb-link-wrap.kb-link-wrap{--kb-nav-link-media-max-width:px;}<\/style><li class=\"kb-nav-link-3779_5361ef-3b menu-item wp-block-kadence-navigation-link\"><div class=\"kb-link-wrap\"><a class=\"kb-nav-link-content\" href=\"https:\/\/area42.tech\/es\/termstech-condiciones-de-pago-y-bnpl-b2b\/soluciones-online-y-offline-de-termstech\/\">Soluciones<\/a><\/div><\/li>\n\n<style>.kb-nav-link-3779_dae5cd-18 > .kb-link-wrap.kb-link-wrap.kb-link-wrap.kb-link-wrap{--kb-nav-link-highlight-order:3;--kb-nav-link-highlight-icon-order:3;}.kb-nav-link-3779_dae5cd-18 > .kb-link-wrap.kb-link-wrap.kb-link-wrap.kb-link-wrap{--kb-nav-link-media-max-width:px;}<\/style><li class=\"kb-nav-link-3779_dae5cd-18 menu-item menu-item-has-children wp-block-kadence-navigation-link\"><div class=\"kb-link-wrap\"><a class=\"kb-nav-link-content\" href=\"https:\/\/area42.tech\/es\/casos-practicos\/\">Casos pr\u00e1cticos<\/a><button aria-label=\"Toggle child menu of Casos pr\u00e1cticos\" class=\"kb-nav-dropdown-toggle-btn\" aria-expanded=\"false\"><svg aria-hidden=\"true\" class=\"kb-nav-arrow-svg\" fill=\"currentColor\" version=\"1.1\" xmlns=\"http:\/\/www.w3.org\/2000\/svg\" width=\"24\" height=\"24\" viewBox=\"0 0 24 24\"><path d=\"M5.293 9.707l6 6c0.391 0.391 1.024 0.391 1.414 0l6-6c0.391-0.391 0.391-1.024 0-1.414s-1.024-0.391-1.414 0l-5.293 5.293-5.293-5.293c-0.391-0.391-1.024-0.391-1.414 0s-0.391 1.024 0 1.414z\"><\/path><\/svg><\/button><\/div><ul class=\"sub-menu kb-nav-sub-menu\">\n<style>.kb-nav-link-3779_8620bd-d6 > .kb-link-wrap.kb-link-wrap.kb-link-wrap.kb-link-wrap{--kb-nav-link-highlight-order:3;--kb-nav-link-highlight-icon-order:3;}.kb-nav-link-3779_8620bd-d6 > .kb-link-wrap.kb-link-wrap.kb-link-wrap.kb-link-wrap{--kb-nav-link-media-max-width:px;}<\/style><li class=\"kb-nav-link-3779_8620bd-d6 menu-item wp-block-kadence-navigation-link\"><div class=\"kb-link-wrap\"><a class=\"kb-nav-link-content\" href=\"https:\/\/area42.tech\/es\/casos-practicos\/bnpl\/\">Agricultura<\/a><\/div><\/li>\n\n<style>.kb-nav-link-3779_e637cf-55 > .kb-link-wrap.kb-link-wrap.kb-link-wrap.kb-link-wrap{--kb-nav-link-highlight-order:3;--kb-nav-link-highlight-icon-order:3;}.kb-nav-link-3779_e637cf-55 > .kb-link-wrap.kb-link-wrap.kb-link-wrap.kb-link-wrap{--kb-nav-link-media-max-width:px;}<\/style><li class=\"kb-nav-link-3779_e637cf-55 menu-item wp-block-kadence-navigation-link\"><div class=\"kb-link-wrap\"><a class=\"kb-nav-link-content\" href=\"https:\/\/area42.tech\/es\/casos-practicos\/bnpl-para-productos-electronicos\/\">Electr\u00f3nica<\/a><\/div><\/li>\n\n<style>.kb-nav-link-3779_ed5433-bd > .kb-link-wrap.kb-link-wrap.kb-link-wrap.kb-link-wrap{--kb-nav-link-highlight-order:3;--kb-nav-link-highlight-icon-order:3;}.kb-nav-link-3779_ed5433-bd > .kb-link-wrap.kb-link-wrap.kb-link-wrap.kb-link-wrap{--kb-nav-link-media-max-width:px;}<\/style><li class=\"kb-nav-link-3779_ed5433-bd menu-item wp-block-kadence-navigation-link\"><div class=\"kb-link-wrap\"><a class=\"kb-nav-link-content\" href=\"https:\/\/area42.tech\/es\/casos-practicos\/bnpl-para-eventos-y-hosteleria\/\">Eventos y hosteler\u00eda<\/a><\/div><\/li>\n\n<style>.kb-nav-link-3779_ebc77d-ae > .kb-link-wrap.kb-link-wrap.kb-link-wrap.kb-link-wrap{--kb-nav-link-highlight-order:3;--kb-nav-link-highlight-icon-order:3;}.kb-nav-link-3779_ebc77d-ae > .kb-link-wrap.kb-link-wrap.kb-link-wrap.kb-link-wrap{--kb-nav-link-media-max-width:px;}<\/style><li class=\"kb-nav-link-3779_ebc77d-ae menu-item wp-block-kadence-navigation-link\"><div class=\"kb-link-wrap\"><a class=\"kb-nav-link-content\" href=\"https:\/\/area42.tech\/es\/casos-practicos\/bnpl-para-comida-y-bebida\/\">Alimentaci\u00f3n y bebidas<\/a><\/div><\/li>\n\n<style>.kb-nav-link-3779_5b7976-70 > .kb-link-wrap.kb-link-wrap.kb-link-wrap.kb-link-wrap{--kb-nav-link-highlight-order:3;--kb-nav-link-highlight-icon-order:3;}.kb-nav-link-3779_5b7976-70 > .kb-link-wrap.kb-link-wrap.kb-link-wrap.kb-link-wrap{--kb-nav-link-media-max-width:px;}<\/style><li class=\"kb-nav-link-3779_5b7976-70 menu-item wp-block-kadence-navigation-link\"><div class=\"kb-link-wrap\"><a class=\"kb-nav-link-content\" href=\"https:\/\/area42.tech\/es\/casos-practicos\/bnpl-para-el-sector-del-transporte-y-la-logistica\/\">Env\u00edos y log\u00edstica<\/a><\/div><\/li>\n<\/ul><\/li>\n\n<style>.kb-nav-link-3779_cfd0a1-be > .kb-link-wrap.kb-link-wrap.kb-link-wrap.kb-link-wrap{--kb-nav-link-highlight-order:3;--kb-nav-link-highlight-icon-order:3;}.kb-nav-link-3779_cfd0a1-be > .kb-link-wrap.kb-link-wrap.kb-link-wrap.kb-link-wrap{--kb-nav-link-media-max-width:px;}<\/style><li class=\"kb-nav-link-3779_cfd0a1-be menu-item wp-block-kadence-navigation-link\"><div class=\"kb-link-wrap\"><a class=\"kb-nav-link-content\" href=\"https:\/\/area42.tech\/es\/termstech-condiciones-de-pago-y-bnpl-b2b\/#faq\">FAQ<\/a><\/div><\/li>\n\n<style>.kb-nav-link-3779_964e4b-38 > .kb-link-wrap.kb-link-wrap.kb-link-wrap.kb-link-wrap{--kb-nav-link-highlight-order:3;--kb-nav-link-highlight-icon-order:3;}.kb-nav-link-3779_964e4b-38 > .kb-link-wrap.kb-link-wrap.kb-link-wrap.kb-link-wrap{--kb-nav-link-media-max-width:px;}<\/style><li class=\"kb-nav-link-3779_964e4b-38 menu-item wp-block-kadence-navigation-link\"><div class=\"kb-link-wrap\"><a class=\"kb-nav-link-content\" href=\"https:\/\/credendo-dev.outsystemsenterprise.com\/termstechdocumentation\/\" target=\"_blank\" rel=\"noopener\">Desarrolladores<\/a><\/div><\/li>\n\n<style>.kb-nav-link-3779_77e1cb-bb > .kb-link-wrap.kb-link-wrap.kb-link-wrap.kb-link-wrap{--kb-nav-link-highlight-order:3;--kb-nav-link-highlight-icon-order:3;}.kb-nav-link-3779_77e1cb-bb > .kb-link-wrap.kb-link-wrap.kb-link-wrap.kb-link-wrap{--kb-nav-link-media-max-width:px;}<\/style><li class=\"kb-nav-link-3779_77e1cb-bb menu-item wp-block-kadence-navigation-link\"><div class=\"kb-link-wrap\"><a class=\"kb-nav-link-content\" href=\"https:\/\/area42.tech\/es\/soluciones-alternativas\/\">Alternativas<\/a><\/div><\/li>\n<\/ul><\/div><\/nav><\/div>\n\n\n<div class=\"wp-block-buttons is-layout-flex wp-block-buttons-is-layout-flex\">\n<div class=\"wp-block-button primarybut\"><a class=\"wp-block-button__link has-base-3-color has-credendo-orange-background-color has-text-color has-background wp-element-button\" href=\"https:\/\/area42.tech\/es\/habla-con-un-experto\/\" style=\"border-radius:100px\"><strong>Habla con un experto<\/strong><\/a><\/div>\n<\/div>\n<\/div>\n\n<\/div>\n<\/div>\n<\/div>\n<\/div>\n\n<div class=\"gb-container gb-container-f2c5f36c\">\n<div class=\"gb-grid-wrapper gb-grid-wrapper-cfbb0016\">\n<div class=\"gb-grid-column gb-grid-column-4c6e73aa\"><div class=\"gb-container gb-container-4c6e73aa\">\n\n<h1 class=\"wp-block-heading has-area-42-eggplant-color has-text-color\"><strong>Soluciones online y offline de TermsTech<\/strong><\/h1>\n\n\n\n<p class=\"has-area-42-eggplant-color has-text-color\">Nuestra tecnol\u00f3gia se adapta f\u00e1cilmente a las necesidades y especificidades de todos los comerciantes, sea cual sea su tama\u00f1o o sector: desde sencillas soluciones locales listas para ser usadas hasta soluciones totalmente integradas.<\/p>\n\n\n\n<div class=\"gb-element-a2dfceaa\">\n<a class=\"gb-text gb-text-31971ab9 primaryb\" href=\"https:\/\/area42.tech\/es\/contactanos\/\"><strong>Cont\u00e1ctanos<\/strong><\/a>\n\n\n\n<a class=\"gb-text gb-text-552cbf21 primaryb\" href=\"https:\/\/area42.tech\/es\/habla-con-un-experto\/\"><strong>Habla con un experto<\/strong><\/a>\n<\/div>\n\n<\/div><\/div>\n\n<div class=\"gb-grid-column gb-grid-column-cf078157\"><div class=\"gb-container gb-container-cf078157 hide-on-mobile \">\n\n<figure class=\"wp-block-image size-full\"><img loading=\"lazy\" decoding=\"async\" width=\"640\" height=\"466\" src=\"https:\/\/area42.tech\/wp-content\/uploads\/2025\/12\/TTsolutionsmain.png\" alt=\"\" class=\"wp-image-1710\" srcset=\"https:\/\/area42.tech\/wp-content\/uploads\/2025\/12\/TTsolutionsmain.png 640w, https:\/\/area42.tech\/wp-content\/uploads\/2025\/12\/TTsolutionsmain-300x218.png 300w\" sizes=\"auto, (max-width: 640px) 100vw, 640px\" \/><\/figure>\n\n<\/div><\/div>\n<\/div>\n<\/div>\n\n<div class=\"gb-container gb-container-12049e89\">\n<div class=\"gb-container gb-container-dbbeeb4e\">\n<div class=\"gb-container gb-container-5fd3dd33\">\n<div class=\"gb-grid-wrapper gb-grid-wrapper-b465c5be\">\n<div class=\"gb-grid-column gb-grid-column-19004d22\"><div class=\"gb-container gb-container-19004d22\">\n\n<h2 class=\"wp-block-heading has-area-42-eggplant-color has-text-color\"><strong>\u00bfQu\u00e9 ofrecemos?<\/strong><\/h2>\n\n\n\n<h3 class=\"wp-block-heading\">Soluci\u00f3n alojada<\/h3>\n\n\n\n<p class=\"has-area-42-eggplant-color has-text-color\">Perfecto para ventas multicanales. Bien sea que procesen un pedido en la tienda, por tel\u00e9fono o por correo electr\u00f3nico, tus clientes podr\u00e1n utilizar las condiciones de pago para pagar ahora o pagar m\u00e1s tarde a trav\u00e9s de nuestra soluci\u00f3n alojada. <\/p>\n\n\n\n<h3 class=\"wp-block-heading\">Soluci\u00f3n integrada<\/h3>\n\n\n\n<p class=\"has-area-42-eggplant-color has-text-color\">Dise\u00f1ado para plataformas de e-comercio. Desde flujos de trabajo complejos para plataformas multipartitas hasta integraciones sencillas con experiencias de usuario \u00f3ptimas. <\/p>\n\n<\/div><\/div>\n\n<div class=\"gb-grid-column gb-grid-column-290e31ab\"><div class=\"gb-container gb-container-290e31ab hide-on-mobile \">\n\n<figure class=\"wp-block-image size-full\"><img loading=\"lazy\" decoding=\"async\" width=\"512\" height=\"533\" src=\"https:\/\/area42.tech\/wp-content\/uploads\/2025\/12\/weoffer.png\" alt=\"\" class=\"wp-image-1711\" srcset=\"https:\/\/area42.tech\/wp-content\/uploads\/2025\/12\/weoffer.png 512w, https:\/\/area42.tech\/wp-content\/uploads\/2025\/12\/weoffer-288x300.png 288w\" sizes=\"auto, (max-width: 512px) 100vw, 512px\" \/><\/figure>\n\n<\/div><\/div>\n<\/div>\n<\/div>\n\n<div class=\"gb-container gb-container-81beb266\">\n<div class=\"gb-grid-wrapper gb-grid-wrapper-9404a8d6\">\n<div class=\"gb-grid-column gb-grid-column-ed308d62\"><div class=\"gb-container gb-container-ed308d62 hide-on-mobile \">\n\n<figure class=\"wp-block-image size-full\"><img loading=\"lazy\" decoding=\"async\" width=\"512\" height=\"533\" src=\"https:\/\/area42.tech\/wp-content\/uploads\/2025\/12\/youuseit.png\" alt=\"\" class=\"wp-image-1712\" srcset=\"https:\/\/area42.tech\/wp-content\/uploads\/2025\/12\/youuseit.png 512w, https:\/\/area42.tech\/wp-content\/uploads\/2025\/12\/youuseit-288x300.png 288w\" sizes=\"auto, (max-width: 512px) 100vw, 512px\" \/><\/figure>\n\n<\/div><\/div>\n\n<div class=\"gb-grid-column gb-grid-column-85386bb7\"><div class=\"gb-container gb-container-85386bb7\">\n\n<h2 class=\"wp-block-heading has-area-42-eggplant-color has-text-color\"><strong>\u00bfC\u00f3mo vas a utilizarlo?<\/strong><\/h2>\n\n\n\n<h3 class=\"wp-block-heading\">Soluci\u00f3n alojada<\/h3>\n\n\n\n<p class=\"has-area-42-eggplant-color has-text-color\">Nuestra pasarela de pago alojado redirige a tus compradores a una p\u00e1gina de pago segura que nosotros gestionamos. Configuramos la pasarela por t\u00ed. Todo lo que tienes que hacer es proporcionar el enlace de pago o enviar un correo electr\u00f3nico autom\u00e1tico a tus usuarios en el punto de venta.  <\/p>\n\n\n\n<h3 class=\"wp-block-heading\">Soluci\u00f3n integrada<\/h3>\n\n\n\n<p class=\"has-area-42-eggplant-color has-text-color\">Nuestra pasarela de pago se integrar\u00e1 en tu e-commerce o marketplace gracias a nuestras API REST y webhooks. Hemos dise\u00f1ado nuestras API para que se integren perfectamente en tu infraestructura actual. Si es necesario, nuestros desarrolladores te ayudar\u00e1n a conseguir un ajuste perfecto.  <\/p>\n\n<\/div><\/div>\n<\/div>\n<\/div>\n\n<div class=\"gb-container gb-container-172329c5\">\n<div class=\"gb-grid-wrapper gb-grid-wrapper-9a3a0dbc\">\n<div class=\"gb-grid-column gb-grid-column-f5d49a66\"><div class=\"gb-container gb-container-f5d49a66\">\n\n<h2 class=\"wp-block-heading has-area-42-eggplant-color has-text-color\"><strong>\u00bfCual es la mejor soluci\u00f3n para t\u00ed?<\/strong><\/h2>\n\n\n\n<h3 class=\"wp-block-heading\">Soluci\u00f3n alojada<\/h3>\n\n\n\n<p class=\"has-area-42-eggplant-color has-text-color\">PYMEs que procesan fuera de l\u00ednea o que buscan un periodo de prueba antes de pasar a una integraci\u00f3n completa.<\/p>\n\n\n\n<h3 class=\"wp-block-heading\">Soluci\u00f3n integrada<\/h3>\n\n\n\n<p class=\"has-area-42-eggplant-color has-text-color\">Plataformas de e-commerce B2B, incluidos marketplaces y otros modelos de negocio multipartitos.<\/p>\n\n<\/div><\/div>\n\n<div class=\"gb-grid-column gb-grid-column-d17b6e0a\"><div class=\"gb-container gb-container-d17b6e0a hide-on-mobile \">\n\n<figure class=\"wp-block-image size-full\"><img loading=\"lazy\" decoding=\"async\" width=\"512\" height=\"533\" src=\"https:\/\/area42.tech\/wp-content\/uploads\/2025\/12\/solutionforyou.png\" alt=\"\" class=\"wp-image-1713\" srcset=\"https:\/\/area42.tech\/wp-content\/uploads\/2025\/12\/solutionforyou.png 512w, https:\/\/area42.tech\/wp-content\/uploads\/2025\/12\/solutionforyou-288x300.png 288w\" sizes=\"auto, (max-width: 512px) 100vw, 512px\" \/><\/figure>\n\n<\/div><\/div>\n<\/div>\n<\/div>\n\n<div class=\"gb-container gb-container-58846df1\">\n<div class=\"gb-grid-wrapper gb-grid-wrapper-87d55d9a\">\n<div class=\"gb-grid-column gb-grid-column-9af8bfcf\"><div class=\"gb-container gb-container-9af8bfcf hide-on-mobile \">\n\n<figure class=\"wp-block-image size-full\"><img loading=\"lazy\" decoding=\"async\" width=\"512\" height=\"533\" src=\"https:\/\/area42.tech\/wp-content\/uploads\/2025\/12\/benefits.png\" alt=\"\" class=\"wp-image-1714\" srcset=\"https:\/\/area42.tech\/wp-content\/uploads\/2025\/12\/benefits.png 512w, https:\/\/area42.tech\/wp-content\/uploads\/2025\/12\/benefits-288x300.png 288w\" sizes=\"auto, (max-width: 512px) 100vw, 512px\" \/><\/figure>\n\n<\/div><\/div>\n\n<div class=\"gb-grid-column gb-grid-column-a97eb56b\"><div class=\"gb-container gb-container-a97eb56b\">\n\n<h2 class=\"wp-block-heading has-area-42-eggplant-color has-text-color\"><strong>Beneficios<\/strong><\/h2>\n\n\n\n<h3 class=\"wp-block-heading\">Soluci\u00f3n alojada<\/h3>\n\n\n\n<p class=\"has-area-42-eggplant-color has-text-color\">Accede r\u00e1pidamente a potentes herramientas de pago sin ninguna integraci\u00f3n t\u00e9cnica. Ponte en marcha en un par de d\u00edas. <\/p>\n\n\n\n<h3 class=\"wp-block-heading\">Soluci\u00f3n integrada<\/h3>\n\n\n\n<p class=\"has-area-42-eggplant-color has-text-color\">Ampl\u00eda tu negocio y mejora la conversi\u00f3n de ventas mediante nuestros flujos de trabajo de pago codise\u00f1ados.<\/p>\n\n<\/div><\/div>\n<\/div>\n\n\n<div class=\"gb-element-a04b4f0a\">\n<a class=\"gb-text gb-text-44a28132 primaryb\" href=\"https:\/\/area42.tech\/es\/habla-con-un-experto\/\"><strong>Programa una reuni\u00f3n<\/strong><\/a>\n<\/div>\n\n<\/div>\n<\/div>\n<\/div>\n\n<div class=\"gb-container gb-container-1f08a383\">\n<div class=\"gb-container gb-container-2d220ddf\">\n<div class=\"gb-container gb-container-687a13ae\">\n<div class=\"gb-container gb-container-d1b33ce0\">\n\n<h2 class=\"wp-block-heading has-text-align-left\">Cont\u00e1ctanos<\/h2>\n\n\n\n<div class=\"gb-element-33af3dc2\">\n<div class=\"gb-element-c4d6a499\">\n<div>\n<figure class=\"wp-block-image size-full\"><img loading=\"lazy\" decoding=\"async\" width=\"329\" height=\"278\" src=\"https:\/\/area42.tech\/wp-content\/uploads\/2025\/11\/Wouter_contact.png\" alt=\"\" class=\"wp-image-245\" srcset=\"https:\/\/area42.tech\/wp-content\/uploads\/2025\/11\/Wouter_contact.png 329w, https:\/\/area42.tech\/wp-content\/uploads\/2025\/11\/Wouter_contact-300x253.png 300w\" sizes=\"auto, (max-width: 329px) 100vw, 329px\" \/><\/figure>\n<\/div>\n\n\n\n<div>\n<h3 class=\"wp-block-heading\">\u00a1Hola, me llamo Afonso!<\/h3>\n\n\n\n<p>Me encantar\u00eda hablar sobre c\u00f3mo podemos ayudar a su empresa con nuestras soluciones de capital circulante. Espero poder conocerle y responder a todas sus preguntas sobre AREA42. <\/p>\n\n\n\n<div class=\"gb-element-31319d0d\">\n<a class=\"gb-text gb-text-caa082f8 primaryb\" href=\"https:\/\/area42.tech\/es\/contactanos\/\"><strong>Cont\u00e1ctanos<\/strong><\/a>\n\n\n\n<a class=\"gb-text gb-text-bc89b41d primaryb\" href=\"https:\/\/area42.tech\/es\/habla-con-un-experto\/\"><strong>Habla con un experto<\/strong><\/a>\n<\/div>\n<\/div>\n<\/div>\n<\/div>\n\n<\/div>\n<\/div>\n<\/div>\n<\/div>","protected":false},"excerpt":{"rendered":"<p>Programa una reuni\u00f3n Cont\u00e1ctanos \u00a1Hola, me llamo Afonso! Me encantar\u00eda hablar sobre c\u00f3mo podemos ayudar a su empresa con nuestras soluciones de capital circulante. Espero poder conocerle y responder a todas sus preguntas sobre AREA42. Cont\u00e1ctanos Habla con un experto<\/p>\n","protected":false},"author":3,"featured_media":3767,"parent":3779,"menu_order":0,"comment_status":"closed","ping_status":"closed","template":"","meta":{"content-type":"","footnotes":""},"class_list":["post-3768","page","type-page","status-publish","has-post-thumbnail"],"_links":{"self":[{"href":"https:\/\/area42.tech\/es\/wp-json\/wp\/v2\/pages\/3768","targetHints":{"allow":["GET"]}}],"collection":[{"href":"https:\/\/area42.tech\/es\/wp-json\/wp\/v2\/pages"}],"about":[{"href":"https:\/\/area42.tech\/es\/wp-json\/wp\/v2\/types\/page"}],"author":[{"embeddable":true,"href":"https:\/\/area42.tech\/es\/wp-json\/wp\/v2\/users\/3"}],"replies":[{"embeddable":true,"href":"https:\/\/area42.tech\/es\/wp-json\/wp\/v2\/comments?post=3768"}],"version-history":[{"count":5,"href":"https:\/\/area42.tech\/es\/wp-json\/wp\/v2\/pages\/3768\/revisions"}],"predecessor-version":[{"id":4021,"href":"https:\/\/area42.tech\/es\/wp-json\/wp\/v2\/pages\/3768\/revisions\/4021"}],"up":[{"embeddable":true,"href":"https:\/\/area42.tech\/es\/wp-json\/wp\/v2\/pages\/3779"}],"wp:featuredmedia":[{"embeddable":true,"href":"https:\/\/area42.tech\/es\/wp-json\/wp\/v2\/media\/3767"}],"wp:attachment":[{"href":"https:\/\/area42.tech\/es\/wp-json\/wp\/v2\/media?parent=3768"}],"curies":[{"name":"wp","href":"https:\/\/api.w.org\/{rel}","templated":true}]}}