{"id":3743,"date":"2025-12-05T08:15:45","date_gmt":"2025-12-05T08:15:45","guid":{"rendered":"https:\/\/area42.tech\/area42-laboratorio-de-innovacion\/"},"modified":"2026-04-13T09:20:15","modified_gmt":"2026-04-13T08:20:15","slug":"area42-laboratorio-de-innovacion","status":"publish","type":"page","link":"https:\/\/area42.tech\/es\/area42-laboratorio-de-innovacion\/","title":{"rendered":"AREA42 | Laboratorio de innovaci\u00f3n"},"content":{"rendered":"<div class=\"gb-container gb-container-96a2ec5f sticky-subnav\">\n<div class=\"gb-container gb-container-f2d492c8\">\n<div class=\"gb-container gb-container-4d5a9186\">\n<div class=\"gb-container gb-container-9a8b63e7\">\n\n<figure class=\"wp-block-image size-full is-resized\"><img decoding=\"async\" src=\"https:\/\/area42.tech\/wp-content\/uploads\/2025\/12\/lab42-Mixed-colours-with-gold_.svg\" alt=\"\" class=\"wp-image-1346\" style=\"width:auto;height:32px\"\/><\/figure>\n\n\n\n<div class=\"gb-element-ac0a8aa7 subnav-link\">\n<p class=\"subnav-links\"><strong><a href=\"#mission\" data-type=\"internal\" data-id=\"#mission\">Nuestra misi\u00f3n<\/a><\/strong><\/p>\n\n\n\n<p class=\"subnav-links\"><strong><a href=\"#howwedoit\">C\u00f3mo lo hacemos<\/a><\/strong><\/p>\n\n\n\n<a class=\"gb-text gb-text-9fe30cce primaryb\" href=\"https:\/\/area42.tech\/es\/habla-con-un-experto\/\"><strong>Habla con un experto<\/strong><\/a>\n<\/div>\n\n<\/div>\n<\/div>\n<\/div>\n<\/div><div class=\"gb-container gb-container-f2c5f36c\">\n<div class=\"gb-grid-wrapper gb-grid-wrapper-cfbb0016\">\n<div class=\"gb-grid-column gb-grid-column-4c6e73aa\"><div class=\"gb-container gb-container-4c6e73aa\">\n<div class=\"gb-container gb-container-4475b617\">\n\n<p class=\"eyebrow\">INNOVACI\u00d3N EN EL COMERCIO B2B<\/p>\n\n<\/div>\n\n\n<h1 class=\"wp-block-heading has-area-42-eggplant-color has-text-color\"><strong>TradeTech \u2028Laboratorio de innovaci\u00f3n<\/strong><\/h1>\n\n\n\n<p class=\"has-area-42-eggplant-color has-text-color\">\u00a1La innovaci\u00f3n est\u00e1 en nuestro ADN! Resolvemos problemas reales de los clientes mediante innovaciones en el comercio B2B. Desarrollamos soluciones fluidas para reducir los riesgos de las transacciones B2B.  <\/p>\n\n\n\n<div class=\"gb-element-74c170e2\">\n<div class=\"gb-element-432fde4f\">\n<figure class=\"wp-block-image size-full is-resized cardtitleimage\"><img decoding=\"async\" src=\"https:\/\/area42.tech\/wp-content\/uploads\/2025\/12\/icon_diamond.svg\" alt=\"\" class=\"wp-image-1167\" style=\"width:auto;height:68px\"\/><\/figure>\n\n\n\n<h5 class=\"wp-block-heading has-text-align-left has-medium-font-size\">Lanzamiento al mercado<\/h5>\n<\/div>\n\n\n\n<div class=\"gb-element-897768c4\">\n<figure class=\"wp-block-image size-full is-resized cardtitleimage\"><img decoding=\"async\" src=\"https:\/\/area42.tech\/wp-content\/uploads\/2025\/12\/rocketinnovation.svg\" alt=\"\" class=\"wp-image-1489\" style=\"width:auto;height:68px\"\/><\/figure>\n\n\n\n<h5 class=\"wp-block-heading has-text-align-left has-medium-font-size\">Innovando para el futuro<\/h5>\n<\/div>\n<\/div>\n\n\n\n<div class=\"gb-element-a2dfceaa\">\n<a class=\"gb-text gb-text-31971ab9 primaryb\" href=\"https:\/\/area42.tech\/es\/contactanos\/\"><strong>Cont\u00e1ctanos<\/strong><\/a>\n\n\n\n<a class=\"gb-text gb-text-552cbf21 primaryb\" href=\"https:\/\/area42.tech\/es\/habla-con-un-experto\/\"><strong>Habla con un experto<\/strong><\/a>\n<\/div>\n\n<\/div><\/div>\n\n<div class=\"gb-grid-column gb-grid-column-cf078157\"><div class=\"gb-container gb-container-cf078157 hide-on-mobile \">\n\n<figure class=\"wp-block-image size-full\"><img loading=\"lazy\" decoding=\"async\" width=\"668\" height=\"433\" src=\"https:\/\/area42.tech\/wp-content\/uploads\/2025\/12\/innovationlab.png\" alt=\"\" class=\"wp-image-1329\" srcset=\"https:\/\/area42.tech\/wp-content\/uploads\/2025\/12\/innovationlab.png 668w, https:\/\/area42.tech\/wp-content\/uploads\/2025\/12\/innovationlab-300x194.png 300w\" sizes=\"auto, (max-width: 668px) 100vw, 668px\" \/><\/figure>\n\n<\/div><\/div>\n<\/div>\n<\/div><div class=\"gb-container gb-container-9943b548\">\n<div class=\"gb-container gb-container-5c9292d2\">\n<div class=\"gb-container gb-container-a41493f6\">\n<div class=\"gb-container gb-container-799f6f33\" id=\"mission\">\n\n<h2 class=\"wp-block-heading\">\u00bfCu\u00e1l es el alcance de nuestro laboratorio de innovaci\u00f3n TradeTech?<\/h2>\n\n<\/div>\n\n\n<div class=\"gb-element-ab9a6666\">\n<figure class=\"wp-block-image size-full\"><img decoding=\"async\" src=\"https:\/\/area42.tech\/wp-content\/uploads\/2025\/12\/AREA42-Lab-main-image-Onepager-vlight-1.svg\" alt=\"\" class=\"wp-image-1756\"\/><\/figure>\n<\/div>\n\n\n\n<div class=\"gb-element-a4a1fa94\">\n<div class=\"gb-element-3672c18f\">\n<div class=\"gb-element-f76dc6b5\">\n<figure class=\"wp-block-image size-full is-resized icon-fixed\"><img decoding=\"async\" src=\"https:\/\/area42.tech\/wp-content\/uploads\/2025\/12\/crown.svg\" alt=\"\" class=\"wp-image-1200\" style=\"width:68px\"\/><\/figure>\n\n\n\n<div class=\"gb-element-3cbfa9fb\">\n<h3 class=\"wp-block-heading\">La orientaci\u00f3n al cliente como eje central<\/h3>\n\n\n\n<p class=\"no-bottom-spacing\">Aprovechar la informaci\u00f3n de clientes conocidos y desconocidos para identificar problemas fundamentales y oportunidades de mejora en el comercio B2B.<\/p>\n<\/div>\n<\/div>\n\n\n\n<div class=\"gb-element-c195391a\">\n<figure class=\"wp-block-image size-full is-resized icon-fixed\"><img decoding=\"async\" src=\"https:\/\/area42.tech\/wp-content\/uploads\/2025\/12\/icon_free.svg\" alt=\"\" class=\"wp-image-1175\" style=\"width:68px\"\/><\/figure>\n\n\n\n<div class=\"gb-element-4adb83a9\">\n<h3 class=\"wp-block-heading\">Validaci\u00f3n Lean<\/h3>\n\n\n\n<p class=\"no-bottom-spacing\">Enfoque \u00e1gil para mejorar nuestros productos actuales con nuevas funciones y complementos.<\/p>\n<\/div>\n<\/div>\n\n\n\n<div class=\"gb-element-40c8e747\">\n<figure class=\"wp-block-image size-full is-resized icon-fixed\"><img decoding=\"async\" src=\"https:\/\/area42.tech\/wp-content\/uploads\/2025\/12\/icon_Supplier.svg\" alt=\"\" class=\"wp-image-1174\" style=\"width:68px\"\/><\/figure>\n\n\n\n<div class=\"gb-element-e90dbba9\">\n<h3 class=\"wp-block-heading\">Creaci\u00f3n de empresas<\/h3>\n\n\n\n<p class=\"no-bottom-spacing\">Aprovechar esa informaci\u00f3n sobre los clientes para desarrollar nuevas soluciones y productos de TradeTech. <a href=\"https:\/\/area42.tech\/blog\/what-is-tradetech\/\" data-type=\"post\" data-id=\"654\">\u00bfQu\u00e9 es TradeTech?<\/a><\/p>\n<\/div>\n<\/div>\n<\/div>\n<\/div>\n\n<\/div>\n<\/div>\n<\/div><div class=\"gb-container gb-container-1fe0a797\">\n<div class=\"gb-grid-wrapper gb-grid-wrapper-692ea2b3\">\n<div class=\"gb-grid-column gb-grid-column-fcf8a810\"><div class=\"gb-container gb-container-fcf8a810\">\n<div class=\"gb-container gb-container-cd9c8791\">\n\n<p class=\"eyebrow\">INNOVACI\u00d3N CON UN PROP\u00d3SITO<\/p>\n\n<\/div>\n\n\n<h2 class=\"wp-block-heading has-area-42-eggplant-color has-text-color\"><strong>Cumplir la misi\u00f3n de AREA42<\/strong><\/h2>\n\n\n\n<p class=\"has-area-42-eggplant-color has-text-color\">El laboratorio de innovaci\u00f3n de AREA42 se esfuerza por cumplir la misi\u00f3n de AREA42: crear soluciones financieras que faciliten el comercio y permitan gestionar los riesgos de forma inteligente.<\/p>\n\n\n<div class=\"gb-container gb-container-e45297e7\">\n<div class=\"gb-container gb-container-c4413bb9\">\n<div class=\"gb-grid-wrapper gb-grid-wrapper-2e1c2f00\">\n<div class=\"gb-grid-column gb-grid-column-ec37adb4\"><div class=\"gb-container gb-container-ec37adb4\">\n<div class=\"gb-container gb-container-437721f9\"><\/div>\n<\/div><\/div>\n\n<div class=\"gb-grid-column gb-grid-column-42e31464\"><div class=\"gb-container gb-container-42e31464\">\n<div class=\"gb-container gb-container-d67e0e7e\">\n<div class=\"gb-container gb-container-c9050555\"><\/div>\n<\/div>\n<\/div><\/div>\n<\/div>\n\n<div class=\"gb-grid-wrapper gb-grid-wrapper-ff2d46fa\">\n<div class=\"gb-grid-column gb-grid-column-5c3637be\"><div class=\"gb-container gb-container-5c3637be\">\n<div class=\"gb-container gb-container-6b22ff8a\">\n<div class=\"gb-container gb-container-c59d975b\">\n\n<img decoding=\"async\" class=\"gb-media-0274c43d\" alt=\"\" src=\"https:\/\/area42.tech\/wp-content\/uploads\/2025\/12\/link.svg\" title=\"link\">\n\n<\/div>\n<\/div>\n<\/div><\/div>\n\n<div class=\"gb-grid-column gb-grid-column-80005093\"><div class=\"gb-container gb-container-80005093\">\n<div class=\"gb-container gb-container-7f684cff\">\n\n<a class=\"gb-text gb-text-d163ebad timelinehover\">La amplia experiencia &nbsp;en financiaci\u00f3n comercial y pagos se une a la innovaci\u00f3n &nbsp;tecnol\u00f3gica &nbsp;pertinente<\/a>\n\n<\/div>\n<\/div><\/div>\n<\/div>\n\n<div class=\"gb-grid-wrapper gb-grid-wrapper-40aef02b\">\n<div class=\"gb-grid-column gb-grid-column-31867250\"><div class=\"gb-container gb-container-31867250\">\n<div class=\"gb-container gb-container-1564a4d4\">\n<div class=\"gb-container gb-container-9615b579\">\n\n<figure class=\"wp-block-image size-full is-resized\"><img decoding=\"async\" src=\"https:\/\/area42.tech\/wp-content\/uploads\/2025\/12\/icon_newproductlines.svg\" alt=\"\" class=\"wp-image-1202\" style=\"width:auto;height:24px\"\/><\/figure>\n\n<\/div>\n<\/div>\n<\/div><\/div>\n\n<div class=\"gb-grid-column gb-grid-column-2d0b02ce\"><div class=\"gb-container gb-container-2d0b02ce\">\n<div class=\"gb-container gb-container-9e1ad42e\">\n\n<a class=\"gb-text gb-text-15c7860d timelinehover\" href=\"https:\/\/area42.tech\/blog\/customer-centric-trade-innovation\/\">Enfoque &nbsp;centrado en el cliente para el desarrollo, la validaci\u00f3n y el lanzamiento<\/a>\n\n<\/div>\n<\/div><\/div>\n<\/div>\n\n<div class=\"gb-grid-wrapper gb-grid-wrapper-1426f231\">\n<div class=\"gb-grid-column gb-grid-column-6165a7da\"><div class=\"gb-container gb-container-6165a7da\">\n<div class=\"gb-container gb-container-9aa3c3eb\">\n<div class=\"gb-container gb-container-3a7c29e8\">\n\n<figure class=\"wp-block-image size-full is-resized\"><img decoding=\"async\" src=\"https:\/\/area42.tech\/wp-content\/uploads\/2025\/12\/picto_score.svg\" alt=\"Icono del veloc&#xED;metro de AREA42\" class=\"wp-image-1170\" style=\"width:auto;height:24px\"\/><\/figure>\n\n<\/div>\n<\/div>\n<\/div><\/div>\n\n<div class=\"gb-grid-column gb-grid-column-af88a47b\"><div class=\"gb-container gb-container-af88a47b\">\n<div class=\"gb-container gb-container-ec27c764\">\n\n<a class=\"gb-text gb-text-c4f0eae8 timelinehover\">Cada idea, funci\u00f3n o producto debe responder a esta pregunta: \u00bfHace que el comercio &nbsp;B2B sea m\u00e1s r\u00e1pido, m\u00e1s f\u00e1cil o m\u00e1s accesible? <\/a>\n\n<\/div>\n<\/div><\/div>\n<\/div>\n\n<div class=\"gb-grid-wrapper gb-grid-wrapper-1fcbd305\">\n<div class=\"gb-grid-column gb-grid-column-addcb78f\"><div class=\"gb-container gb-container-addcb78f\">\n<div class=\"gb-container gb-container-aae8569e\">\n<div class=\"gb-container gb-container-e45e092c\">\n\n<figure class=\"wp-block-image size-full is-resized\"><img decoding=\"async\" src=\"https:\/\/area42.tech\/wp-content\/uploads\/2025\/12\/icon_flower.svg\" alt=\"Icono de flor de AREA42\" class=\"wp-image-1165\" style=\"width:auto;height:38px\"\/><\/figure>\n\n<\/div>\n<\/div>\n<\/div><\/div>\n\n<div class=\"gb-grid-column gb-grid-column-8bb60bfb\"><div class=\"gb-container gb-container-8bb60bfb\">\n<div class=\"gb-container gb-container-7a7e7a0a\">\n\n<a class=\"gb-text gb-text-8a97b82a timelinehover\">Somos &nbsp;\u00e1giles&nbsp;: creemos en actuar y probar antes de debatir sobre la perfecci\u00f3n<\/a>\n\n<\/div>\n<\/div><\/div>\n<\/div>\n\n<div class=\"gb-grid-wrapper gb-grid-wrapper-6f154608\">\n<div class=\"gb-grid-column gb-grid-column-208b17cf\"><div class=\"gb-container gb-container-208b17cf\">\n<div class=\"gb-container gb-container-0cf30e1c\">\n<div class=\"gb-container gb-container-10dc888f\">\n\n<figure class=\"wp-block-image size-full is-resized\"><img decoding=\"async\" src=\"https:\/\/area42.tech\/wp-content\/uploads\/2025\/12\/icon_raise.svg\" alt=\"Icono de aumento de AREA42\" class=\"wp-image-1171\" style=\"width:auto;height:32px\"\/><\/figure>\n\n<\/div>\n<\/div>\n<\/div><\/div>\n\n<div class=\"gb-grid-column gb-grid-column-53e49b5e\"><div class=\"gb-container gb-container-53e49b5e\">\n<div class=\"gb-container gb-container-90533e05\">\n\n<a class=\"gb-text gb-text-e1bc2a41 timelinehover\">Creamos soluciones que &nbsp;realmente importante&nbsp;, porque nos aseguramos &nbsp;de que resuelvan los problemas reales de los clientes&nbsp;<\/a>\n\n<\/div>\n<\/div><\/div>\n<\/div>\n\n<div class=\"gb-grid-wrapper gb-grid-wrapper-f12d066e\">\n<div class=\"gb-grid-column gb-grid-column-b757ec43\"><div class=\"gb-container gb-container-b757ec43\">\n<div class=\"gb-container gb-container-cea1e2a1\"><\/div>\n<\/div><\/div>\n\n<div class=\"gb-grid-column gb-grid-column-abebe0d1\"><div class=\"gb-container gb-container-abebe0d1\">\n<div class=\"gb-container gb-container-6d2d5779\">\n<div class=\"gb-container gb-container-f2001d48\"><\/div>\n<\/div>\n<\/div><\/div>\n<\/div>\n<\/div>\n<\/div>\n<\/div><\/div>\n\n<div class=\"gb-grid-column gb-grid-column-2be81d21\"><div class=\"gb-container gb-container-2be81d21 hide-on-mobile \">\n\n<figure class=\"wp-block-image size-full\"><img loading=\"lazy\" decoding=\"async\" width=\"640\" height=\"666\" src=\"https:\/\/area42.tech\/wp-content\/uploads\/2025\/12\/Innovation1.png\" alt=\"\" class=\"wp-image-1366\" srcset=\"https:\/\/area42.tech\/wp-content\/uploads\/2025\/12\/Innovation1.png 640w, https:\/\/area42.tech\/wp-content\/uploads\/2025\/12\/Innovation1-288x300.png 288w\" sizes=\"auto, (max-width: 640px) 100vw, 640px\" \/><\/figure>\n\n<\/div><\/div>\n<\/div>\n<\/div><div class=\"gb-container gb-container-12049e89\">\n<div class=\"gb-container gb-container-70047278\">\n<div class=\"gb-grid-wrapper gb-grid-wrapper-655aff85\">\n<div class=\"gb-grid-column gb-grid-column-38ca54ff\"><div class=\"gb-container gb-container-38ca54ff hide-on-mobile \">\n\n<figure class=\"wp-block-image size-full\"><img loading=\"lazy\" decoding=\"async\" width=\"640\" height=\"666\" src=\"https:\/\/area42.tech\/wp-content\/uploads\/2025\/12\/Innovation2.png\" alt=\"\" class=\"wp-image-1395\" srcset=\"https:\/\/area42.tech\/wp-content\/uploads\/2025\/12\/Innovation2.png 640w, https:\/\/area42.tech\/wp-content\/uploads\/2025\/12\/Innovation2-288x300.png 288w\" sizes=\"auto, (max-width: 640px) 100vw, 640px\" \/><\/figure>\n\n<\/div><\/div>\n\n<div class=\"gb-grid-column gb-grid-column-b960b9a5\"><div class=\"gb-container gb-container-b960b9a5\" id=\"howwedoit\">\n<div class=\"gb-container gb-container-9b7ef994\">\n\n<p class=\"eyebrow\">C\u00f3mo innovamos en AREA42<\/p>\n\n<\/div>\n\n\n<h2 class=\"wp-block-heading has-area-42-eggplant-color has-text-color\"><strong>\u00bfC\u00f3mo creamos innovaciones en el \u00e1mbito de la tecnolog\u00eda comercial?<\/strong><\/h2>\n\n\n\n<p class=\"has-area-42-eggplant-color has-text-color\">Recorremos un proceso centrado en el cliente, desde el an\u00e1lisis de datos hasta los mecanismos de validaci\u00f3n, pasando por las pruebas y el lanzamiento. \u00a1Veamos c\u00f3mo lo hacemos! <\/p>\n\n\n<div class=\"gb-container gb-container-fe6fa1f8\">\n<div class=\"gb-container gb-container-daf5940c\">\n\n<h3 class=\"wp-block-heading eyebrow\">Nuestros procesos de innovaci\u00f3n incluyen estas actividades fundamentales<\/h3>\n\n<\/div>\n\n<div class=\"gb-container gb-container-f7ef119c\">\n<div class=\"gb-grid-wrapper gb-grid-wrapper-dd14aa15\">\n<div class=\"gb-grid-column gb-grid-column-e21af72a\"><div class=\"gb-container gb-container-e21af72a\">\n<div class=\"gb-container gb-container-406e4249\"><\/div>\n<\/div><\/div>\n\n<div class=\"gb-grid-column gb-grid-column-3fc62f6c\"><div class=\"gb-container gb-container-3fc62f6c\">\n<div class=\"gb-container gb-container-fc48b0bc\">\n<div class=\"gb-container gb-container-0581c8fa\"><\/div>\n<\/div>\n<\/div><\/div>\n<\/div>\n\n<div class=\"gb-grid-wrapper gb-grid-wrapper-39c65be0\">\n<div class=\"gb-grid-column gb-grid-column-862371fd\"><div class=\"gb-container gb-container-862371fd\">\n<div class=\"gb-container gb-container-171755ca\">\n<div class=\"gb-container gb-container-72e34580\">\n\n<p class=\"has-credendo-black-color has-text-color has-link-color wp-elements-510d83d0e8b5a46b0aa3f304c4ccd4df\" style=\"font-size:24px\"><strong>1<\/strong><\/p>\n\n<\/div>\n<\/div>\n<\/div><\/div>\n\n<div class=\"gb-grid-column gb-grid-column-ad3a93b6\"><div class=\"gb-container gb-container-ad3a93b6\">\n<div class=\"gb-container gb-container-d9f855b0\">\n\n<a class=\"gb-text gb-text-616da93a timelinehover\">Los conocimientos centrados en el cliente sientan las bases y marcan el camino<\/a>\n\n<\/div>\n<\/div><\/div>\n<\/div>\n\n<div class=\"gb-grid-wrapper gb-grid-wrapper-6d425f7a\">\n<div class=\"gb-grid-column gb-grid-column-00643ffc\"><div class=\"gb-container gb-container-00643ffc\">\n<div class=\"gb-container gb-container-1dd6627f\">\n<div class=\"gb-container gb-container-94d75e1f\">\n\n<p class=\"has-credendo-black-color has-text-color has-link-color wp-elements-dfb7968fe68ec35be90a83a43fefc78e\" style=\"font-size:24px\"><strong>2<\/strong><\/p>\n\n<\/div>\n<\/div>\n<\/div><\/div>\n\n<div class=\"gb-grid-column gb-grid-column-6bbb16aa\"><div class=\"gb-container gb-container-6bbb16aa\">\n<div class=\"gb-container gb-container-aee4ea22\">\n\n<a class=\"gb-text gb-text-1945d4c4 timelinehover\">Validaci\u00f3n de clientes B2B en el mercado<\/a>\n\n<\/div>\n<\/div><\/div>\n<\/div>\n\n<div class=\"gb-grid-wrapper gb-grid-wrapper-87b9387c\">\n<div class=\"gb-grid-column gb-grid-column-f02dac0d\"><div class=\"gb-container gb-container-f02dac0d\">\n<div class=\"gb-container gb-container-990f6cf3\">\n<div class=\"gb-container gb-container-7a672be4\">\n\n<p class=\"has-credendo-black-color has-text-color has-link-color wp-elements-de47b7a9bbd801102d39d4fad8427c3d\" style=\"font-size:24px\"><strong>3<\/strong><\/p>\n\n<\/div>\n<\/div>\n<\/div><\/div>\n\n<div class=\"gb-grid-column gb-grid-column-ad6740c5\"><div class=\"gb-container gb-container-ad6740c5\">\n<div class=\"gb-container gb-container-9cc8e778\">\n\n<a class=\"gb-text gb-text-531703ef timelinehover\">Elaboraci\u00f3n de modelos de negocio y an\u00e1lisis de viabilidad<\/a>\n\n<\/div>\n<\/div><\/div>\n<\/div>\n\n<div class=\"gb-grid-wrapper gb-grid-wrapper-677fc91a\">\n<div class=\"gb-grid-column gb-grid-column-587a69e9\"><div class=\"gb-container gb-container-587a69e9\">\n<div class=\"gb-container gb-container-5f81a76e\">\n<div class=\"gb-container gb-container-ff66891f\">\n\n<p class=\"has-credendo-black-color has-text-color has-link-color wp-elements-4910803fa563ba90054aabf3bba5640f\" style=\"font-size:24px\"><strong>4<\/strong><\/p>\n\n<\/div>\n<\/div>\n<\/div><\/div>\n\n<div class=\"gb-grid-column gb-grid-column-4face1e6\"><div class=\"gb-container gb-container-4face1e6\">\n<div class=\"gb-container gb-container-4252482d\">\n\n<a class=\"gb-text gb-text-f4b09715 timelinehover\">Arquitectura del producto o de las funciones y flujo operativo<\/a>\n\n<\/div>\n<\/div><\/div>\n<\/div>\n\n<div class=\"gb-grid-wrapper gb-grid-wrapper-658931a3\">\n<div class=\"gb-grid-column gb-grid-column-c5587878\"><div class=\"gb-container gb-container-c5587878\">\n<div class=\"gb-container gb-container-81a76844\">\n<div class=\"gb-container gb-container-eabc5fd3\">\n\n<p class=\"has-credendo-black-color has-text-color has-link-color wp-elements-985849f3409c7272b5085d88c021d236\" style=\"font-size:24px\"><strong>5<\/strong><\/p>\n\n<\/div>\n<\/div>\n<\/div><\/div>\n\n<div class=\"gb-grid-column gb-grid-column-35423b19\"><div class=\"gb-container gb-container-35423b19\">\n<div class=\"gb-container gb-container-b6afe219\">\n\n<a class=\"gb-text gb-text-3b5a9cd9 timelinehover\">Pruebas y una mayor validaci\u00f3n por parte de los clientes<\/a>\n\n<\/div>\n<\/div><\/div>\n<\/div>\n\n<div class=\"gb-grid-wrapper gb-grid-wrapper-01e76fcf\">\n<div class=\"gb-grid-column gb-grid-column-a68727a3\"><div class=\"gb-container gb-container-a68727a3\">\n<div class=\"gb-container gb-container-26c4d5b2\"><\/div>\n<\/div><\/div>\n\n<div class=\"gb-grid-column gb-grid-column-fbcaf4c8\"><div class=\"gb-container gb-container-fbcaf4c8\">\n<div class=\"gb-container gb-container-ec446861\">\n<div class=\"gb-container gb-container-7ae5c424\"><\/div>\n<\/div>\n<\/div><\/div>\n<\/div>\n<\/div>\n<\/div>\n<\/div><\/div>\n<\/div>\n<\/div>\n<\/div><div class=\"gb-container gb-container-1f08a383\">\n<div class=\"gb-container gb-container-2d220ddf\">\n<div class=\"gb-container gb-container-687a13ae\">\n<div class=\"gb-container gb-container-d1b33ce0\">\n\n<h2 class=\"wp-block-heading has-text-align-left\">Cont\u00e1ctanos<\/h2>\n\n\n\n<div class=\"gb-element-33af3dc2\">\n<div class=\"gb-element-c4d6a499\">\n<div>\n<figure class=\"wp-block-image size-full\"><img loading=\"lazy\" decoding=\"async\" width=\"329\" height=\"278\" src=\"https:\/\/area42.tech\/wp-content\/uploads\/2025\/11\/Wouter_contact.png\" alt=\"\" class=\"wp-image-245\" srcset=\"https:\/\/area42.tech\/wp-content\/uploads\/2025\/11\/Wouter_contact.png 329w, https:\/\/area42.tech\/wp-content\/uploads\/2025\/11\/Wouter_contact-300x253.png 300w\" sizes=\"auto, (max-width: 329px) 100vw, 329px\" \/><\/figure>\n<\/div>\n\n\n\n<div>\n<h3 class=\"wp-block-heading\">\u00a1Hola, me llamo Afonso!<\/h3>\n\n\n\n<p>Me encantar\u00eda hablar sobre c\u00f3mo podemos ayudar a su empresa con nuestras soluciones de capital circulante. Espero poder conocerle y responder a todas sus preguntas sobre AREA42. <\/p>\n\n\n\n<div class=\"gb-element-31319d0d\">\n<a class=\"gb-text gb-text-caa082f8 primaryb\" href=\"https:\/\/area42.tech\/es\/contactanos\/\"><strong>Cont\u00e1ctanos<\/strong><\/a>\n\n\n\n<a class=\"gb-text gb-text-3e144258 primaryb\" href=\"https:\/\/area42.tech\/es\/habla-con-un-experto\/\"><strong>Habla con un experto<\/strong><\/a>\n<\/div>\n<\/div>\n<\/div>\n<\/div>\n\n<\/div>\n<\/div>\n<\/div>\n<\/div>","protected":false},"excerpt":{"rendered":"<p>Nuestra misi\u00f3n C\u00f3mo lo hacemos Habla con un experto \u00bfCu\u00e1l es el alcance de nuestro laboratorio de innovaci\u00f3n TradeTech? La orientaci\u00f3n al cliente como eje central Aprovechar la informaci\u00f3n de clientes conocidos y desconocidos para identificar problemas fundamentales y oportunidades de mejora en el comercio B2B. Validaci\u00f3n Lean Enfoque \u00e1gil para mejorar nuestros productos actuales &#8230; <a title=\"AREA42 | Laboratorio de innovaci\u00f3n\" class=\"read-more\" href=\"https:\/\/area42.tech\/es\/area42-laboratorio-de-innovacion\/\" aria-label=\"Read more about AREA42 | Laboratorio de innovaci\u00f3n\">Read more<\/a><\/p>\n","protected":false},"author":3,"featured_media":3722,"parent":0,"menu_order":0,"comment_status":"closed","ping_status":"closed","template":"","meta":{"content-type":"","footnotes":""},"class_list":["post-3743","page","type-page","status-publish","has-post-thumbnail"],"_links":{"self":[{"href":"https:\/\/area42.tech\/es\/wp-json\/wp\/v2\/pages\/3743","targetHints":{"allow":["GET"]}}],"collection":[{"href":"https:\/\/area42.tech\/es\/wp-json\/wp\/v2\/pages"}],"about":[{"href":"https:\/\/area42.tech\/es\/wp-json\/wp\/v2\/types\/page"}],"author":[{"embeddable":true,"href":"https:\/\/area42.tech\/es\/wp-json\/wp\/v2\/users\/3"}],"replies":[{"embeddable":true,"href":"https:\/\/area42.tech\/es\/wp-json\/wp\/v2\/comments?post=3743"}],"version-history":[{"count":2,"href":"https:\/\/area42.tech\/es\/wp-json\/wp\/v2\/pages\/3743\/revisions"}],"predecessor-version":[{"id":3746,"href":"https:\/\/area42.tech\/es\/wp-json\/wp\/v2\/pages\/3743\/revisions\/3746"}],"wp:featuredmedia":[{"embeddable":true,"href":"https:\/\/area42.tech\/es\/wp-json\/wp\/v2\/media\/3722"}],"wp:attachment":[{"href":"https:\/\/area42.tech\/es\/wp-json\/wp\/v2\/media?parent=3743"}],"curies":[{"name":"wp","href":"https:\/\/api.w.org\/{rel}","templated":true}]}}