{"id":3667,"date":"2025-11-28T13:10:33","date_gmt":"2025-11-28T13:10:33","guid":{"rendered":"https:\/\/area42.tech\/habla-con-un-experto\/"},"modified":"2026-04-13T08:50:36","modified_gmt":"2026-04-13T07:50:36","slug":"habla-con-un-experto","status":"publish","type":"page","link":"https:\/\/area42.tech\/es\/habla-con-un-experto\/","title":{"rendered":"Habla con un experto"},"content":{"rendered":"<div class=\"gb-container gb-container-f2c5f36c\">\n<div class=\"gb-grid-wrapper gb-grid-wrapper-cfbb0016 book-meeting-grid\">\n<div class=\"gb-grid-column gb-grid-column-4c6e73aa\"><div class=\"gb-container gb-container-4c6e73aa book-meeting-section\">\n<div class=\"gb-container gb-container-4475b617\">\n\n<h1 class=\"wp-block-heading eyebrow\">HABLA CON UN EXPERTO DE AREA42<\/h1>\n\n<\/div>\n\n\n<h2 class=\"wp-block-heading has-area-42-eggplant-color has-text-color\"><strong>Reserva una reuni\u00f3n hoy mismo<\/strong><\/h2>\n\n\n\n<p class=\"has-area-42-eggplant-color has-text-color\">\u00a1Mejora tu flujo de caja y refuerza tu capital circulante lo antes posible!<\/p>\n\n<\/div><\/div>\n\n<div class=\"gb-grid-column gb-grid-column-cf078157\"><div class=\"gb-container gb-container-cf078157 book-meeting-card\">\n\n<div class=\"gb-element-4e421e86\">\n<!-- Start of Meetings Embed Script -->\n<div class=\"meetings-iframe-container\" data-src=\"https:\/\/meetings-eu1.hubspot.com\/versonnen\/terms-talk-to-an-expert-website?embed=true\"><\/div>\n<script type=\"text\/javascript\" src=\"https:\/\/static.hsappstatic.net\/MeetingsEmbed\/ex\/MeetingsEmbedCode.js\"><\/script>\n<!-- End of Meetings Embed Script -->\n<\/div>\n\n<\/div><\/div>\n<\/div>\n<\/div><div class=\"gb-container gb-container-63788205\">\n<div class=\"gb-container gb-container-f2fc40b7\">\n<div class=\"gb-grid-wrapper gb-grid-wrapper-21feb1e6\">\n<div class=\"gb-grid-column gb-grid-column-99984dc6\"><div class=\"gb-container gb-container-99984dc6\">\n<div class=\"gb-container gb-container-3ce2c69e\">\n\n<img loading=\"lazy\" decoding=\"async\" width=\"329\" height=\"278\" class=\"gb-media-c77c9498\" alt=\"\" src=\"https:\/\/area42.tech\/wp-content\/uploads\/2025\/11\/Wouter_contact.png\" title=\"Afonso_contact\" srcset=\"https:\/\/area42.tech\/wp-content\/uploads\/2025\/11\/Wouter_contact.png 329w, https:\/\/area42.tech\/wp-content\/uploads\/2025\/11\/Wouter_contact-300x253.png 300w\" sizes=\"auto, (max-width: 329px) 100vw, 329px\" \/>\n\n\n\n<h3 class=\"wp-block-heading eyebrown has-area-42-eggplant-color has-text-color\" style=\"font-size:20px\"><strong><strong>HOLA<\/strong><\/strong>, \u00a1ME LLAMO <strong><strong>AFONSO!<\/strong><\/strong><\/h3>\n\n<\/div>\n\n\n<p class=\"has-area-42-eggplant-color has-text-color\">Me encantar\u00eda conversar sobre c\u00f3mo podemos ayudar a tu empresa con nuestras soluciones de plazos de pago B2B.<\/p>\n\n\n\n<p class=\"has-area-42-eggplant-color has-text-color\">En nuestra primera llamada veremos: <\/p>\n\n\n\n<ul class=\"wp-block-list\">\n<li>tu flujo de pagos e identificar puntos dolorosos y posibles soluciones. <\/li>\n\n\n\n<li>how AREA42 working capital solutions can optimise your payment flow, strengthen your and your customers\u2019 cash positions, help you grow, and mitigate collection risk.<\/li>\n\n\n\n<li>tus preguntas espec\u00edficas.<\/li>\n<\/ul>\n\n<\/div><\/div>\n\n<div class=\"gb-grid-column gb-grid-column-cf427c3b\"><div class=\"gb-container gb-container-cf427c3b hide-on-mobile \"><\/div><\/div>\n<\/div>\n<\/div>\n<\/div><div class=\"gb-container gb-container-2c5eaa38\">\n<div class=\"gb-container gb-container-349ed718\">\n<div class=\"gb-container gb-container-2ae12ba0\">\n<div class=\"gb-container gb-container-b324656b\">\n\n<h3 class=\"gb-headline gb-headline-859c55cc gb-headline-text\">AREA42<strong>&nbsp;es un socio de confianza para los jugadores ambiciosos:<\/strong><\/h3>\n\n<\/div>\n\n\n<div class=\"logo-carousel\" aria-label=\"Partner logos carousel\" role=\"region\">\n  <div class=\"logo-wrapper\">\n    <div class=\"logo-track\">\n      <!-- Set A -->\n      <img decoding=\"async\" src=\"https:\/\/area42.tech\/wp-content\/uploads\/2025\/11\/A42credendo.svg\" alt=\"Logotipo de Credendo\" loading=\"eager\"\/>\n      <img decoding=\"async\" src=\"https:\/\/area42.tech\/wp-content\/uploads\/2025\/11\/A42GreenGO.svg\" alt=\"Logotipo de Green-Go\" loading=\"eager\"\/>\n      <img decoding=\"async\" src=\"https:\/\/area42.tech\/wp-content\/uploads\/2025\/11\/A42Portomundi.svg\" alt=\"Logotipo de Portimundi\" loading=\"eager\"\/>\n      <img decoding=\"async\" src=\"https:\/\/area42.tech\/wp-content\/uploads\/2025\/11\/A42Digiteal.svg\" alt=\"Logotipo de Digiteal\" loading=\"eager\"\/>\n      <img decoding=\"async\" src=\"https:\/\/area42.tech\/wp-content\/uploads\/2026\/01\/A42Humanoid.svg\" alt=\"Logotipo de Humanoid\" loading=\"eager\"\/>\n      <img decoding=\"async\" src=\"https:\/\/area42.tech\/wp-content\/uploads\/2026\/01\/A42DCAdistribution.svg\" alt=\"Logotipo de DCA Distribution\" loading=\"eager\"\/>\n      <img decoding=\"async\" src=\"https:\/\/area42.tech\/wp-content\/uploads\/2026\/02\/A42Booster4Business.svg\" alt=\"Logotipo de Booster4Business\" loading=\"eager\"\/>\n      <img decoding=\"async\" src=\"https:\/\/area42.tech\/wp-content\/uploads\/2026\/02\/A42Fresh.svg\" alt=\"Logotipo de Fresh\" loading=\"eager\"\/>\n\n      <!-- Set B (duplicate, same order) -->\n      <img decoding=\"async\" src=\"https:\/\/area42.tech\/wp-content\/uploads\/2025\/11\/A42credendo.svg\" alt=\"\" aria-hidden=\"true\" loading=\"lazy\"\/>\n      <img decoding=\"async\" src=\"https:\/\/area42.tech\/wp-content\/uploads\/2025\/11\/A42GreenGO.svg\" alt=\"\" aria-hidden=\"true\" loading=\"lazy\"\/>\n      <img decoding=\"async\" src=\"https:\/\/area42.tech\/wp-content\/uploads\/2025\/11\/A42Portomundi.svg\" alt=\"\" aria-hidden=\"true\" loading=\"lazy\"\/>\n      <img decoding=\"async\" src=\"https:\/\/area42.tech\/wp-content\/uploads\/2025\/11\/A42Digiteal.svg\" alt=\"\" aria-hidden=\"true\" loading=\"lazy\"\/>\n      <img decoding=\"async\" src=\"https:\/\/area42.tech\/wp-content\/uploads\/2026\/01\/A42Humanoid.svg\" alt=\"\" aria-hidden=\"true\" loading=\"lazy\"\/>\n      <img decoding=\"async\" src=\"https:\/\/area42.tech\/wp-content\/uploads\/2026\/01\/A42DCAdistribution.svg\" alt=\"\" aria-hidden=\"true\" loading=\"lazy\"\/>\n      <img decoding=\"async\" src=\"https:\/\/area42.tech\/wp-content\/uploads\/2026\/02\/A42Booster4Business.svg\" alt=\"\" aria-hidden=\"true\" loading=\"lazy\"\/>\n      <img decoding=\"async\" src=\"https:\/\/area42.tech\/wp-content\/uploads\/2026\/02\/A42Fresh.svg\" alt=\"\" aria-hidden=\"true\" loading=\"lazy\"\/>\n    <\/div>\n  <\/div>\n<\/div>\n\n<style>\n.logo-carousel{\n  width:100%;\n  overflow:hidden;\n  background:#fff;\n  padding:20px 0;\n  position:relative;\n}\n.logo-wrapper{\n  display:flex;\n  align-items:center;\n  overflow:hidden;\n  position:relative;\n}\n.logo-track{\n  --logo-w:180px;\n  --logo-h:44px;\n  --gap:40px;\n\n  \/* n\u00ba de logos en UN set (A) *\/\n  --n: 8;\n\n  --step: calc(var(--logo-w) + var(--gap));\n  display:flex;\n  align-items:center;\n  gap:var(--gap);\n  will-change:transform;\n\n  \/* velocidad *\/\n  animation: logo-snap 40s linear infinite;\n}\n.logo-track img{\n  width:var(--logo-w);\n  height:var(--logo-h);\n  object-fit:contain;\n  flex:0 0 auto;\n}\n\n\/* 8 pasos (1 por logo), con pausa en cada uno *\/\n@keyframes logo-snap{\n  0%    { transform: translateX(0); }\n\n  3%    { transform: translateX(calc(-1 * var(--step) * 1)); }\n  12.5% { transform: translateX(calc(-1 * var(--step) * 1)); }\n\n  15.5% { transform: translateX(calc(-1 * var(--step) * 2)); }\n  25%   { transform: translateX(calc(-1 * var(--step) * 2)); }\n\n  28%   { transform: translateX(calc(-1 * var(--step) * 3)); }\n  37.5% { transform: translateX(calc(-1 * var(--step) * 3)); }\n\n  40.5% { transform: translateX(calc(-1 * var(--step) * 4)); }\n  50%   { transform: translateX(calc(-1 * var(--step) * 4)); }\n\n  53%   { transform: translateX(calc(-1 * var(--step) * 5)); }\n  62.5% { transform: translateX(calc(-1 * var(--step) * 5)); }\n\n  65.5% { transform: translateX(calc(-1 * var(--step) * 6)); }\n  75%   { transform: translateX(calc(-1 * var(--step) * 6)); }\n\n  78%   { transform: translateX(calc(-1 * var(--step) * 7)); }\n  87.5% { transform: translateX(calc(-1 * var(--step) * 7)); }\n\n  90.5% { transform: translateX(calc(-1 * var(--step) * 8)); }\n  100%  { transform: translateX(calc(-1 * var(--step) * 8)); }\n}\n\n@media (prefers-reduced-motion: reduce){\n  .logo-track{ animation:none; }\n}\n<\/style>\n\n<\/div>\n<\/div>\n\n<div class=\"gb-container gb-container-f7f5d5da\">\n<div class=\"gb-container gb-container-652f6d17\">\n<div class=\"gb-container gb-container-57aad49e\">\n<div class=\"gb-container gb-container-b4ceb9aa\">\n\n<h2 class=\"wp-block-heading has-text-align-left\">Por qu\u00e9 a los clientes les encantan las soluciones de AREA42<\/h2>\n\n<\/div>\n<\/div>\n\n\n<div class=\"gb-element-32c61c01\">\n<div class=\"gb-element-817b8514\">\n<div class=\"gb-element-d3a1cb8a\">\n<figure class=\"wp-block-image size-full\"><img loading=\"lazy\" decoding=\"async\" width=\"373\" height=\"268\" src=\"https:\/\/area42.tech\/wp-content\/uploads\/2025\/11\/Koen-Vanhentenrijk.png\" alt=\"\" class=\"wp-image-327\" srcset=\"https:\/\/area42.tech\/wp-content\/uploads\/2025\/11\/Koen-Vanhentenrijk.png 373w, https:\/\/area42.tech\/wp-content\/uploads\/2025\/11\/Koen-Vanhentenrijk-300x216.png 300w\" sizes=\"auto, (max-width: 373px) 100vw, 373px\" \/><\/figure>\n\n\n\n<p class=\"has-credendo-black-color has-text-color has-link-color wp-elements-633c790a20e02ed54b3dbd00f34f203e\">TermsTech permite a Portomundi ofrecer a nuestros usuarios una forma de a\u00f1adir cr\u00e9dito m\u00e1s interesante y flexible. Ellos aportan los fondos, dan m\u00e1s tiempo para pagar, y han elevado el nivel de soporte y \u00e9xito para los usuarios. \u00a1La colaboraci\u00f3n con TermsTech ha mejorado claramente la eficiencia administrativa de nuestra comunidad de usuarios!  <\/p>\n\n\n\n<div class=\"buttoncards\">\n<div class=\"gb-element-7b667330 textcenter-aligned\">\n<h4 class=\"wp-block-heading\">Koen Vanhentenrijk<\/h4>\n\n\n\n<figure class=\"wp-block-image size-full\"><img decoding=\"async\" src=\"https:\/\/area42.tech\/wp-content\/uploads\/2025\/11\/A42Portomundi.svg\" alt=\"\" class=\"wp-image-291\"\/><\/figure>\n<\/div>\n\n\n\n<p class=\"has-credendo-orange-color has-text-color has-link-color wp-elements-6a309f4222542ff097b856a8a291bacb\">Desarrollo empresarial en Portomundi <\/p>\n<\/div>\n<\/div>\n\n\n\n<div class=\"gb-element-a80fd416\">\n<figure class=\"wp-block-image size-full\"><img loading=\"lazy\" decoding=\"async\" width=\"373\" height=\"268\" src=\"https:\/\/area42.tech\/wp-content\/uploads\/2025\/11\/Donato-di-znzo.png\" alt=\"\" class=\"wp-image-326\" srcset=\"https:\/\/area42.tech\/wp-content\/uploads\/2025\/11\/Donato-di-znzo.png 373w, https:\/\/area42.tech\/wp-content\/uploads\/2025\/11\/Donato-di-znzo-300x216.png 300w\" sizes=\"auto, (max-width: 373px) 100vw, 373px\" \/><\/figure>\n\n\n\n<p class=\"has-credendo-black-color has-text-color has-link-color wp-elements-22d15aec51edae139c8b5ceb2fdfae1c\">TermsTech nos permite ofrecer condiciones de pago flexibles a nuestros clientes al tiempo que atraemos nuevos. Su s\u00f3lida gesti\u00f3n del riesgo y eficaz proceso de toma de decisiones se traducen en tasas de aprobaci\u00f3n muy altas, lo que garantiza un aumento significativo en las ventas.<\/p>\n\n\n\n<div class=\"buttoncards\">\n<div class=\"gb-element-f2c886b5 textcenter-aligned\">\n<h4 class=\"wp-block-heading\">Donato Di Zenzo<\/h4>\n\n\n\n<figure class=\"wp-block-image size-full\"><img decoding=\"async\" src=\"https:\/\/area42.tech\/wp-content\/uploads\/2025\/11\/A42GreenGO.svg\" alt=\"\" class=\"wp-image-290\"\/><\/figure>\n<\/div>\n\n\n\n<p class=\"has-credendo-orange-color has-text-color has-link-color wp-elements-c079d612ce50ce4d815b4b862cdc8e7d\">Fundador de Green-Go<\/p>\n<\/div>\n<\/div>\n<\/div>\n<\/div>\n\n<\/div>\n<\/div>\n<\/div>","protected":false},"excerpt":{"rendered":"<p>AREA42&nbsp;es un socio de confianza para los jugadores ambiciosos: Por qu\u00e9 a los clientes les encantan las soluciones de AREA42 TermsTech permite a Portomundi ofrecer a nuestros usuarios una forma de a\u00f1adir cr\u00e9dito m\u00e1s interesante y flexible. Ellos aportan los fondos, dan m\u00e1s tiempo para pagar, y han elevado el nivel de soporte y \u00e9xito &#8230; <a title=\"Habla con un experto\" class=\"read-more\" href=\"https:\/\/area42.tech\/es\/habla-con-un-experto\/\" aria-label=\"Read more about Habla con un experto\">Read more<\/a><\/p>\n","protected":false},"author":3,"featured_media":3666,"parent":0,"menu_order":0,"comment_status":"closed","ping_status":"closed","template":"","meta":{"content-type":"","footnotes":""},"class_list":["post-3667","page","type-page","status-publish","has-post-thumbnail"],"_links":{"self":[{"href":"https:\/\/area42.tech\/es\/wp-json\/wp\/v2\/pages\/3667","targetHints":{"allow":["GET"]}}],"collection":[{"href":"https:\/\/area42.tech\/es\/wp-json\/wp\/v2\/pages"}],"about":[{"href":"https:\/\/area42.tech\/es\/wp-json\/wp\/v2\/types\/page"}],"author":[{"embeddable":true,"href":"https:\/\/area42.tech\/es\/wp-json\/wp\/v2\/users\/3"}],"replies":[{"embeddable":true,"href":"https:\/\/area42.tech\/es\/wp-json\/wp\/v2\/comments?post=3667"}],"version-history":[{"count":2,"href":"https:\/\/area42.tech\/es\/wp-json\/wp\/v2\/pages\/3667\/revisions"}],"predecessor-version":[{"id":3669,"href":"https:\/\/area42.tech\/es\/wp-json\/wp\/v2\/pages\/3667\/revisions\/3669"}],"wp:featuredmedia":[{"embeddable":true,"href":"https:\/\/area42.tech\/es\/wp-json\/wp\/v2\/media\/3666"}],"wp:attachment":[{"href":"https:\/\/area42.tech\/es\/wp-json\/wp\/v2\/media?parent=3667"}],"curies":[{"name":"wp","href":"https:\/\/api.w.org\/{rel}","templated":true}]}}